{"id":22877,"date":"2020-12-14T15:40:47","date_gmt":"2020-12-14T14:40:47","guid":{"rendered":"https:\/\/www.interbusinesschamber.com\/produit\/bioderma-node-a-shampooing-200ml-apaisant\/"},"modified":"2020-12-31T10:39:11","modified_gmt":"2020-12-31T09:39:11","slug":"bioderma-node-a-shampooing-200ml-apaisant","status":"publish","type":"product","link":"https:\/\/www.sopha-sahara.com\/en\/product\/bioderma-node-a-shampooing-200ml-apaisant\/","title":{"rendered":"BIODERMA NODE A SHAMPOOING 200ML APAISANT"},"content":{"rendered":"<p><strong>Conseils d'utilisation<\/strong><\/p>\n<p>\u2022\u00a0Faites mousser\u00a0Nod\u00e9\u00a0A Shampooing\u00a0en massant d\u00e9licatement le cuir chevelu. Rincez et renouvelez l\u2019op\u00e9ration.<\/p>\n<p>\u2022\u00a0Laissez agir 1 minute puis rincez abondamment.<\/p>\n<p>\u2022\u00a0Pour un r\u00e9sultat optimal, nous vous conseillons d\u2019utiliser ensuite\u00a0Nod\u00e9\u00a0A Masque\u00a0concentr\u00e9 apaisant.<\/p>","protected":false},"excerpt":{"rendered":"<p>Le shampooing apaisant des cuirs chevelus sensibles et irrit\u00e9s.<\/p>\n<p>\u2022\u00a0Nod\u00e9\u00a0A Shampooing\u00a0apaisant, calme les irritations et les d\u00e9mangeaisons du cuir chevelu sensible et irrit\u00e9 tout en respectant son \u00e9quilibre naturel. Par ses propri\u00e9t\u00e9s apaisantes, l\u2019actif dermatologique DPanth\u00e9nol apporte un soulagement imm\u00e9diat.<\/p>\n<p>\u2022\u00a0Nod\u00e9\u00a0A Shampooing\u00a0nettoie tout en douceur les cheveux et le cuir chevelu gr\u00e2ce \u00e0 sa base lavante\u00a0Nond\u00e9tergente.<\/p>\n<p>\u2022\u00a0Les actifs hydratants de\u00a0Nod\u00e9\u00a0A Shampooing\u00a0restructurent et prot\u00e8gent la fibre capillaire.<\/p>\n<p>\u2022\u00a0Formul\u00e9 \u00e0 partir d\u2019agents antistatiques,\u00a0Nod\u00e9\u00a0A Shampooing\u00a0apporte douceur et brillance tout en facilitant le d\u00e9m\u00ealage.<\/p>","protected":false},"featured_media":22956,"template":"","meta":{"arc_restricted_post":false},"product_cat":[330,48],"product_tag":[],"_links":{"self":[{"href":"https:\/\/www.sopha-sahara.com\/en\/wp-json\/wp\/v2\/product\/22877"}],"collection":[{"href":"https:\/\/www.sopha-sahara.com\/en\/wp-json\/wp\/v2\/product"}],"about":[{"href":"https:\/\/www.sopha-sahara.com\/en\/wp-json\/wp\/v2\/types\/product"}],"wp:featuredmedia":[{"embeddable":true,"href":"https:\/\/www.sopha-sahara.com\/en\/wp-json\/wp\/v2\/media\/22956"}],"wp:attachment":[{"href":"https:\/\/www.sopha-sahara.com\/en\/wp-json\/wp\/v2\/media?parent=22877"}],"wp:term":[{"taxonomy":"product_cat","embeddable":true,"href":"https:\/\/www.sopha-sahara.com\/en\/wp-json\/wp\/v2\/product_cat?post=22877"},{"taxonomy":"product_tag","embeddable":true,"href":"https:\/\/www.sopha-sahara.com\/en\/wp-json\/wp\/v2\/product_tag?post=22877"}],"curies":[{"name":"wp","href":"https:\/\/api.w.org\/{rel}","templated":true}]}}