{"id":22875,"date":"2020-12-14T15:40:46","date_gmt":"2020-12-14T14:40:46","guid":{"rendered":"https:\/\/www.interbusinesschamber.com\/produit\/bioderma-atoderm-creme-200ml-creme-nourrissante-peaux-sensibles\/"},"modified":"2020-12-29T14:50:54","modified_gmt":"2020-12-29T13:50:54","slug":"bioderma-atoderm-creme-200ml-creme-nourrissante-peaux-sensibles","status":"publish","type":"product","link":"https:\/\/www.sopha-sahara.com\/en\/product\/bioderma-atoderm-creme-200ml-creme-nourrissante-peaux-sensibles\/","title":{"rendered":"BIODERMA ATODERM CREME 200ML CR\u00c8ME NOURRISSANTE PEAUX SENSIBLES"},"content":{"rendered":"<p><strong>Conseils d'utilisation<\/strong><\/p>\n<p>\u2022\u00a0Appliquez\u00a0Atoderm\u00a0Cr\u00e8me\u00a01 \u00e0 2 fois par jour sur une peau pr\u00e9alablement nettoy\u00e9e avec Atoderm Gel douche ou Atoderm Cr\u00e8me lavante et d\u00e9licatement s\u00e9ch\u00e9e.<\/p>\n<p>\u2022\u00a0L\u2019effet hydratant d\u2019Atoderm\u00a0Cr\u00e8me\u00a0est optimis\u00e9 si vous l\u2019appliquez sur une peau l\u00e9g\u00e8rement humidifi\u00e9e (apr\u00e8s un bain, une douche ou une brumisation).<\/p>\n<p>Caract\u00e9ristiques<\/p>\n<p>Formule sans parfum<br \/>Visage et corps.<br \/>Adultes, enfants, nourrissons.<\/p>\n<p>&nbsp;<\/p>","protected":false},"excerpt":{"rendered":"<p>Le soin barri\u00e8re quotidien nourrissant restructurant et hydratant des peaux sensibles s\u00e8ches \u00e0 tr\u00e8s s\u00e8ches.<\/p>\n<p>\u2022\u00a0Gr\u00e2ce \u00e0 ses actifs nourrissants et restructurants,\u00a0Atoderm\u00a0Cr\u00e8me\u00a0renforce la structure de la barri\u00e8re cutan\u00e9e et freine ainsi la p\u00e9n\u00e9tration d\u2019agents irritants.<\/p>\n<p>\u2022Enrichi en agents hydratants,\u00a0Atoderm\u00a0Cr\u00e8me\u00a0fixe l\u2019eau dans les couches sup\u00e9rieures de l\u2019\u00e9piderme et \u00e9vite son \u00e9vaporation. Le complexe naturel brevet\u00e9\u00a0D.A.F.* augmente le seuil de tol\u00e9rance de la peau. Bien hydrat\u00e9e et plus r\u00e9sistante, la peau retrouve douceur et souplesse d\u00e8s la premi\u00e8re application.<\/p>\n<p>\u2022\u00a0La texture onctueuse d\u2019Atoderm\u00a0Cr\u00e8me\u00a0apporte un confort imm\u00e9diat.\u00a0<\/p>\n<p>\u2022\u00a0Atoderm\u00a0Cr\u00e8me\u00a0garantit une excellente tol\u00e9rance.<\/p>\n<p><strong>(*)\u00a0D.A.F. : Dermatological Advanced Formulation.<\/strong><\/p>","protected":false},"featured_media":22927,"template":"","meta":{"arc_restricted_post":false},"product_cat":[330,48],"product_tag":[],"_links":{"self":[{"href":"https:\/\/www.sopha-sahara.com\/en\/wp-json\/wp\/v2\/product\/22875"}],"collection":[{"href":"https:\/\/www.sopha-sahara.com\/en\/wp-json\/wp\/v2\/product"}],"about":[{"href":"https:\/\/www.sopha-sahara.com\/en\/wp-json\/wp\/v2\/types\/product"}],"wp:featuredmedia":[{"embeddable":true,"href":"https:\/\/www.sopha-sahara.com\/en\/wp-json\/wp\/v2\/media\/22927"}],"wp:attachment":[{"href":"https:\/\/www.sopha-sahara.com\/en\/wp-json\/wp\/v2\/media?parent=22875"}],"wp:term":[{"taxonomy":"product_cat","embeddable":true,"href":"https:\/\/www.sopha-sahara.com\/en\/wp-json\/wp\/v2\/product_cat?post=22875"},{"taxonomy":"product_tag","embeddable":true,"href":"https:\/\/www.sopha-sahara.com\/en\/wp-json\/wp\/v2\/product_tag?post=22875"}],"curies":[{"name":"wp","href":"https:\/\/api.w.org\/{rel}","templated":true}]}}