{"id":22874,"date":"2020-12-14T15:40:46","date_gmt":"2020-12-14T14:40:46","guid":{"rendered":"https:\/\/www.interbusinesschamber.com\/produit\/bioderma-sebium-gel-gommant-purifiant-100ml-desincruste-et-nettoie\/"},"modified":"2020-12-31T10:52:15","modified_gmt":"2020-12-31T09:52:15","slug":"bioderma-sebium-gel-gommant-purifiant-100ml-desincruste-et-nettoie","status":"publish","type":"product","link":"https:\/\/www.sopha-sahara.com\/en\/product\/bioderma-sebium-gel-gommant-purifiant-100ml-desincruste-et-nettoie\/","title":{"rendered":"BIODERMA SEBIUM GEL GOMMANT PURIFIANT 100ML D\u00c9SINCRUSTE ET NETTOIE"},"content":{"rendered":"<p><strong>Conseils d'utilisation<\/strong><\/p>\n<p>\u2022\u00a0Appliquez\u00a0S\u00e9bium\u00a0Gel Gommant\u00a0sur le visage l\u00e9g\u00e8rement humidifi\u00e9, en \u00e9vitant le contour des yeux.<\/p>\n<p>Massez 1 \u00e0 2 minutes par mouvements circulaires.<\/p>\n<p>Rincez abondamment et s\u00e9chez d\u00e9licatement.<\/p>\n<p>\u2022\u00a0S\u00e9bium\u00a0Gel Gommant\u00a0s'utilise 1 \u00e0 2 fois par semaine en alternance avec\u00a0S\u00e9bium\u00a0Gel moussant\u00a0ouS\u00e9bium\u00a0H2O.<\/p>","protected":false},"excerpt":{"rendered":"<p>Le nettoyant gommant, purifiant, lissant et d\u00e9sincrustant des peaux mixtes et des peaux grasses.<\/p>\n<p>\u2022\u00a0S\u00e9bium\u00a0Gel Gommant\u00a0est formul\u00e9 \u00e0 partir d\u2019agents nettoyants reconnus pour leur efficacit\u00e9 et leur douceur.<\/p>\n<p>\u2022\u00a0Les micro-billes, renforc\u00e9es par de puissants actifs k\u00e9rator\u00e9gulateurs, agissent m\u00e9caniquement sur les boutons et les points noirs. Elles acc\u00e9l\u00e8rent l\u2019\u00e9limination des impuret\u00e9s et favorisent ainsi le renouvellement cellulaire.<\/p>\n<p>\u2022\u00a0Le complexe brevet\u00e9\u00a0Fluidactiv\u00ae\u00a0normalise la qualit\u00e9 du s\u00e9bum. Le grain de la peau s\u2019affine, les pores se resserrent, le teint s\u2019illumine.<\/p>\n<p>\u2022\u00a0S\u00e9bium\u00a0Gel Gommant\u00a0respecte l\u2019\u00e9quilibre cutan\u00e9 et pr\u00e9pare la peau \u00e0 l\u2019application d\u2019une cr\u00e8me de soin.<\/p>\n<p>\u2022\u00a0S\u00e9bium\u00a0Gel Gommant\u00a0est non com\u00e9dog\u00e8ne.<\/p>","protected":false},"featured_media":22986,"template":"","meta":{"arc_restricted_post":false},"product_cat":[330,48],"product_tag":[],"_links":{"self":[{"href":"https:\/\/www.sopha-sahara.com\/en\/wp-json\/wp\/v2\/product\/22874"}],"collection":[{"href":"https:\/\/www.sopha-sahara.com\/en\/wp-json\/wp\/v2\/product"}],"about":[{"href":"https:\/\/www.sopha-sahara.com\/en\/wp-json\/wp\/v2\/types\/product"}],"wp:featuredmedia":[{"embeddable":true,"href":"https:\/\/www.sopha-sahara.com\/en\/wp-json\/wp\/v2\/media\/22986"}],"wp:attachment":[{"href":"https:\/\/www.sopha-sahara.com\/en\/wp-json\/wp\/v2\/media?parent=22874"}],"wp:term":[{"taxonomy":"product_cat","embeddable":true,"href":"https:\/\/www.sopha-sahara.com\/en\/wp-json\/wp\/v2\/product_cat?post=22874"},{"taxonomy":"product_tag","embeddable":true,"href":"https:\/\/www.sopha-sahara.com\/en\/wp-json\/wp\/v2\/product_tag?post=22874"}],"curies":[{"name":"wp","href":"https:\/\/api.w.org\/{rel}","templated":true}]}}