{"id":22873,"date":"2020-12-14T15:40:46","date_gmt":"2020-12-14T14:40:46","guid":{"rendered":"https:\/\/www.interbusinesschamber.com\/produit\/bioderma-atoderm-stick-levres-4g-apaise-et-repare\/"},"modified":"2020-12-29T15:26:29","modified_gmt":"2020-12-29T14:26:29","slug":"bioderma-atoderm-stick-levres-4g-apaise-et-repare","status":"publish","type":"product","link":"https:\/\/www.sopha-sahara.com\/en\/product\/bioderma-atoderm-stick-levres-4g-apaise-et-repare\/","title":{"rendered":"BIODERMA ATODERM STICK LEVRES 4G APAISE ET R\u00c9PARE"},"content":{"rendered":"<p><strong>Conseils d'utilisation<\/strong><\/p>\n<div class=\"product-page-content\">\n<p class=\"bodytext\">\u2022\u00a0Appliquez\u00a0Atoderm\u00a0L\u00e8vres\u00a0directement sur les l\u00e8vres aussi souvent que n\u00e9cessaire.<\/p>\n<\/div>","protected":false},"excerpt":{"rendered":"<h4>Le stick hydratant et apaisant des l\u00e8vres ab\u00eem\u00e9es, dess\u00e9ch\u00e9es et sensibles.<\/h4>\n<p>\u2022\u00a0Les actifs d&rsquo;Atoderm\u00a0L\u00e8vres\u00a0laissent les l\u00e8vres souples et douces.<\/p>\n<p>\u2022\u00a0Son go\u00fbt framboise provenant d\u2019un parfum alimentaire sans allerg\u00e8ne garantit \u00e0\u00a0Atoderm\u00a0L\u00e8vres\u00a0une tol\u00e9rance optimale.<\/p>\n<p>\u2022\u00a0La texture blanche, douce et fondante d&rsquo;Atoderm\u00a0L\u00e8vresest particuli\u00e8rement adapt\u00e9e aux peaux sensibles.<\/p>","protected":false},"featured_media":22941,"template":"","meta":{"arc_restricted_post":false},"product_cat":[330,48],"product_tag":[],"_links":{"self":[{"href":"https:\/\/www.sopha-sahara.com\/en\/wp-json\/wp\/v2\/product\/22873"}],"collection":[{"href":"https:\/\/www.sopha-sahara.com\/en\/wp-json\/wp\/v2\/product"}],"about":[{"href":"https:\/\/www.sopha-sahara.com\/en\/wp-json\/wp\/v2\/types\/product"}],"wp:featuredmedia":[{"embeddable":true,"href":"https:\/\/www.sopha-sahara.com\/en\/wp-json\/wp\/v2\/media\/22941"}],"wp:attachment":[{"href":"https:\/\/www.sopha-sahara.com\/en\/wp-json\/wp\/v2\/media?parent=22873"}],"wp:term":[{"taxonomy":"product_cat","embeddable":true,"href":"https:\/\/www.sopha-sahara.com\/en\/wp-json\/wp\/v2\/product_cat?post=22873"},{"taxonomy":"product_tag","embeddable":true,"href":"https:\/\/www.sopha-sahara.com\/en\/wp-json\/wp\/v2\/product_tag?post=22873"}],"curies":[{"name":"wp","href":"https:\/\/api.w.org\/{rel}","templated":true}]}}