{"id":22872,"date":"2020-12-14T15:40:46","date_gmt":"2020-12-14T14:40:46","guid":{"rendered":"https:\/\/www.interbusinesschamber.com\/produit\/bioderma-atoderm-baume-levres-15ml-nourrit-et-apaise-les-levres-gercees\/"},"modified":"2020-12-29T14:46:51","modified_gmt":"2020-12-29T13:46:51","slug":"bioderma-atoderm-baume-levres-15ml-nourrit-et-apaise-les-levres-gercees","status":"publish","type":"product","link":"https:\/\/www.sopha-sahara.com\/en\/product\/bioderma-atoderm-baume-levres-15ml-nourrit-et-apaise-les-levres-gercees\/","title":{"rendered":"BIODERMA ATODERM BAUME LEVRES 15ML NOURRIT ET APAISE LES L\u00c8VRES GERC\u00c9ES"},"content":{"rendered":"<p class=\"bodytext\"><strong>Caract\u00e9ristiques<\/strong><\/p>\n<p class=\"bodytext\">Formule sans parfum.<br \/>Hypoallerg\u00e9nique.<\/p>\n<p class=\"bodytext\"><strong>Ingr\u00e9dients<\/strong><\/p>\n<p class=\"bodytext\">PARAFFINUM LIQUIDUM\/MINERAL OIL\/HUILE MINERALE, PARAFFIN, CERA MICROCRISTALLINA\/MICROCRYSTALLINE WAX\/CIRE MICROCRISTALLINE, CYCLOMETHICONE, CAPRYLIC\/CAPRIC TRIGLYCERIDE, HYDROGENATED POLYISOBUTENE, BUTYROSPERMUM PARKII (SHEA BUTTER), OZOKERITE, PERSEA GRATISSIMA (AVOCADO) OIL UNSAPONIFIABLES, CYCLOPENTASILOXANE, LAMINARIA OCHROLEUCA EXTRACT, ETHYLENE\/PROPYLENE\/STYRENE COPOLYMER, STEARALKONIUM HECTORITE, BUTYLENE\/ETHYLENE\/STYRENE COPOLYMER, PROPYLENE CARBONATE, BHT<\/p>\n<p><strong>Conseils d'utilisation<\/strong><\/p>\n<p>Appliquez\u00a0Atoderm\u00a0Baume l\u00e8vres\u00a0directement sur les l\u00e8vres aussi souvent que n\u00e9cessaire<\/p>","protected":false},"excerpt":{"rendered":"<p>Le soin quotidien r\u00e9parateur, nourrissant et apaisant des l\u00e8vres gerc\u00e9es, dess\u00e9ch\u00e9es et ab\u00eem\u00e9es.<\/p>\n<p class=\"bodytext\">\u2022\u00a0V\u00e9ritable soin r\u00e9parateur,\u00a0Atoderm\u00a0Baume l\u00e8vres\u00a0reconstitue la muqueuse labiale gerc\u00e9e et dess\u00e9ch\u00e9e.<\/p>\n<p>\u2022\u00a0Les actifs hydratants et nourrissants d\u2019Atoderm\u00a0Baume l\u00e8vres\u00a0r\u00e9parent et apaisent instantan\u00e9ment les l\u00e8vres ab\u00eem\u00e9es.<\/p>\n<p>\u2022\u00a0Le complexe naturel brevet\u00e9\u00a0D.A.F.* augmente le seuil de tol\u00e9rance de la peau.<\/p>\n<p>\u2022\u00a0Sans parfum,\u00a0Atoderm\u00a0Baume l\u00e8vres\u00a0garantit une tol\u00e9rance optimale.<\/p>\n<p>\u2022\u00a0La texture riche du baume procure un confort extr\u00eame et laisse les l\u00e8vres souples et douces.<\/p>\n<p>\u2022\u00a0L\u2019embout applicateur facilite l\u2019utilisation d\u2019Atoderm\u00a0Baume l\u00e8vres.<\/p>","protected":false},"featured_media":22926,"template":"","meta":{"arc_restricted_post":false},"product_cat":[330,48],"product_tag":[],"_links":{"self":[{"href":"https:\/\/www.sopha-sahara.com\/en\/wp-json\/wp\/v2\/product\/22872"}],"collection":[{"href":"https:\/\/www.sopha-sahara.com\/en\/wp-json\/wp\/v2\/product"}],"about":[{"href":"https:\/\/www.sopha-sahara.com\/en\/wp-json\/wp\/v2\/types\/product"}],"wp:featuredmedia":[{"embeddable":true,"href":"https:\/\/www.sopha-sahara.com\/en\/wp-json\/wp\/v2\/media\/22926"}],"wp:attachment":[{"href":"https:\/\/www.sopha-sahara.com\/en\/wp-json\/wp\/v2\/media?parent=22872"}],"wp:term":[{"taxonomy":"product_cat","embeddable":true,"href":"https:\/\/www.sopha-sahara.com\/en\/wp-json\/wp\/v2\/product_cat?post=22872"},{"taxonomy":"product_tag","embeddable":true,"href":"https:\/\/www.sopha-sahara.com\/en\/wp-json\/wp\/v2\/product_tag?post=22872"}],"curies":[{"name":"wp","href":"https:\/\/api.w.org\/{rel}","templated":true}]}}