{"id":22871,"date":"2020-12-14T15:40:46","date_gmt":"2020-12-14T14:40:46","guid":{"rendered":"https:\/\/www.interbusinesschamber.com\/produit\/bioderma-sensibio-ar-bb-cream-clair-soin-anti-rougeurs-spf30-perfecteur-de-peau-40-ml\/"},"modified":"2020-12-31T10:54:56","modified_gmt":"2020-12-31T09:54:56","slug":"bioderma-sensibio-ar-bb-cream-clair-soin-anti-rougeurs-spf30-perfecteur-de-peau-40-ml","status":"publish","type":"product","link":"https:\/\/www.sopha-sahara.com\/en\/product\/bioderma-sensibio-ar-bb-cream-clair-soin-anti-rougeurs-spf30-perfecteur-de-peau-40-ml\/","title":{"rendered":"BIODERMA SENSIBIO AR BB CREAM CLAIR SOIN ANTI-ROUGEURS SPF30 PERFECTEUR DE PEAU 40 ML"},"content":{"rendered":"<p><strong>CONSEILS D'UTILISATION :<\/strong><\/p>\n<p>Utiliser cette cr\u00e8me le matin, apr\u00e8s avoir bien nettoy\u00e9e et s\u00e9ch\u00e9e votre peau. Bien faire p\u00e9n\u00e9trer la cr\u00e8me.<\/p>","protected":false},"excerpt":{"rendered":"<p>Le soin BB cream cr\u00e9aline est sp\u00e9cifique aux peaux sensibles avec des rougeurs, \u00e0 tendance couperosique.<\/p>\n<p>Elle agit tout d&rsquo;abord sur les r\u00e9actions de la peau notamment les rougeurs. Elle les att\u00e9nue fortement, votre peau est soulag\u00e9e et hydrat\u00e9e. Ce soin convient parfaitement aux peaux qui pr\u00e9sentent des rougeurs passag\u00e8res ou continues. Votre peau est renforc\u00e9e gr\u00e2ce \u00e0 ces vertus hydratantes et restructurantes. Il calme \u00e9galement les r\u00e9actions de votre peau comme les irritations ou les sensations d&rsquo;inconfort.<\/p>\n<p>Sa sp\u00e9cificit\u00e9 BB cream offre aux peaux r\u00e9catives un teint naturel, clair et unifi\u00e9 tout en l\u00e9g\u00e9ret\u00e9. Gr\u00e2ce \u00e0 l&rsquo;association des deux propri\u00e9t\u00e9s, cette cr\u00e8me masque vos rougeurs, lisse votre peau et l&rsquo;hydrate.<\/p>\n<p>Votre peau est \u00e9clatante, nourrie, apais\u00e9e et prot\u00e9g\u00e9e.<\/p>\n<p>Une formule tout en un pour les peaux sensibles et r\u00e9actives.<\/p>\n<p>Protection UV 30.<\/p>","protected":false},"featured_media":22996,"template":"","meta":{"arc_restricted_post":false},"product_cat":[330,48],"product_tag":[],"_links":{"self":[{"href":"https:\/\/www.sopha-sahara.com\/en\/wp-json\/wp\/v2\/product\/22871"}],"collection":[{"href":"https:\/\/www.sopha-sahara.com\/en\/wp-json\/wp\/v2\/product"}],"about":[{"href":"https:\/\/www.sopha-sahara.com\/en\/wp-json\/wp\/v2\/types\/product"}],"wp:featuredmedia":[{"embeddable":true,"href":"https:\/\/www.sopha-sahara.com\/en\/wp-json\/wp\/v2\/media\/22996"}],"wp:attachment":[{"href":"https:\/\/www.sopha-sahara.com\/en\/wp-json\/wp\/v2\/media?parent=22871"}],"wp:term":[{"taxonomy":"product_cat","embeddable":true,"href":"https:\/\/www.sopha-sahara.com\/en\/wp-json\/wp\/v2\/product_cat?post=22871"},{"taxonomy":"product_tag","embeddable":true,"href":"https:\/\/www.sopha-sahara.com\/en\/wp-json\/wp\/v2\/product_tag?post=22871"}],"curies":[{"name":"wp","href":"https:\/\/api.w.org\/{rel}","templated":true}]}}