{"id":22870,"date":"2020-12-14T15:40:46","date_gmt":"2020-12-14T14:40:46","guid":{"rendered":"https:\/\/www.interbusinesschamber.com\/produit\/bioderma-sensibio-ar-creme-40ml-anti-rougeurs\/"},"modified":"2020-12-31T10:55:19","modified_gmt":"2020-12-31T09:55:19","slug":"bioderma-sensibio-ar-creme-40ml-anti-rougeurs","status":"publish","type":"product","link":"https:\/\/www.sopha-sahara.com\/en\/product\/bioderma-sensibio-ar-creme-40ml-anti-rougeurs\/","title":{"rendered":"BIODERMA SENSIBIO AR CREME 40ML ANTI-ROUGEURS"},"content":{"rendered":"<p><strong>Conseils d'utilisation<\/strong><\/p>\n<p><strong>\u2022\u00a0<\/strong>Appliquez\u00a0<strong>Sensibio\u00a0AR<\/strong>\u00a01 \u00e0 2 fois par jour sur une peau nettoy\u00e9e.<\/p>\n<p><strong>\u2022\u00a0<\/strong><strong>Sensibio\u00a0AR<\/strong>\u00a0constitue une tr\u00e8s bonne base de maquillage.<\/p>","protected":false},"excerpt":{"rendered":"<p>Le soin quotidien ultra-confort qui garantit aux peaux sensibles fines et r\u00e9actives pr\u00e9sentant des rougeurs passag\u00e8res intenses (agressions climatiques, \u00e9motions, alimentation, chauffage, \u2026) ou permanentes (petits vaisseaux apparents) une protection active Anti-Rougeur.<\/p>\n<p><strong>\u2022\u00a0<\/strong><strong>Sensibio\u00a0AR<\/strong>\u00a0garantit un r\u00e9sultat imm\u00e9diat et prolong\u00e9 :<\/p>\n<p>&#8211; L\u2019association d\u2019actifs apaisants intenses de\u00a0<strong>Sensibio\u00a0AR<\/strong>\u00a0diminue instantan\u00e9ment les rougeurs et les sensations de chaleur.<\/p>\n<p>&#8211; Gr\u00e2ce \u00e0 l\u2019ef\ufb01cacit\u00e9 des actifs anti-rougeurs s\u00e9lectionn\u00e9s, son brevet exclusif et novateur\u00a0<strong>Rosactiv\u00ae<\/strong>\u00a0(Brevet BIODERMA) agit directement sur le facteur responsable de la dilatation et de la fragilisation des capillaires cutan\u00e9s (sources de rougeurs permanentes). Utilis\u00e9 quotidiennement,\u00a0<strong>Sensibio\u00a0AR<\/strong>\u00a0diminue ainsi durablement l\u2019intensit\u00e9 des rougeurs et r\u00e9duit leur fr\u00e9quence d\u2019apparition.<\/p>\n<p><strong>\u2022\u00a0<\/strong>Les nacres iris\u00e9es vertes de\u00a0<strong>Sensibio\u00a0AR<\/strong>\u00a0neutralisent et att\u00e9nuent les rougeurs diffuses.<\/p>\n<p><strong>\u2022\u00a0<\/strong>Les actifs hydratants et restructurants de\u00a0<strong>Sensibio\u00a0AR<\/strong>\u00a0apportent un r\u00e9el confort cutan\u00e9.\u00a0<strong>Sensibio\u00a0AR<\/strong>\u00a0permet de retrouver un teint lumineux.<\/p>\n<p><strong>\u2022\u00a0<\/strong>Tr\u00e8s agr\u00e9able, la texture \u201ccr\u00e8me\u201d, l\u00e9g\u00e8re et non grasse, de\u00a0<strong>Sensibio<\/strong><strong>\u00a0AR<\/strong>\u00a0optimise le bien-\u00eatre de la peau.<\/p>\n<p><strong>\u2022\u00a0<\/strong><strong>Sensibio\u00a0AR<\/strong>\u00a0offre une excellente tol\u00e9rance, m\u00eame aux peaux les plus sensibles.<\/p>\n<p>&nbsp;<\/p>","protected":false},"featured_media":22997,"template":"","meta":{"arc_restricted_post":false},"product_cat":[330,48],"product_tag":[],"_links":{"self":[{"href":"https:\/\/www.sopha-sahara.com\/en\/wp-json\/wp\/v2\/product\/22870"}],"collection":[{"href":"https:\/\/www.sopha-sahara.com\/en\/wp-json\/wp\/v2\/product"}],"about":[{"href":"https:\/\/www.sopha-sahara.com\/en\/wp-json\/wp\/v2\/types\/product"}],"wp:featuredmedia":[{"embeddable":true,"href":"https:\/\/www.sopha-sahara.com\/en\/wp-json\/wp\/v2\/media\/22997"}],"wp:attachment":[{"href":"https:\/\/www.sopha-sahara.com\/en\/wp-json\/wp\/v2\/media?parent=22870"}],"wp:term":[{"taxonomy":"product_cat","embeddable":true,"href":"https:\/\/www.sopha-sahara.com\/en\/wp-json\/wp\/v2\/product_cat?post=22870"},{"taxonomy":"product_tag","embeddable":true,"href":"https:\/\/www.sopha-sahara.com\/en\/wp-json\/wp\/v2\/product_tag?post=22870"}],"curies":[{"name":"wp","href":"https:\/\/api.w.org\/{rel}","templated":true}]}}