{"id":22869,"date":"2020-12-14T15:40:45","date_gmt":"2020-12-14T14:40:45","guid":{"rendered":"https:\/\/www.interbusinesschamber.com\/produit\/bioderma-sensibio-ds-creme-40-ml-apaisante-et-assainissante\/"},"modified":"2020-12-31T10:56:15","modified_gmt":"2020-12-31T09:56:15","slug":"bioderma-sensibio-ds-creme-40-ml-apaisante-et-assainissante","status":"publish","type":"product","link":"https:\/\/www.sopha-sahara.com\/en\/product\/bioderma-sensibio-ds-creme-40-ml-apaisante-et-assainissante\/","title":{"rendered":"BIODERMA SENSIBIO DS+ CREME 40 ML APAISANTE ET ASSAINISSANTE"},"content":{"rendered":"<p><strong>Conseils d'utilisation<\/strong><\/p>\n<p><strong>\u2022\u00a0<\/strong>Appliquez\u00a0<strong>Sensibio\u00a0DS+ Cr\u00e8me<\/strong>, 1 \u00e0 2 fois par jour, sur une peau nettoy\u00e9e (id\u00e9alement avec\u00a0<strong>Sensibio\u00a0DS+ Gel nettoyant apaisant assainissant<\/strong>).<\/p>\n<p><strong>\u2022\u00a0<\/strong>Pour les \u00e9tats squameux du cuir chevelu de l\u2019adulte, nous vous recommandons d\u2019utiliser\u00a0<strong>Nod\u00e9\u00a0DS+ Anti-r\u00e9cidive<\/strong>, shampooing anti-pelliculaire intensif.<\/p>","protected":false},"excerpt":{"rendered":"<p>Le soin sp\u00e9cifique apaisant et assainissant des peaux sensibles associant rougeurs et squames localis\u00e9es en particulier au niveau des zones grasses irrit\u00e9es\u00a0: ailes du nez, sourcils, front, menton.<\/p>\n<p><strong>\u2022\u00a0<\/strong>Innovation issue de la recherche BIODERMA experte en biologie cutan\u00e9e, Sensibio<strong>\u00a0DS+ Cr\u00e8me<\/strong>\u00a0permet de lutter contre l\u2019origine des rougeurs et des \u00e9tats squameux : elle contribue \u00e0 limiter la prolif\u00e9ration de la levure Malassezia, agent irritant responsable de l&rsquo;aggravation de l&rsquo;\u00e9tat cutan\u00e9.<\/p>\n<p><strong>\u2022\u00a0<\/strong>Apaisante,\u00a0<strong>Sensibio\u00a0DS+ Cr\u00e8me<\/strong>\u00a0calme l&rsquo;\u00e9piderme irrit\u00e9, att\u00e9nue les rougeurs et r\u00e9duit visiblement la formation des squames.<\/p>\n<p><strong>\u2022\u00a0<\/strong>Sa texture \u201cgel-cr\u00e8me\u201d tr\u00e8s agr\u00e9able, l\u00e9g\u00e8re et non grasse apporte un r\u00e9el confort cutan\u00e9.<\/p>\n<p><strong>\u2022\u00a0<\/strong>Non com\u00e9dog\u00e8ne,\u00a0<strong>Sensibio\u00a0DS+ Cr\u00e8me<\/strong>\u00a0garantit une excellente tol\u00e9rance.<\/p>","protected":false},"featured_media":22999,"template":"","meta":{"arc_restricted_post":false},"product_cat":[330,48],"product_tag":[],"_links":{"self":[{"href":"https:\/\/www.sopha-sahara.com\/en\/wp-json\/wp\/v2\/product\/22869"}],"collection":[{"href":"https:\/\/www.sopha-sahara.com\/en\/wp-json\/wp\/v2\/product"}],"about":[{"href":"https:\/\/www.sopha-sahara.com\/en\/wp-json\/wp\/v2\/types\/product"}],"wp:featuredmedia":[{"embeddable":true,"href":"https:\/\/www.sopha-sahara.com\/en\/wp-json\/wp\/v2\/media\/22999"}],"wp:attachment":[{"href":"https:\/\/www.sopha-sahara.com\/en\/wp-json\/wp\/v2\/media?parent=22869"}],"wp:term":[{"taxonomy":"product_cat","embeddable":true,"href":"https:\/\/www.sopha-sahara.com\/en\/wp-json\/wp\/v2\/product_cat?post=22869"},{"taxonomy":"product_tag","embeddable":true,"href":"https:\/\/www.sopha-sahara.com\/en\/wp-json\/wp\/v2\/product_tag?post=22869"}],"curies":[{"name":"wp","href":"https:\/\/api.w.org\/{rel}","templated":true}]}}