{"id":22868,"date":"2020-12-14T15:40:45","date_gmt":"2020-12-14T14:40:45","guid":{"rendered":"https:\/\/www.interbusinesschamber.com\/produit\/bioderma-pigmentbio-c-concentrate-15ml\/"},"modified":"2020-12-29T16:24:48","modified_gmt":"2020-12-29T15:24:48","slug":"bioderma-pigmentbio-c-concentrate-15ml","status":"publish","type":"product","link":"https:\/\/www.sopha-sahara.com\/en\/product\/bioderma-pigmentbio-c-concentrate-15ml\/","title":{"rendered":"BIODERMA PIGMENTBIO C-CONCENTRATE 15ML"},"content":{"rendered":"<h4>Utilisation:<\/h4>\n<p>Appliquez 5 gouttes chaque soir pendant 1 mois sur le visage, le cou et le d\u00e9collet\u00e9 apr\u00e8s le premier nettoyage avec la cr\u00e8me moussante Pigmentbio.<\/p>","protected":false},"excerpt":{"rendered":"<p>Les laboratoires de Bioderma, inspir\u00e9s des meilleurs traitements appliqu\u00e9s par les dermatologues du monde entier, ont cr\u00e9\u00e9 un produit de soin raffinant qui aide \u00e0 r\u00e9duire les taches brunes et \u00e0 restaurer l&rsquo;\u00e9clat naturel de la peau.\u00a0Il combine de fortes concentrations d&rsquo;AHA et de BHA avec de la vitamine C pure, qui est maintenue fra\u00eeche et active gr\u00e2ce au r\u00e9cipient de protection.<\/p>\n<p>Enrichi en vitamine E antioxydante, il prot\u00e8ge la peau du vieillissement pr\u00e9matur\u00e9.\u00a0La texture fra\u00eeche et d\u00e9licate laisse la peau douce et confortable.<br \/>Test\u00e9 sous surveillance clinique et dermatologique.<\/p>","protected":false},"featured_media":22979,"template":"","meta":{"arc_restricted_post":false},"product_cat":[330,48],"product_tag":[],"_links":{"self":[{"href":"https:\/\/www.sopha-sahara.com\/en\/wp-json\/wp\/v2\/product\/22868"}],"collection":[{"href":"https:\/\/www.sopha-sahara.com\/en\/wp-json\/wp\/v2\/product"}],"about":[{"href":"https:\/\/www.sopha-sahara.com\/en\/wp-json\/wp\/v2\/types\/product"}],"wp:featuredmedia":[{"embeddable":true,"href":"https:\/\/www.sopha-sahara.com\/en\/wp-json\/wp\/v2\/media\/22979"}],"wp:attachment":[{"href":"https:\/\/www.sopha-sahara.com\/en\/wp-json\/wp\/v2\/media?parent=22868"}],"wp:term":[{"taxonomy":"product_cat","embeddable":true,"href":"https:\/\/www.sopha-sahara.com\/en\/wp-json\/wp\/v2\/product_cat?post=22868"},{"taxonomy":"product_tag","embeddable":true,"href":"https:\/\/www.sopha-sahara.com\/en\/wp-json\/wp\/v2\/product_tag?post=22868"}],"curies":[{"name":"wp","href":"https:\/\/api.w.org\/{rel}","templated":true}]}}