{"id":22867,"date":"2020-12-14T15:40:43","date_gmt":"2020-12-14T14:40:43","guid":{"rendered":"https:\/\/www.interbusinesschamber.com\/produit\/bioderma-photoderm-max-spf-100-40ml-creme-solaire-teintee-dore\/"},"modified":"2020-12-31T10:44:45","modified_gmt":"2020-12-31T09:44:45","slug":"bioderma-photoderm-max-spf-100-40ml-creme-solaire-teintee-dore","status":"publish","type":"product","link":"https:\/\/www.sopha-sahara.com\/en\/product\/bioderma-photoderm-max-spf-100-40ml-creme-solaire-teintee-dore\/","title":{"rendered":"BIODERMA PHOTODERM MAX SPF 100+ 40ML CR\u00c8ME SOLAIRE TEINT\u00c9E DORE"},"content":{"rendered":"<p><strong>Conseils d'utilisation<\/strong><\/p>\n<p>Emulsion \u00e0 appliquer uniform\u00e9ment en couche fine sur la peau.<\/p>\n<p>Renouveler l'application tr\u00e8s r\u00e9guli\u00e8rement en cas d'\u00e9limination ( frottements, essuyages...).<\/p>","protected":false},"excerpt":{"rendered":"<p>Photoprotection maximale teint\u00e9e du visage pour les peaux pathologiques :<\/p>\n<p>&#8211; Les peaux intol\u00e9rantes \u00e0 tous types d&rsquo;ensoleillement ( photosensibles ), intol\u00e9rances estivales b\u00e9nignes.<\/p>\n<p>&#8211; Les peaux laiteuses ponctu\u00e9es de taches de rousseur ou \u00e9ph\u00e9lides ( phototype I ) et soumises \u00e0 un ensoleillement maximum ( glaciers, tropiques ).<\/p>\n<p>&#8211; Peaux hyperr\u00e9actives au soleil : femme enceinte ( masque de grossesse ou chloasma ) , cicatrices ).<\/p>\n<p>&#8211; Camouflage des troubles pigmentaires et des imperfections cutan\u00e9es.<\/p>\n<p>Parfaitement adapt\u00e9e aux peaux s\u00e8ches.<\/p>\n<p>D\u2019une part, son nouveau syst\u00e8me filtrant issu de la recherche BIODERMA, garantit une protection homog\u00e8ne et constante contre les UVA et les UVB. Sa performance in\u00e9gal\u00e9e \u00ab anti-UVA extr\u00eame \u00bb lutte contre le vieillissement cutan\u00e9 pr\u00e9matur\u00e9 et pr\u00e9vient les intol\u00e9rances solaires. Son efficacit\u00e9 anti-UVB MAXimale prot\u00e8ge en toute s\u00e9curit\u00e9 des coups de soleil et donc des dangers potentiels que leur r\u00e9p\u00e9tition engendre \u00e0 long terme.<\/p>\n<p>D\u2019autre part, son complexe brevet\u00e9 BIOprotection\u00ae Cellulaire prot\u00e8ge directement les cellules des effets d\u00e9l\u00e9t\u00e8res des UV en stimulant les d\u00e9fenses actives de la peau et en pr\u00e9servant son ADN.<\/p>\n<p>Sa texture soyeuse et ultra-l\u00e9g\u00e8re procure \u00e0 la peau une sensation de confort et de douceur extr\u00eame. Elle s\u2019\u00e9tale tr\u00e8s facilement sans laisser de film gras.<\/p>","protected":false},"featured_media":22969,"template":"","meta":{"arc_restricted_post":false},"product_cat":[330,48],"product_tag":[],"_links":{"self":[{"href":"https:\/\/www.sopha-sahara.com\/en\/wp-json\/wp\/v2\/product\/22867"}],"collection":[{"href":"https:\/\/www.sopha-sahara.com\/en\/wp-json\/wp\/v2\/product"}],"about":[{"href":"https:\/\/www.sopha-sahara.com\/en\/wp-json\/wp\/v2\/types\/product"}],"wp:featuredmedia":[{"embeddable":true,"href":"https:\/\/www.sopha-sahara.com\/en\/wp-json\/wp\/v2\/media\/22969"}],"wp:attachment":[{"href":"https:\/\/www.sopha-sahara.com\/en\/wp-json\/wp\/v2\/media?parent=22867"}],"wp:term":[{"taxonomy":"product_cat","embeddable":true,"href":"https:\/\/www.sopha-sahara.com\/en\/wp-json\/wp\/v2\/product_cat?post=22867"},{"taxonomy":"product_tag","embeddable":true,"href":"https:\/\/www.sopha-sahara.com\/en\/wp-json\/wp\/v2\/product_tag?post=22867"}],"curies":[{"name":"wp","href":"https:\/\/api.w.org\/{rel}","templated":true}]}}