{"id":22866,"date":"2020-12-14T15:40:42","date_gmt":"2020-12-14T14:40:42","guid":{"rendered":"https:\/\/www.interbusinesschamber.com\/produit\/bioderma-abcderm-h2o-1l-pompe-inverse\/"},"modified":"2020-12-31T10:33:53","modified_gmt":"2020-12-31T09:33:53","slug":"bioderma-abcderm-h2o-1l-pompe-inverse","status":"publish","type":"product","link":"https:\/\/www.sopha-sahara.com\/en\/product\/bioderma-abcderm-h2o-1l-pompe-inverse\/","title":{"rendered":"BIODERMA ABCDERM H2O 1L POMPE INVERSE"},"content":{"rendered":"<p class=\"title-type-01\"><strong>CONSEILS\u00a0D'UTILISATION<\/strong><\/p>\n<div class=\"content\">\n<p>Plusieurs fois par jour - 7 jours\/7<\/p>\n<ul class=\"list-type-03\">\n<li>Nettoyez d\u00e9licatement la peau de votre enfant \u00e0 l\u2019aide d\u2019un coton imbib\u00e9 d\u2019ABCDerm H20.<\/li>\n<li>Renouvelez l\u2019application jusqu\u2019\u00e0 ce que le coton soit propre.<\/li>\n<li>Ne rincez pas.<\/li>\n<li>S\u00e9chez d\u00e9licatement sans frotter.<\/li>\n<li>Utilisez ensuite un soin de la gamme ABCDerm.<\/li>\n<\/ul>\n<p>Convient d\u00e8s la naissance, hors nourrissons pr\u00e9matur\u00e9s.<br \/>Pour des raisons d\u2019hygi\u00e8ne, refermez bien le produit apr\u00e8s utilisation.<\/p>\n<\/div>","protected":false},"excerpt":{"rendered":"<p>ABCDerm H20 est d\u00e9velopp\u00e9 selon la charte de formulation ABCDerm, haute s\u00e9curit\u00e9 et haute tol\u00e9rance.\u00a0A la pointe de l\u2019innovation, BIODERMA est le pr\u00e9curseur des solutions micellaires.<\/p>\n<p>ABCDerm H2O est la 1<sup>re<\/sup>\u00a0et la seule eau micellaire dermatologique \u00e0 pr\u00e9senter une parfaite analogie biologique avec la peau : ses esters d\u2019acides gras, constitutifs des micelles, sont similaires aux phospholipides des membranes des cellules cutan\u00e9es et participent \u00e0 la reconstitution naturelle du film hydrolipidique de la peau.\u00a0<\/p>","protected":false},"featured_media":22917,"template":"","meta":{"arc_restricted_post":false},"product_cat":[330,48],"product_tag":[],"_links":{"self":[{"href":"https:\/\/www.sopha-sahara.com\/en\/wp-json\/wp\/v2\/product\/22866"}],"collection":[{"href":"https:\/\/www.sopha-sahara.com\/en\/wp-json\/wp\/v2\/product"}],"about":[{"href":"https:\/\/www.sopha-sahara.com\/en\/wp-json\/wp\/v2\/types\/product"}],"wp:featuredmedia":[{"embeddable":true,"href":"https:\/\/www.sopha-sahara.com\/en\/wp-json\/wp\/v2\/media\/22917"}],"wp:attachment":[{"href":"https:\/\/www.sopha-sahara.com\/en\/wp-json\/wp\/v2\/media?parent=22866"}],"wp:term":[{"taxonomy":"product_cat","embeddable":true,"href":"https:\/\/www.sopha-sahara.com\/en\/wp-json\/wp\/v2\/product_cat?post=22866"},{"taxonomy":"product_tag","embeddable":true,"href":"https:\/\/www.sopha-sahara.com\/en\/wp-json\/wp\/v2\/product_tag?post=22866"}],"curies":[{"name":"wp","href":"https:\/\/api.w.org\/{rel}","templated":true}]}}