{"id":22865,"date":"2020-12-14T15:40:42","date_gmt":"2020-12-14T14:40:42","guid":{"rendered":"https:\/\/www.interbusinesschamber.com\/produit\/bioderma-abcderm-cold-cream-corps-200-ml\/"},"modified":"2020-12-29T14:31:41","modified_gmt":"2020-12-29T13:31:41","slug":"bioderma-abcderm-cold-cream-corps-200-ml","status":"publish","type":"product","link":"https:\/\/www.sopha-sahara.com\/en\/product\/bioderma-abcderm-cold-cream-corps-200-ml\/","title":{"rendered":"BIODERMA ABCDERM COLD CREAM CORPS 200 ML"},"content":{"rendered":"","protected":false},"excerpt":{"rendered":"<p>Bioderma ABCderm Cold-Cream Cr\u00e8me corps est un soin ultra nourrissant visage, est d\u00e9velopp\u00e9 selon la charte de formulation ABCDerm, haute s\u00e9curit\u00e9 et haute tol\u00e9rance.\u00a0<br \/>Ce soin nourrissant diminue durablement les sensations de dess\u00e8chement, d\u2019inconfort et de tiraillement gr\u00e2ce \u00e0 sa texture onctueuse et non grasse (\u00e9mulsion de l&rsquo;huile dans l&rsquo;eau) \u00e0 l&rsquo;huile de noyau d&rsquo;abricot et \u00e0 la cire d&rsquo;abeille.\u00a0<br \/>Conseils d&rsquo;utilisation\u00a0<\/p>\n<p>1 \u00e0 2 fois par jour &#8211; 7 jours\/7\u00a0<\/p>\n<p>Appliquez sur une peau soigneusement s\u00e9ch\u00e9e, pr\u00e9alablement nettoy\u00e9e avec un produit d&rsquo;hygi\u00e8ne de la gamme ABCDerm.\u00a0<\/p>\n<p>Convient d\u00e8s la naissance hors pr\u00e9matur\u00e9s. Pour des raisons d\u2019hygi\u00e8ne, refermez bien le produit apr\u00e8s utilisation.\u00a0<\/p>","protected":false},"featured_media":22913,"template":"","meta":{"arc_restricted_post":false},"product_cat":[330,48],"product_tag":[],"_links":{"self":[{"href":"https:\/\/www.sopha-sahara.com\/en\/wp-json\/wp\/v2\/product\/22865"}],"collection":[{"href":"https:\/\/www.sopha-sahara.com\/en\/wp-json\/wp\/v2\/product"}],"about":[{"href":"https:\/\/www.sopha-sahara.com\/en\/wp-json\/wp\/v2\/types\/product"}],"wp:featuredmedia":[{"embeddable":true,"href":"https:\/\/www.sopha-sahara.com\/en\/wp-json\/wp\/v2\/media\/22913"}],"wp:attachment":[{"href":"https:\/\/www.sopha-sahara.com\/en\/wp-json\/wp\/v2\/media?parent=22865"}],"wp:term":[{"taxonomy":"product_cat","embeddable":true,"href":"https:\/\/www.sopha-sahara.com\/en\/wp-json\/wp\/v2\/product_cat?post=22865"},{"taxonomy":"product_tag","embeddable":true,"href":"https:\/\/www.sopha-sahara.com\/en\/wp-json\/wp\/v2\/product_tag?post=22865"}],"curies":[{"name":"wp","href":"https:\/\/api.w.org\/{rel}","templated":true}]}}