{"id":22864,"date":"2020-12-14T15:40:42","date_gmt":"2020-12-14T14:40:42","guid":{"rendered":"https:\/\/www.interbusinesschamber.com\/produit\/bioderma-photoderm-max-ultra-fluide-spf-50-40ml-teinte-clair\/"},"modified":"2020-12-29T16:16:36","modified_gmt":"2020-12-29T15:16:36","slug":"bioderma-photoderm-max-ultra-fluide-spf-50-40ml-teinte-clair","status":"publish","type":"product","link":"https:\/\/www.sopha-sahara.com\/en\/product\/bioderma-photoderm-max-ultra-fluide-spf-50-40ml-teinte-clair\/","title":{"rendered":"BIODERMA PHOTODERM MAX ULTRA FLUIDE SPF 50+ 40ML TEINTE CLAIR"},"content":{"rendered":"<p><strong>UTILISATION:<\/strong>\u00a0<br \/>Appliquez uniform\u00e9ment Photoderm MAX SPF 50+ sur une peau pr\u00e9alablement s\u00e9ch\u00e9e.\u00a0<br \/>Renouvelez l'application toutes les deux heures (plus la peau est claire, plus il faut renouveler souvent l'application), et en cas d'\u00e9limination (frottements, essuyage, \u2026).\u00a0<\/p>\n<p><strong>COMPOSANTS:<\/strong>\u00a0<br \/>Aqua, Dicaprylyl Carbonate, Methylene Bis-Benzotriazolyl Tetramethylbutylphenol, Butyl Methoxydibenzoylmethane, Ethylhexyl Triazone, 4-Methylbenzylidene Camphor, Cyclomethicone, Dimethiconol Behenate, Dimethicone, Potassium Cetyl Phosphate, Trimethylsiloxysilicate, Glyceryl Stearate, PEG-100 Stearate, Tocopheryl Acetate, Ectoin, Mannitol, Decyl Glucoside, Xanthan Gum, Ammonium Acryloyldimethyl Taurate\/VP Copolymer, Disodium EDTA, PEG-4 Dilaurate, PEG-4 Laurate, Trilinolein, BHT, Propylene Glycol, Citric Acid, PEG-4, Trilinolenin, Triolein, Tripalmitin, Tristearin, Iodopropynyl Butylcarbamate, Butylparaben, Methylparaben.\u00a0<\/p>","protected":false},"excerpt":{"rendered":"<p>Bioderma Photoderm Max Ultra-fluide SPF 50+ Texture Ultra-L\u00e9g\u00e8re ne laisse aucune trace blanche\u00a0<br \/>Photoprotection Maximale des :\u00a0<br \/>&#8211; Peaux intol\u00e9rantes \u00e0 tous les types d&rsquo;ensoleillement,\u00a0<br \/>&#8211; Peaux laiteuses ponctu\u00e9es de taches de rousseur,\u00a0<br \/>&#8211; Peaux soumises \u00e0 un ensoleillement maximum.\u00a0<br \/>Cette cr\u00e8me (SPF 100 &#8211; UVA 29) est le photoprotecteur destin\u00e9 aux peaux intol\u00e9rantes \u00e0 tous les types d\u2019ensoleillement et aux peaux tr\u00e8s claires ponctu\u00e9es de taches de rousseurs et soumises \u00e0 un ensoleillement maximum (tropiques, glaciers, \u2026).\u00a0<br \/>Formul\u00e9 dans une base restructurante, Photoderm MAX SPF 50+ garantit une double protection : en surface et en profondeur.\u00a0<br \/>Sans parfum, il offre une excellente tol\u00e9rance.\u00a0<\/p>","protected":false},"featured_media":22971,"template":"","meta":{"arc_restricted_post":false},"product_cat":[330,48],"product_tag":[],"_links":{"self":[{"href":"https:\/\/www.sopha-sahara.com\/en\/wp-json\/wp\/v2\/product\/22864"}],"collection":[{"href":"https:\/\/www.sopha-sahara.com\/en\/wp-json\/wp\/v2\/product"}],"about":[{"href":"https:\/\/www.sopha-sahara.com\/en\/wp-json\/wp\/v2\/types\/product"}],"wp:featuredmedia":[{"embeddable":true,"href":"https:\/\/www.sopha-sahara.com\/en\/wp-json\/wp\/v2\/media\/22971"}],"wp:attachment":[{"href":"https:\/\/www.sopha-sahara.com\/en\/wp-json\/wp\/v2\/media?parent=22864"}],"wp:term":[{"taxonomy":"product_cat","embeddable":true,"href":"https:\/\/www.sopha-sahara.com\/en\/wp-json\/wp\/v2\/product_cat?post=22864"},{"taxonomy":"product_tag","embeddable":true,"href":"https:\/\/www.sopha-sahara.com\/en\/wp-json\/wp\/v2\/product_tag?post=22864"}],"curies":[{"name":"wp","href":"https:\/\/api.w.org\/{rel}","templated":true}]}}