{"id":22863,"date":"2020-12-14T15:40:42","date_gmt":"2020-12-14T14:40:42","guid":{"rendered":"https:\/\/www.interbusinesschamber.com\/produit\/bioderma-hydrabio-h2o-solution-micellaire-250ml\/"},"modified":"2020-12-29T15:38:12","modified_gmt":"2020-12-29T14:38:12","slug":"bioderma-hydrabio-h2o-solution-micellaire-250ml","status":"publish","type":"product","link":"https:\/\/www.sopha-sahara.com\/en\/product\/bioderma-hydrabio-h2o-solution-micellaire-250ml\/","title":{"rendered":"BIODERMA HYDRABIO H2O SOLUTION MICELLAIRE 250ML"},"content":{"rendered":"<p><strong>Conseils d'utilisations:<\/strong><\/p>\n<p>Matin et soir - 7 jours\/7\u00a0<br \/>Imbibez un coton.\u00a0<br \/>Nettoyez\/d\u00e9maquillez le visage et les yeux.\u00a0<br \/>S\u00e9chez d\u00e9licatement.<\/p>","protected":false},"excerpt":{"rendered":"<p>Bioderma hydrabio H2O solution micellaire\u00a0<br \/>L&rsquo;eau micellaire nettoyante d\u00e9maquillante qui respecte la fragilit\u00e9 des peaux sensibles et stimule l&rsquo;hydratation\u00a0<br \/>Peaux sensibles d\u00e9shydrat\u00e9es\u00a0<br \/>VISAGE &#8211; ADULTE &#8211; ADO\u00a0<br \/>Hydrabio H2O est la 1re et la seule eau micellaire dermatologique \u00e0 pr\u00e9senter une parfaite analogie biologique avec la peau. Ses esters d\u2019acides gras, constitutifs des micelles, sont similaires aux phospholipides des membranes des cellules cutan\u00e9es et participent \u00e0 la reconstitution naturelle du film hydrolipidique de la peau. Ainsi, Hydrabio H2O garantit une tol\u00e9rance et un confort in\u00e9gal\u00e9s pour une efficacit\u00e9 d\u00e9maquillante optimale. De plus, son brevet biologique exclusif Aquagenium\u00ae r\u00e9apprend \u00e0 la peau \u00e0 relancer elle-m\u00eame ses capacit\u00e9s naturelles d\u2019hydratation en stimulant la synth\u00e8se des aquaporines, v\u00e9ritables canaux hydriques de l&rsquo;\u00e9piderme, et \u00e0 retenir l\u2019eau indispensable \u00e0 son \u00e9quilibre.\u00a0<\/p>","protected":false},"featured_media":22950,"template":"","meta":{"arc_restricted_post":false},"product_cat":[330,48],"product_tag":[],"_links":{"self":[{"href":"https:\/\/www.sopha-sahara.com\/en\/wp-json\/wp\/v2\/product\/22863"}],"collection":[{"href":"https:\/\/www.sopha-sahara.com\/en\/wp-json\/wp\/v2\/product"}],"about":[{"href":"https:\/\/www.sopha-sahara.com\/en\/wp-json\/wp\/v2\/types\/product"}],"wp:featuredmedia":[{"embeddable":true,"href":"https:\/\/www.sopha-sahara.com\/en\/wp-json\/wp\/v2\/media\/22950"}],"wp:attachment":[{"href":"https:\/\/www.sopha-sahara.com\/en\/wp-json\/wp\/v2\/media?parent=22863"}],"wp:term":[{"taxonomy":"product_cat","embeddable":true,"href":"https:\/\/www.sopha-sahara.com\/en\/wp-json\/wp\/v2\/product_cat?post=22863"},{"taxonomy":"product_tag","embeddable":true,"href":"https:\/\/www.sopha-sahara.com\/en\/wp-json\/wp\/v2\/product_tag?post=22863"}],"curies":[{"name":"wp","href":"https:\/\/api.w.org\/{rel}","templated":true}]}}