{"id":22862,"date":"2020-12-14T15:40:42","date_gmt":"2020-12-14T14:40:42","guid":{"rendered":"https:\/\/www.interbusinesschamber.com\/produit\/bioderma-hydrabio-creme-gommante-75ml-doux-hydratant-a-laquagenium\/"},"modified":"2020-12-29T15:36:37","modified_gmt":"2020-12-29T14:36:37","slug":"bioderma-hydrabio-creme-gommante-75ml-doux-hydratant-a-laquagenium","status":"publish","type":"product","link":"https:\/\/www.sopha-sahara.com\/en\/product\/bioderma-hydrabio-creme-gommante-75ml-doux-hydratant-a-laquagenium\/","title":{"rendered":"BIODERMA HYDRABIO CREME GOMMANTE 75ML DOUX HYDRATANT \u00c0 L&rsquo;AQUAG\u00c9NIUM"},"content":{"rendered":"<p><strong>Conseils d'utilisation<\/strong><\/p>\n<p>\u2022\u00a0Appliquez\u00a0Hydrabio\u00a0Cr\u00e8me gommante\u00a0sur le visage l\u00e9g\u00e8rement humidifi\u00e9, en \u00e9vitant le contour des yeux.<\/p>\n<p>Massez 1 \u00e0 2 minutes par mouvements circulaires.<\/p>\n<p>Rincez abondamment, puis s\u00e9chez d\u00e9licatement.<\/p>\n<p>\u2022\u00a0Pour potentialiser l\u2019hydratation cutan\u00e9e*, nous vous recommandons d\u2019appliquer\u00a0Hydrabio\u00a0Masque.<\/p>\n<p>\u2022\u00a0Hydrabio\u00a0Hydrabio\u00a0Cr\u00e8me gommante\u00a0s\u2019utilise 1 \u00e0 2 fois par semaine<\/p>\n<p><strong>*Hydratation des couches sup\u00e9rieures de l\u2019\u00e9piderme<\/strong><\/p>\n<p>Caract\u00e9ristiques<\/p>\n<p>Formule parfum\u00e9e<\/p>\n<p>Hypoallerg\u00e9nique<\/p>\n<p>Ingr\u00e9dients<\/p>\n<p>WATER (AQUA), PROPYLENE GLYCOL, PETROLATUM, CETEARYL ALCOHOL, CETYL ALCOHOL, POLYETHYLENE, BUTYROSPERMUM PARKII (SHEA BUTTER), SALICYLIC ACID, PYRUS MALUS (APPLE) FRUIT EXTRACT, CAPRYLIC\/CAPRIC TRIGLYCERIDE, XYLITOL, MANNITOL, RHAMNOSE, FRUCTOOLIGOSACCHARIDES, LAMINARIA OCHROLEUCA EXTRACT, SODIUM HYDROXIDE, SODIUM CETEARYL SULFATE, SODIUM LAURYL SULFATE, XANTHAN GUM, NIACINAMIDE, HEXYLDECANOL, FRAGRANCE (PARFUM).<\/p>","protected":false},"excerpt":{"rendered":"<div class=\"product-page-introduction\">Le 1er soin le premier gommage doux hydratant \u00e0 l\u2019Aquagenium\u00ae\u00a0destin\u00e9 aux peaux d\u00e9shydrat\u00e9es et sensibles.<\/div>\n<p>\u2022\u00a0Innovation BIODERMA, le complexe biologique brevet\u00e9\u00a0Aquagenium\u00ae, r\u00e9apprend \u00e0 la peau \u00e0 g\u00e9n\u00e9rer, en profondeur, et \u00e0 retenir, en surface, l\u2019eau indispensable \u00e0 son \u00e9quilibre naturel.<\/p>\n<p>\u2022\u00a0Nettoy\u00e9e et hydrat\u00e9e en profondeur avec\u00a0Hydrabio\u00a0Cr\u00e8me gommante, la peau retrouve confort, douceur et \u00e9clat, et elle profite pleinement de l\u2019hydratation procur\u00e9e par les soins de la gamme Hydrabio.<\/p>\n<p>\u2022\u00a0Non com\u00e9dog\u00e8ne et hypoallerg\u00e9nique,\u00a0Hydrabio\u00a0Cr\u00e8me gommante\u00a0respecte la sensibilit\u00e9 des peaux d\u00e9shydrat\u00e9es et garantit une excellente tol\u00e9rance.<\/p>\n<p><strong>*Hydratation des couches sup\u00e9rieures de l\u2019\u00e9piderme.<\/strong><\/p>","protected":false},"featured_media":22948,"template":"","meta":{"arc_restricted_post":false},"product_cat":[330,48],"product_tag":[],"_links":{"self":[{"href":"https:\/\/www.sopha-sahara.com\/en\/wp-json\/wp\/v2\/product\/22862"}],"collection":[{"href":"https:\/\/www.sopha-sahara.com\/en\/wp-json\/wp\/v2\/product"}],"about":[{"href":"https:\/\/www.sopha-sahara.com\/en\/wp-json\/wp\/v2\/types\/product"}],"wp:featuredmedia":[{"embeddable":true,"href":"https:\/\/www.sopha-sahara.com\/en\/wp-json\/wp\/v2\/media\/22948"}],"wp:attachment":[{"href":"https:\/\/www.sopha-sahara.com\/en\/wp-json\/wp\/v2\/media?parent=22862"}],"wp:term":[{"taxonomy":"product_cat","embeddable":true,"href":"https:\/\/www.sopha-sahara.com\/en\/wp-json\/wp\/v2\/product_cat?post=22862"},{"taxonomy":"product_tag","embeddable":true,"href":"https:\/\/www.sopha-sahara.com\/en\/wp-json\/wp\/v2\/product_tag?post=22862"}],"curies":[{"name":"wp","href":"https:\/\/api.w.org\/{rel}","templated":true}]}}