{"id":22861,"date":"2020-12-14T15:40:42","date_gmt":"2020-12-14T14:40:42","guid":{"rendered":"https:\/\/www.interbusinesschamber.com\/produit\/bioderma-sensibio-ds-gel-nettoyant-apaisant-200ml-visage-et-corps\/"},"modified":"2020-12-31T10:56:28","modified_gmt":"2020-12-31T09:56:28","slug":"bioderma-sensibio-ds-gel-nettoyant-apaisant-200ml-visage-et-corps","status":"publish","type":"product","link":"https:\/\/www.sopha-sahara.com\/en\/product\/bioderma-sensibio-ds-gel-nettoyant-apaisant-200ml-visage-et-corps\/","title":{"rendered":"BIODERMA SENSIBIO DS+ GEL NETTOYANT APAISANT 200ML VISAGE ET CORPS"},"content":{"rendered":"<p><strong>Conseils d'utilisation<\/strong><\/p>\n<p>\u2022\u00a0Appliquez\u00a0Sensibio\u00a0DS+ Gel nettoyant, 1 \u00e0 2 fois par jour, sur la peau pr\u00e9alablement mouill\u00e9e. Faites mousser, puis rincer abondamment. S\u00e9chez d\u00e9licatement. Il est pr\u00e9f\u00e9rable d\u2019\u00e9viter le contact avec les yeux.<\/p>\n<p>\u2022\u00a0Nous vous conseillons d'appliquer ensuite\u00a0<strong>Sensibio<\/strong>\u00a0DS+ Cr\u00e8me apaisante assainissante\u00a0sur le visage, et d\u2019utiliser pour le cuir chevelu\u00a0Nod\u00e9\u00a0DS+ Anti-r\u00e9cidive, shampooing anti-pelliculaire intensif.<\/p>","protected":false},"excerpt":{"rendered":"<p>Le gel nettoyant moussant apaisant et assainissant des peaux sensibles associant rougeurs et squames localis\u00e9es en particulier au niveau des zones grasses irrit\u00e9es\u00a0: ailes du nez, sourcils, front, menton.<\/p>\n<p>\u2022\u00a0Innovation issue de la recherche BIODERMA experte en biologie cutan\u00e9e, Sensibio\u00a0DS+ Gel nettoyantpermet de lutter contre l\u2019origine des rougeurs et des \u00e9tats squameux : il contribue \u00e0 limiter la prolif\u00e9ration de la levure Malassezia, agent irritant responsable de l&rsquo;aggravation de l&rsquo;\u00e9tat cutan\u00e9.\u00a0Sensibio\u00a0DS+ Gel nettoyantam\u00e9liore ainsi l\u2019\u00e9tat de la peau et r\u00e9duit la formation des squames.<\/p>\n<p>\u2022\u00a0Sa base lavante tr\u00e8s douce sans savon et son pH physiologique respectent l&rsquo;\u00e9quilibre cutan\u00e9.<\/p>\n<p>\u2022\u00a0Sensibio\u00a0DS+ Gel nettoyant\u00a0garantit une excellente tol\u00e9rance.<\/p>","protected":false},"featured_media":23000,"template":"","meta":{"arc_restricted_post":false},"product_cat":[330,48],"product_tag":[],"_links":{"self":[{"href":"https:\/\/www.sopha-sahara.com\/en\/wp-json\/wp\/v2\/product\/22861"}],"collection":[{"href":"https:\/\/www.sopha-sahara.com\/en\/wp-json\/wp\/v2\/product"}],"about":[{"href":"https:\/\/www.sopha-sahara.com\/en\/wp-json\/wp\/v2\/types\/product"}],"wp:featuredmedia":[{"embeddable":true,"href":"https:\/\/www.sopha-sahara.com\/en\/wp-json\/wp\/v2\/media\/23000"}],"wp:attachment":[{"href":"https:\/\/www.sopha-sahara.com\/en\/wp-json\/wp\/v2\/media?parent=22861"}],"wp:term":[{"taxonomy":"product_cat","embeddable":true,"href":"https:\/\/www.sopha-sahara.com\/en\/wp-json\/wp\/v2\/product_cat?post=22861"},{"taxonomy":"product_tag","embeddable":true,"href":"https:\/\/www.sopha-sahara.com\/en\/wp-json\/wp\/v2\/product_tag?post=22861"}],"curies":[{"name":"wp","href":"https:\/\/api.w.org\/{rel}","templated":true}]}}