{"id":22859,"date":"2020-12-14T15:40:42","date_gmt":"2020-12-14T14:40:42","guid":{"rendered":"https:\/\/www.interbusinesschamber.com\/produit\/bioderma-sensibio-h2o-500ml-solution-micellaire\/"},"modified":"2020-12-29T16:48:34","modified_gmt":"2020-12-29T15:48:34","slug":"bioderma-sensibio-h2o-500ml-solution-micellaire","status":"publish","type":"product","link":"https:\/\/www.sopha-sahara.com\/en\/product\/bioderma-sensibio-h2o-500ml-solution-micellaire\/","title":{"rendered":"BIODERMA SENSIBIO H2O 500ML SOLUTION MICELLAIRE"},"content":{"rendered":"<p><strong>Conseils d'utilisation<\/strong><\/p>\n<p>\u2022\u00a0Sensibio\u00a0H2O\u00a0est une formule nettoyante ultra-douce, utilisez-la avec infiniment de douceur. Imbibez un coton de Cr\u00e9aline H2O et nettoyez et\/ou d\u00e9maquillez votre visage et vos yeux. Renouvelez l\u2019application jusqu\u2019\u00e0 ce que le coton soit propre.<\/p>\n<p>\u2022\u00a0Sensibio\u00a0H2O\u00a0peut s\u2019utiliser sans rin\u00e7age. Il est toutefois imp\u00e9ratif de s\u00e9cher votre peau. Le s\u00e9chage doit rester d\u00e9licat. Tamponnez votre visage avec une serviette en coton propre.<\/p>\n<p>\u2022\u00a0Sensibio\u00a0H2O\u00a0s\u2019utilise au quotidien, matin et soir.<\/p>","protected":false},"excerpt":{"rendered":"<p>La solution micellaire de r\u00e9f\u00e9rence qui nettoie et d\u00e9maquille au quotidien les peaux sensibles.<\/p>\n<p>\u2022\u00a0A la pointe de l&rsquo;innovation, BIODERMA est le pr\u00e9curseur des solutions micellaires. Sp\u00e9cialement formul\u00e9e pour les peaux sensibles normales \u00e0 s\u00e8ches, la solution micellaire\u00a0<strong>Sensibio<\/strong>\u00a0H2O\u00a0garantit un nettoyage en douceur du visage et des yeux. Elle \u00e9limine le maquillage r\u00e9sistant \u00e0 l&rsquo;eau. Les micelles contenues dans sa formule permettent une parfaite micro-\u00e9mulsion des impuret\u00e9s tout en respectant l\u2019\u00e9quilibre cutan\u00e9 (sans savon, pH physiologique).<\/p>\n<p>\u2022\u00a0Les actifs apaisants et d\u00e9congestionnants de\u00a0Sensibio\u00a0H2O\u00a0pr\u00e9viennent les sensations d\u2019irritation souvent li\u00e9es au nettoyage et au d\u00e9maquillage.<\/p>\n<p>\u2022\u00a0<strong>Sensibio<\/strong>\u00a0H2O\u00a0garantit une excellente tol\u00e9rance cutan\u00e9e et oculaire (test\u00e9 sous contr\u00f4le ophtalmologique).<\/p>","protected":false},"featured_media":23005,"template":"","meta":{"arc_restricted_post":false},"product_cat":[330,48],"product_tag":[],"_links":{"self":[{"href":"https:\/\/www.sopha-sahara.com\/en\/wp-json\/wp\/v2\/product\/22859"}],"collection":[{"href":"https:\/\/www.sopha-sahara.com\/en\/wp-json\/wp\/v2\/product"}],"about":[{"href":"https:\/\/www.sopha-sahara.com\/en\/wp-json\/wp\/v2\/types\/product"}],"wp:featuredmedia":[{"embeddable":true,"href":"https:\/\/www.sopha-sahara.com\/en\/wp-json\/wp\/v2\/media\/23005"}],"wp:attachment":[{"href":"https:\/\/www.sopha-sahara.com\/en\/wp-json\/wp\/v2\/media?parent=22859"}],"wp:term":[{"taxonomy":"product_cat","embeddable":true,"href":"https:\/\/www.sopha-sahara.com\/en\/wp-json\/wp\/v2\/product_cat?post=22859"},{"taxonomy":"product_tag","embeddable":true,"href":"https:\/\/www.sopha-sahara.com\/en\/wp-json\/wp\/v2\/product_tag?post=22859"}],"curies":[{"name":"wp","href":"https:\/\/api.w.org\/{rel}","templated":true}]}}