{"id":22856,"date":"2020-12-14T15:40:41","date_gmt":"2020-12-14T14:40:41","guid":{"rendered":"https:\/\/www.interbusinesschamber.com\/produit\/bioderma-sebium-h2o-250ml-solution-micellaire\/"},"modified":"2020-12-31T10:52:29","modified_gmt":"2020-12-31T09:52:29","slug":"bioderma-sebium-h2o-250ml-solution-micellaire","status":"publish","type":"product","link":"https:\/\/www.sopha-sahara.com\/en\/product\/bioderma-sebium-h2o-250ml-solution-micellaire\/","title":{"rendered":"BIODERMA SEBIUM H2O 250ML SOLUTION MICELLAIRE"},"content":{"rendered":"<p><strong>Conseils d'utilisation<\/strong><\/p>\n<p>\u2022\u00a0S\u00e9bium\u00a0H2O\u00a0est une formule nettoyante ultra-douce, utilisez-la avec infiniment de douceur. Imbibez un coton de\u00a0S\u00e9bium\u00a0H2O\u00a0et nettoyez votre visage. Renouvelez l\u2019application jusqu\u2019\u00e0 ce que le coton soit propre.<\/p>\n<p>\u2022\u00a0S\u00e9bium\u00a0H2O\u00a0peut s\u2019utiliser sans rin\u00e7age. Il est toutefois imp\u00e9ratif de s\u00e9cher votre peau. Le s\u00e9chage doit rester d\u00e9licat. Tamponnez votre visage avec une serviette en coton propre.<\/p>\n<p>\u2022\u00a0S\u00e9bium\u00a0H2O\u00a0s\u2019utilise matin et soir.<\/p>","protected":false},"excerpt":{"rendered":"<p>La solution micellaire de r\u00e9f\u00e9rence qui nettoie et purifie au quotidien les peaux mixtes ou grasses.<\/p>\n<p>\u2022\u00a0Innovation BIODERMA,\u00a0S\u00e9bium\u00a0H2O\u00a0nettoie la peau en douceur sans dess\u00e9cher par un processus de micro-\u00e9mulsion des impuret\u00e9s et de l\u2019exc\u00e8s de s\u00e9bum.<\/p>\n<p>\u2022\u00a0Enrichi en actifs purifiants,\u00a0S\u00e9bium\u00a0H2O\u00a0assainit l\u2019\u00e9piderme et limite la s\u00e9cr\u00e9tion s\u00e9bac\u00e9e. Le complexe s\u00e9bo-correcteur brevet\u00e9\u00a0Fluidactiv\u00ae\u00a0normalise la qualit\u00e9 du s\u00e9bum.<\/p>\n<p>\u2022\u00a0S\u00e9bium\u00a0H2O\u00a0garantit une excellente tol\u00e9rance cutan\u00e9e et oculaire.<\/p>\n<p>\u2022\u00a0Non com\u00e9dog\u00e8ne.<\/p>","protected":false},"featured_media":22989,"template":"","meta":{"arc_restricted_post":false},"product_cat":[330,48],"product_tag":[],"_links":{"self":[{"href":"https:\/\/www.sopha-sahara.com\/en\/wp-json\/wp\/v2\/product\/22856"}],"collection":[{"href":"https:\/\/www.sopha-sahara.com\/en\/wp-json\/wp\/v2\/product"}],"about":[{"href":"https:\/\/www.sopha-sahara.com\/en\/wp-json\/wp\/v2\/types\/product"}],"wp:featuredmedia":[{"embeddable":true,"href":"https:\/\/www.sopha-sahara.com\/en\/wp-json\/wp\/v2\/media\/22989"}],"wp:attachment":[{"href":"https:\/\/www.sopha-sahara.com\/en\/wp-json\/wp\/v2\/media?parent=22856"}],"wp:term":[{"taxonomy":"product_cat","embeddable":true,"href":"https:\/\/www.sopha-sahara.com\/en\/wp-json\/wp\/v2\/product_cat?post=22856"},{"taxonomy":"product_tag","embeddable":true,"href":"https:\/\/www.sopha-sahara.com\/en\/wp-json\/wp\/v2\/product_tag?post=22856"}],"curies":[{"name":"wp","href":"https:\/\/api.w.org\/{rel}","templated":true}]}}