{"id":22855,"date":"2020-12-14T15:40:41","date_gmt":"2020-12-14T14:40:41","guid":{"rendered":"https:\/\/www.interbusinesschamber.com\/produit\/bioderma-gel-moussant-200ml-et-dun-change-intensif-achete-trousse-et-sucette-offerts\/"},"modified":"2020-12-31T10:38:23","modified_gmt":"2020-12-31T09:38:23","slug":"bioderma-gel-moussant-200ml-et-dun-change-intensif-achete-trousse-et-sucette-offerts","status":"publish","type":"product","link":"https:\/\/www.sopha-sahara.com\/en\/product\/bioderma-gel-moussant-200ml-et-dun-change-intensif-achete-trousse-et-sucette-offerts\/","title":{"rendered":"BIODERMA GEL MOUSSANT 200ML ET D\u2019UN CHANGE INTENSIF ACHETE + TROUSSE ET SUCETTE OFFERTS"},"content":{"rendered":"<div class=\"price\">\n<div><strong>CONSEILS D'UTILISATION<\/strong>\u00a0:<\/div>\n<div>\u00a0<\/div>\n<\/div>\n<div>Appliquez ABCDerm P\u00e9ri-oral 2 \u00e0 3 fois par jour sur la zone irrit\u00e9e du contour de la bouche.<\/div>\n<div>\n<h4>BIODERMA ABCDERM SHAMP 200 ML<\/h4>\n<div id=\"descriptions\" class=\"description\">\n<div>Sp\u00e9cifiquement formul\u00e9 selon l\u2019engagement de s\u00e9curit\u00e9 dermatologique ABCDerm, ABCDerm Shampooing nettoie en douceur les cheveux et le cuir chevelu d\u00e9licat des enfants.\u00a0<\/div>\n<div>\u00a0<\/div>\n<div>Sa base lavante contient des tensio-actifs doux, qui respectent l\u2019\u00e9quilibre capillaire des plus petits et assurent une tr\u00e8s bonne tol\u00e9rance cutan\u00e9e et oculaire.<\/div>\n<div>\u00a0<\/div>\n<div>Les cheveux sont soyeux, faciles \u00e0 coiffer.<\/div>\n<div>\u00a0<\/div>\n<div>Ne pique pas les yeux.<\/div>\n<\/div>\n<div class=\"conseils\">\n<h4 class=\"title-block\">Conseils d'utilisation<\/h4>\n<div>- Appliquer ABCDerm Shampooing sur cheveux mouill\u00e9s. Faire mousser puis rincer abondamment.\u00a0<\/div>\n<div>- Peigner et proc\u00e9der au coiffage.<\/div>\n<div>- Pour d\u00e9m\u00ealer les petits n\u0153uds, appliquer ensuite ABCDerm Spray d\u00e9m\u00ealant sans rin\u00e7age.<\/div>\n<div>\u00a0<\/div>\n<div>Pour des raisons d\u2019hygi\u00e8ne, nous vous recommandons de bien fermer le produit apr\u00e8s utilisation.<\/div>\n<\/div>\n<div class=\"composition\">\n<h4 class=\"title-block\">Composition<\/h4>\n<div>AQUA\/WATER\/EAU, CAPRYLYL\/CAPRYL GLUCOSIDE, PEG-15 COCOPOLYAMINE, CAPRYLOYL GLYCINE, PENTYLENE GLYCOL, XANTHAN GUM, LACTIC ACID, SODIUM PCA, QUATERNIUM-80, PROPYLENE GLYCOL, SODIUM CITRATE, VP\/DIMETHYLAMINOETHYLMETHACRYLATE COPOLYMER, SODIUM HYDROXIDE, FRAGRANCE (PARFUM).<\/div>\n<\/div>\n<div>\u00a0<\/div>\n<\/div>","protected":false},"excerpt":{"rendered":"<p>BIODERMA ABCDERM PERI-ORAL 40 ML<\/p>\n<form id=\"buy_block\" action=\"http:\/\/www.parapharma.ma\/panier\" method=\"post\">\n<div class=\"price\">\n<div>Soin sp\u00e9cifique des irritations du contour de la bouche.\u00a0<br \/>Nourrisson de plus de 3 mois et enfant de moins de 5 ans. ABCDerm P\u00e9ri-oral est le seul soin sp\u00e9cifique des irritations cutan\u00e9es du contour de la bouche.\u00a0<br \/>Seul produit agissant directement sur la cause de l&rsquo;irritation, il lutte contre l&rsquo;amylase, enzyme pr\u00e9sente dans la salive et facteur aggravant des rougeurs.\u00a0<br \/>Son puissant actif apaisant agit rapidement sur le ph\u00e9nom\u00e8ne inflammatoire.\u00a0<br \/>Son association de cuivre et de zinc \u00e0 l&rsquo;activit\u00e9 anti-bact\u00e9rienne reconnue \u00e9vite la surinfection.\u00a0<br \/>Riche en actifs restructurants et hydratants, il r\u00e9pare l&rsquo;\u00e9piderme.\u00a0<br \/>Facile \u00e0 \u00e9taler et ne laisse pas de trace blanche sur la peau.<\/div>\n<\/div>\n<\/form>","protected":false},"featured_media":22947,"template":"","meta":{"arc_restricted_post":false},"product_cat":[330,48],"product_tag":[],"_links":{"self":[{"href":"https:\/\/www.sopha-sahara.com\/en\/wp-json\/wp\/v2\/product\/22855"}],"collection":[{"href":"https:\/\/www.sopha-sahara.com\/en\/wp-json\/wp\/v2\/product"}],"about":[{"href":"https:\/\/www.sopha-sahara.com\/en\/wp-json\/wp\/v2\/types\/product"}],"wp:featuredmedia":[{"embeddable":true,"href":"https:\/\/www.sopha-sahara.com\/en\/wp-json\/wp\/v2\/media\/22947"}],"wp:attachment":[{"href":"https:\/\/www.sopha-sahara.com\/en\/wp-json\/wp\/v2\/media?parent=22855"}],"wp:term":[{"taxonomy":"product_cat","embeddable":true,"href":"https:\/\/www.sopha-sahara.com\/en\/wp-json\/wp\/v2\/product_cat?post=22855"},{"taxonomy":"product_tag","embeddable":true,"href":"https:\/\/www.sopha-sahara.com\/en\/wp-json\/wp\/v2\/product_tag?post=22855"}],"curies":[{"name":"wp","href":"https:\/\/api.w.org\/{rel}","templated":true}]}}