{"id":22854,"date":"2020-12-14T15:40:41","date_gmt":"2020-12-14T14:40:41","guid":{"rendered":"https:\/\/www.interbusinesschamber.com\/produit\/bioderma-sensibio-creme-riche-40ml-peaux-seches-a-tres-seches\/"},"modified":"2020-12-31T10:55:57","modified_gmt":"2020-12-31T09:55:57","slug":"bioderma-sensibio-creme-riche-40ml-peaux-seches-a-tres-seches","status":"publish","type":"product","link":"https:\/\/www.sopha-sahara.com\/en\/product\/bioderma-sensibio-creme-riche-40ml-peaux-seches-a-tres-seches\/","title":{"rendered":"BIODERMA SENSIBIO CREME RICHE 40ML PEAUX S\u00c8CHES \u00c0 TR\u00c8S S\u00c8CHES"},"content":{"rendered":"<h4 class=\"subproduct-heading\">Conseils d'utilisation<\/h4>\n<div class=\"subproduct-heading\">Appliquez Sensibio Riche sur votre visage et votre cou<\/div>\n<div class=\"subproduct-heading\">\u00a0<\/div>\n<h4>Composition<\/h4>\n<p>Sans parfum - hypoallerg\u00e9nique.<\/p>","protected":false},"excerpt":{"rendered":"<p>Bioderma Sensibio riche-cr\u00e8me apaisante pour peaux s\u00e8ches \u00e0 tr\u00e8s s\u00e8ches 40ml apporte une hydratation optimale. Face aux agressions ext\u00e9rieures, la couche \u00e9pidermique ne retrouve plus son confort. Elle se d\u00e9shydrate et perd sa souplesse. Pour y rem\u00e9dier, les laboratoires Bioderma ont con\u00e7u Sensibio riche-cr\u00e8me apaisante riche peaux s\u00e8ches \u00e0 tr\u00e8s s\u00e8ches 40ml.<\/p>\n<p>Ce soin r\u00e9hydrate et apaise l\u00e9piderme sensible. De plus, ce produit prot\u00e8ge les cutis contre les attaques externes. Il nourrit et r\u00e9pare la membrane cutan\u00e9e.<\/p>\n<p>En outre, cette formule est efficace gr\u00e2ce \u00e0 ses actifs comme la glyc\u00e9rine. Cette derni\u00e8re est reconnue pour ses vertus hydratantes. Elle adoucit et assouplit l&rsquo;enveloppe corporelle.<\/p>\n<p>Ce traitement renferme aussi d&rsquo;huile min\u00e9rale qui reconstitue le film lipidique protecteur du derme. Ce composant contribue \u00e0 une r\u00e9g\u00e9n\u00e9ration des cellules.<\/p>\n<p>Par ailleurs, Bioderma Sensibio riche-cr\u00e8me apaisante riche peaux s\u00e8ches \u00e0 tr\u00e8s s\u00e8ches 40ml est hypoallerg\u00e9nique et non com\u00e9dog\u00e8ne. De ce fait, il ne procure aucun effet ind\u00e9sirable aux utilisateurs.<\/p>\n<p>Indication: Peaux sensibles s\u00e8ches \u00e0 tr\u00e8s s\u00e8ches<\/p>","protected":false},"featured_media":22998,"template":"","meta":{"arc_restricted_post":false},"product_cat":[330,48],"product_tag":[],"_links":{"self":[{"href":"https:\/\/www.sopha-sahara.com\/en\/wp-json\/wp\/v2\/product\/22854"}],"collection":[{"href":"https:\/\/www.sopha-sahara.com\/en\/wp-json\/wp\/v2\/product"}],"about":[{"href":"https:\/\/www.sopha-sahara.com\/en\/wp-json\/wp\/v2\/types\/product"}],"wp:featuredmedia":[{"embeddable":true,"href":"https:\/\/www.sopha-sahara.com\/en\/wp-json\/wp\/v2\/media\/22998"}],"wp:attachment":[{"href":"https:\/\/www.sopha-sahara.com\/en\/wp-json\/wp\/v2\/media?parent=22854"}],"wp:term":[{"taxonomy":"product_cat","embeddable":true,"href":"https:\/\/www.sopha-sahara.com\/en\/wp-json\/wp\/v2\/product_cat?post=22854"},{"taxonomy":"product_tag","embeddable":true,"href":"https:\/\/www.sopha-sahara.com\/en\/wp-json\/wp\/v2\/product_tag?post=22854"}],"curies":[{"name":"wp","href":"https:\/\/api.w.org\/{rel}","templated":true}]}}