{"id":22853,"date":"2020-12-14T15:40:41","date_gmt":"2020-12-14T14:40:41","guid":{"rendered":"https:\/\/www.interbusinesschamber.com\/produit\/bioderma-pigmentbio-h20-eau-micellaire-250-ml\/"},"modified":"2020-12-31T10:52:01","modified_gmt":"2020-12-31T09:52:01","slug":"bioderma-pigmentbio-h20-eau-micellaire-250-ml","status":"publish","type":"product","link":"https:\/\/www.sopha-sahara.com\/en\/product\/bioderma-pigmentbio-h20-eau-micellaire-250-ml\/","title":{"rendered":"BIODERMA PIGMENTBIO H20 EAU MICELLAIRE 250 ML"},"content":{"rendered":"","protected":false},"excerpt":{"rendered":"<p><strong>Bioderma Pigmentbio H2O<\/strong>\u00a0est une eau nettoyante micellaire sp\u00e9cialement formul\u00e9e pour les peaux hyperpigment\u00e9es. En raison de sa combinaison brevet\u00e9e d&rsquo;ingr\u00e9dients actifs, qui r\u00e9gule les m\u00e9canismes biologiques responsables des taches sombres, ce produit nettoyant est la premi\u00e8re \u00e9tape parfaite de tout programme de soin d\u00e9pigmentant. La formule douce, qui poss\u00e8de une tr\u00e8s bonne tol\u00e9rance cutan\u00e9e et oculaire, \u00e9limine le maquillage du visage et des yeux sans provoquer d&rsquo;irritation, ce qui la rend id\u00e9ale pour les types de peaux sensibles.<\/p>\n<p>Verser\u00a0<strong>Bioderma Pigmentbio H2O<\/strong>\u00a0sur un coton et appliquer sur la peau et le cou afin de nettoyer et\u00a0<strong>Bioderma Pigmentbio H2O<\/strong>\u00a0. Pat la peau s\u00e8che, puis continuez avec votre routine de soin habituel.<\/p>","protected":false},"featured_media":22981,"template":"","meta":{"arc_restricted_post":false},"product_cat":[330,48],"product_tag":[],"_links":{"self":[{"href":"https:\/\/www.sopha-sahara.com\/en\/wp-json\/wp\/v2\/product\/22853"}],"collection":[{"href":"https:\/\/www.sopha-sahara.com\/en\/wp-json\/wp\/v2\/product"}],"about":[{"href":"https:\/\/www.sopha-sahara.com\/en\/wp-json\/wp\/v2\/types\/product"}],"wp:featuredmedia":[{"embeddable":true,"href":"https:\/\/www.sopha-sahara.com\/en\/wp-json\/wp\/v2\/media\/22981"}],"wp:attachment":[{"href":"https:\/\/www.sopha-sahara.com\/en\/wp-json\/wp\/v2\/media?parent=22853"}],"wp:term":[{"taxonomy":"product_cat","embeddable":true,"href":"https:\/\/www.sopha-sahara.com\/en\/wp-json\/wp\/v2\/product_cat?post=22853"},{"taxonomy":"product_tag","embeddable":true,"href":"https:\/\/www.sopha-sahara.com\/en\/wp-json\/wp\/v2\/product_tag?post=22853"}],"curies":[{"name":"wp","href":"https:\/\/api.w.org\/{rel}","templated":true}]}}