{"id":22852,"date":"2020-12-14T15:40:41","date_gmt":"2020-12-14T14:40:41","guid":{"rendered":"https:\/\/www.interbusinesschamber.com\/produit\/bioderma-photoderm-ar-spf-50-30-ml\/"},"modified":"2020-12-29T16:11:55","modified_gmt":"2020-12-29T15:11:55","slug":"bioderma-photoderm-ar-spf-50-30-ml","status":"publish","type":"product","link":"https:\/\/www.sopha-sahara.com\/en\/product\/bioderma-photoderm-ar-spf-50-30-ml\/","title":{"rendered":"BIODERMA PHOTODERM AR SPF 50+ (30 ML)"},"content":{"rendered":"<p><strong>UTILISATION:<\/strong>\u00a0<\/p>\n<p>Apr\u00e8s avoir soigneusement nettoy\u00e9 et s\u00e9ch\u00e9 votre peau, appliquez Bioderma Photoderm AR uniform\u00e9ment Photoderm AR.\u00a0<br \/>L\u2019application d\u2019une noisette de 1cm de diam\u00e8tre de Photoderm AR sur un cercle de peau d\u2019environ 20 cm permet d\u2019obtenir un film photoprotecteur de SPF 50 et un IP UVA exceptionnellement \u00e9lev\u00e9.\u00a0<br \/>Pensez \u00e0 renouveler l\u2019application toutes les deux heures (plus la peau est claire, plus il faut renouveler souvent l\u2019application), ou apr\u00e8s \u00e9limination (frottements, essuyage, \u2026).\u00a0<\/p>\n<p><strong>COMPOSANTS:<\/strong>\u00a0<\/p>\n<p>\u00e9mulsion E\/H, compos\u00e9 m\u00e9thoxycinnamique, octyltriazone, d\u00e9riv\u00e9 du dibenzoylm\u00e9thane, benzylid\u00e8ne camphre, complexe min\u00e9ral r\u00e9fl\u00e9chissant, d\u00e9riv\u00e9 glycyrrh\u00e9tinique, AGE, paraben, ph\u00e9noxy\u00e9thanol, MTA, excipient qsp 100 %.\u00a0<br \/>formule INCI : Aqua, caprylic\/capric triglyceride, isoamyl p-methoxycinnamate, titanium dioxide, butyl methoxydibenzoylmethane, butylene glycol, zinc oxide, octyl triazone, sorbitan isostearate, polyglyceryl-3 ricinoleate, sodium chloride, 4-methylbenzylidene camphor, triethanolamine, PEG-30 dipolyhydroxystearate, silica dimethyl silylate, Cera alba, tocopheryl acetate, phenoxyethanol, trilinolein, iodopropynyl butylcarbamate, triolein, trilinolenin, tristearin, triarachidin, tripalmitin, methylparaben, propylparaben, butylparaben, ethylparaben.\u00a0<\/p>","protected":false},"excerpt":{"rendered":"<p>Bioderma Photoderm AR assure une tr\u00e8s haute protection solaire sp\u00e9cifique des peaux sensibles et r\u00e9actives.\u00a0<br \/>La couleur tr\u00e8s naturelle de la cr\u00e8me, adapt\u00e9e aux peaux claires, unifie le teint.\u00a0<\/p>\n<p>Photoderm AR , une avanc\u00e9e majeurs contre les risques de dommages cellulaires: son nouveau systeme filtrant anti-UVA_UVB et son complexe brevet\u00e9 exclusif BIOprotection Celluleire permettent une protection optimale \u00e0 long terme des cellules de la peau.\u00a0<\/p>\n<p>Issue de la recherche Bioderma , sa performance inegal\u00e9e \u00ab\u00a0anti-UVA exteme\u00a0\u00bb lutte contre le vieillissement cutan\u00e9 pr\u00e9matur\u00e9 et son efficacit\u00e9 anti-UVB tr\u00e8s \u00e9lev\u00e9e prot\u00e8ge en toute securit\u00e9 des coups de soleil.\u00a0<\/p>\n<p>Grace \u00e0 l&rsquo;efficacit\u00e9 des actifs anti-rougeurs, le complexe brevet\u00e9 et novateur Rosactiv apaise l&rsquo;epiderme et permet de lutter durablement contre l&rsquo;installation et l&rsquo;aggravation des rougeurs diffuses.\u00a0<\/p>","protected":false},"featured_media":22965,"template":"","meta":{"arc_restricted_post":false},"product_cat":[330,48],"product_tag":[],"_links":{"self":[{"href":"https:\/\/www.sopha-sahara.com\/en\/wp-json\/wp\/v2\/product\/22852"}],"collection":[{"href":"https:\/\/www.sopha-sahara.com\/en\/wp-json\/wp\/v2\/product"}],"about":[{"href":"https:\/\/www.sopha-sahara.com\/en\/wp-json\/wp\/v2\/types\/product"}],"wp:featuredmedia":[{"embeddable":true,"href":"https:\/\/www.sopha-sahara.com\/en\/wp-json\/wp\/v2\/media\/22965"}],"wp:attachment":[{"href":"https:\/\/www.sopha-sahara.com\/en\/wp-json\/wp\/v2\/media?parent=22852"}],"wp:term":[{"taxonomy":"product_cat","embeddable":true,"href":"https:\/\/www.sopha-sahara.com\/en\/wp-json\/wp\/v2\/product_cat?post=22852"},{"taxonomy":"product_tag","embeddable":true,"href":"https:\/\/www.sopha-sahara.com\/en\/wp-json\/wp\/v2\/product_tag?post=22852"}],"curies":[{"name":"wp","href":"https:\/\/api.w.org\/{rel}","templated":true}]}}