{"id":22851,"date":"2020-12-14T15:40:41","date_gmt":"2020-12-14T14:40:41","guid":{"rendered":"https:\/\/www.interbusinesschamber.com\/produit\/bioderma-node-k-shampooing-150ml-kerato-reducteur\/"},"modified":"2020-12-29T15:55:46","modified_gmt":"2020-12-29T14:55:46","slug":"bioderma-node-k-shampooing-150ml-kerato-reducteur","status":"publish","type":"product","link":"https:\/\/www.sopha-sahara.com\/en\/product\/bioderma-node-k-shampooing-150ml-kerato-reducteur\/","title":{"rendered":"BIODERMA NODE K SHAMPOOING 150ML K\u00c9RATO-R\u00c9DUCTEUR"},"content":{"rendered":"<p><strong>indications<\/strong>\u00a0:<br \/>Shampooing des \u00e9tats squameux s\u00e9v\u00e8res et chroniques en plaques.<\/p>\n<p>R\u00e9gule la prolif\u00e9ration des squames tenaces.<br \/>Diminue les rougeurs.<br \/>Gaine le cheveu.<br \/>Sans parfum.<\/p>\n<p>Etat squameux s\u00e9v\u00e8re avec zones s\u00e8ches :<br \/>Vous avez des plaques s\u00e8ches plus ou moins \u00e9paissies, bien d\u00e9limit\u00e9es, arrondies ou ovalaires, associant rougeurs et squames. Ces squames sont blanches argent\u00e9es, compactes, s\u00e8ches et particuli\u00e8rement adh\u00e9rentes. Elles peuvent masquer la totalit\u00e9 des rougeurs sous-jacentes ou les laisser appara\u00eetre en p\u00e9riph\u00e9rie. Elles s\u2019accompagnent la plupart du temps d\u2019importantes d\u00e9mangeaisons.<br \/>Vous cherchez un soin sp\u00e9cifique adapt\u00e9 aux \u00e9tats pelliculaires s\u00e9v\u00e8res avec zones s\u00e8ches.<\/p>\n<p><strong>Formule<\/strong>\u00a0:<br \/>Formule sans parfun<\/p>\n<p>Ingr\u00e9dients : water (aqua),\u00a0 wood extract,sodium cocoamphoacetate,polyquaternium-43, zanthoxylum alatum extract, mannitol, xylitol, rhamnose, fructooligosaccharides, laminaria ochroleuca extract, plectranthus barbatus root extract, c12-13 alkyl lactate, acrylates\/steareth-20 methacrylate copolymer, , oleyl alcohol, caprylic\/capric triglyceride.<\/p>\n<p><strong>Conseils d'utilisation<\/strong>\u00a0:<br \/>En p\u00e9riode d\u2019attaque : 3 shampooings par semaine pendant 3 semaines.<br \/>En p\u00e9riode d\u2019entretien : 1 \u00e0 2 shampooings par semaine selon la prescription.<\/p>\n<p>Faites mousser Nod\u00e9 K Shampooing en massant d\u00e9licatement le cuir chevelu.<\/p>\n<p>Rincez et renouvelez l\u2019op\u00e9ration. Laissez agir 5 minutes, puis rincez abondamment.<\/p>\n<p>Pour un effet optimal, utilisez pr\u00e9alablement Nod\u00e9 K \u00c9mulsion.<\/p>\n<p>Evitez le contact avec les yeux. Ne pas utiliser chez l\u2019enfant en dessous de 3 ans (pr\u00e9sence d\u2019acide salicylique).<\/p>\n<p>En cas de rougeurs intenses, diminuez la fr\u00e9quence d\u2019utilisation.<\/p>\n<p>En relais et\/ou en alternance, nous vous recommandons d\u2019utiliser Nod\u00e9 Fluide, shampooing ultra-douceur \u00e0 usage fr\u00e9quent.<\/p>","protected":false},"excerpt":{"rendered":"<p>Shampooing K\u00e9rator\u00e9ducteur<br \/>Le shampooing destin\u00e9 aux \u00e9tats squameux s\u00e9v\u00e8res et chroniques se manifestant par des plaques s\u00e8ches \u00e9paissies souvent associ\u00e9es \u00e0 des d\u00e9mangeaisons.<\/p>\n<p>La formule originale de Nod\u00e9 K Shampooing active l\u2019\u00e9limination des plaques s\u00e8ches du cuir chevelu et pr\u00e9vient leur r\u00e9apparition gr\u00e2ce \u00e0 de puissants agents k\u00e9ratolytiques et k\u00e9rator\u00e9gulateurs : l\u2019acide salicylique et l\u2019hydrolat de cade.<\/p>\n<p>Nod\u00e9 K Shampooing est enrichi d\u2019un agent apaisant intense, la forskoline (Coleus barbatus).<br \/>Il limite l\u2019incitation au grattage gr\u00e2ce \u00e0 la pr\u00e9sence d\u2019un extrait de Zanthoxylum.<\/p>\n<p>La base lavante douce respecte l&rsquo;int\u00e9grit\u00e9 du cuir chevelu et du cheveu.<\/p>\n<p>Nod\u00e9 K Shampooing apporte \u00e9galement brillance, souplesse et volume aux cheveux.<\/p>","protected":false},"featured_media":22961,"template":"","meta":{"arc_restricted_post":false},"product_cat":[330,48],"product_tag":[],"_links":{"self":[{"href":"https:\/\/www.sopha-sahara.com\/en\/wp-json\/wp\/v2\/product\/22851"}],"collection":[{"href":"https:\/\/www.sopha-sahara.com\/en\/wp-json\/wp\/v2\/product"}],"about":[{"href":"https:\/\/www.sopha-sahara.com\/en\/wp-json\/wp\/v2\/types\/product"}],"wp:featuredmedia":[{"embeddable":true,"href":"https:\/\/www.sopha-sahara.com\/en\/wp-json\/wp\/v2\/media\/22961"}],"wp:attachment":[{"href":"https:\/\/www.sopha-sahara.com\/en\/wp-json\/wp\/v2\/media?parent=22851"}],"wp:term":[{"taxonomy":"product_cat","embeddable":true,"href":"https:\/\/www.sopha-sahara.com\/en\/wp-json\/wp\/v2\/product_cat?post=22851"},{"taxonomy":"product_tag","embeddable":true,"href":"https:\/\/www.sopha-sahara.com\/en\/wp-json\/wp\/v2\/product_tag?post=22851"}],"curies":[{"name":"wp","href":"https:\/\/api.w.org\/{rel}","templated":true}]}}