{"id":22850,"date":"2020-12-14T15:40:41","date_gmt":"2020-12-14T14:40:41","guid":{"rendered":"https:\/\/www.interbusinesschamber.com\/produit\/bioderma-node-k-emulsion-100ml-kerato-reductrice\/"},"modified":"2020-12-29T15:54:41","modified_gmt":"2020-12-29T14:54:41","slug":"bioderma-node-k-emulsion-100ml-kerato-reductrice","status":"publish","type":"product","link":"https:\/\/www.sopha-sahara.com\/en\/product\/bioderma-node-k-emulsion-100ml-kerato-reductrice\/","title":{"rendered":"BIODERMA NODE K EMULSION 100ML K\u00c9RATO-R\u00c9DUCTRICE"},"content":{"rendered":"<p><strong>Conseils d'utilisation<\/strong><\/p>\n<p class=\"bodytext\">\u2022En p\u00e9riode d\u2019attaque : 2 applications par semaine pendant 3 semaines.<br \/>\u00a0\u00a0 En p\u00e9riode d\u2019entretien : 2 applications par mois.<\/p>\n<p>\u2022Appliquez\u00a0Nod\u00e9\u00a0K Emulsion\u00a0sur le cuir chevelu (ou le corps) sec et non lav\u00e9, au niveau des zones concern\u00e9es.<\/p>\n<p>\u2022Laissez agir 15 minutes ou plus selon la prescription, puis utilisez directement NODE K SHAMPOOING.<br \/>\u2022Evitez le contact avec les yeux. Ne pas utiliser chez l\u2019enfant en dessous de 3 ans (pr\u00e9sence d\u2019acide salicylique).<\/p>\n<p>\u2022En cas de rougeurs intenses, diminuez la fr\u00e9quence d\u2019utilisation.<\/p>\n<p class=\"bodytext\">\u00a0<\/p>\n<p class=\"bodytext\">Caract\u00e9ristiques<\/p>\n<p class=\"bodytext\"><strong>Ingr\u00e9dients<\/strong><\/p>\n<p class=\"bodytext\">WATER (AQUA), GLYCOLIC ACID, BUTYROSPERMUM PARKII (SHEA BUTTER), PETROLATUM, DIPROPYLENE GLYCOL, SODIUM HYDROXIDE, OCTYLDODECANOL, SALICYLIC ACID, ARACHIDYL ALCOHOL, DIMETHICONE, GLYCERYL STEARATE, PEG-100 STEA- RATE, XANTHAN GUM, ZANTHOXYLUM ALATUM EXTRACT, MANNITOL, XYLITOL, RHAMNOSE, FRUCTOOLIGOSACCHARIDES, LAMINARIA OCHROLEUCA EXTRACT, BEHENYL ALCOHOL, POLYACRYLAMIDE, ARACHIDYL GLUCOSIDE, OLEYL ALCOHOL, C13-14 ISOPARAFFIN, LAURETH-7, CAPRYLIC\/CAPRIC TRIGLYCERIDE.<\/p>","protected":false},"excerpt":{"rendered":"<p>Le soin capillaire destin\u00e9 aux \u00e9tats squameux s\u00e9v\u00e8res et chroniques se manifestant par des plaques s\u00e8ches \u00e9paissies souvent associ\u00e9es \u00e0 des d\u00e9mangeaisons.<\/p>\n<p>\u2022Nod\u00e9\u00a0K Emulsion\u00a0active l\u2019\u00e9limination des plaques adh\u00e9rentes et \u00e9vite leur r\u00e9apparition gr\u00e2ce \u00e0 l&rsquo;action synergique de l&rsquo;acide glycolique et de l&rsquo;acide sali- cylique, puissants agents k\u00e9ratolytiques et k\u00e9rator\u00e9ducteurs.<\/p>\n<p>\u2022Le karit\u00e9 et la vaseline, agents \u00e9mollients intenses, contribuent \u00e0 diminuer l&rsquo;aspect sec et \u00e0 r\u00e9tablir le confort cutan\u00e9.<\/p>\n<p>\u2022L&rsquo;action apaisante de l\u2019extrait de Zanthoxylum limite l&rsquo;incitation au grattage. Sans parfum,\u00a0Nod\u00e9\u00a0K Emulsion\u00a0restaure le confort cutan\u00e9.<\/p>\n<p>\u2022Con\u00e7ue pour une utilisation sans contrainte, la texture \u00ab\u00a0cr\u00e8me\u00a0\u00bb de\u00a0Nod\u00e9\u00a0K Emulsion\u00a0permet de laisser poser hors de la douche sans couler.<\/p>","protected":false},"featured_media":22960,"template":"","meta":{"arc_restricted_post":false},"product_cat":[330,48],"product_tag":[],"_links":{"self":[{"href":"https:\/\/www.sopha-sahara.com\/en\/wp-json\/wp\/v2\/product\/22850"}],"collection":[{"href":"https:\/\/www.sopha-sahara.com\/en\/wp-json\/wp\/v2\/product"}],"about":[{"href":"https:\/\/www.sopha-sahara.com\/en\/wp-json\/wp\/v2\/types\/product"}],"wp:featuredmedia":[{"embeddable":true,"href":"https:\/\/www.sopha-sahara.com\/en\/wp-json\/wp\/v2\/media\/22960"}],"wp:attachment":[{"href":"https:\/\/www.sopha-sahara.com\/en\/wp-json\/wp\/v2\/media?parent=22850"}],"wp:term":[{"taxonomy":"product_cat","embeddable":true,"href":"https:\/\/www.sopha-sahara.com\/en\/wp-json\/wp\/v2\/product_cat?post=22850"},{"taxonomy":"product_tag","embeddable":true,"href":"https:\/\/www.sopha-sahara.com\/en\/wp-json\/wp\/v2\/product_tag?post=22850"}],"curies":[{"name":"wp","href":"https:\/\/api.w.org\/{rel}","templated":true}]}}