{"id":22849,"date":"2020-12-14T15:40:41","date_gmt":"2020-12-14T14:40:41","guid":{"rendered":"https:\/\/www.interbusinesschamber.com\/produit\/bioderma-node-s-masque-200ml-concentre-restructurant\/"},"modified":"2020-12-31T10:41:23","modified_gmt":"2020-12-31T09:41:23","slug":"bioderma-node-s-masque-200ml-concentre-restructurant","status":"publish","type":"product","link":"https:\/\/www.sopha-sahara.com\/en\/product\/bioderma-node-s-masque-200ml-concentre-restructurant\/","title":{"rendered":"BIODERMA NODE S MASQUE 200ML CONCENTR\u00c9 RESTRUCTURANT"},"content":{"rendered":"<p><strong>Conseils d'utilisation<\/strong><\/p>\n<p>\u2022\u00a0Appliquez\u00a0Nod\u00e9\u00a0S Masque\u00a0sur cheveux lav\u00e9s avec\u00a0Nod\u00e9\u00a0S Shampooing-cr\u00e8me\u00a0restructurant et essor\u00e9s, des longueurs jusqu\u2019aux pointes.<\/p>\n<p>\u2022\u00a0Laissez poser\u00a0Nod\u00e9\u00a0S\u00a0Masque\u00a02 \u00e0 3 minutes, peignez puis rincez soigneusement.<\/p>","protected":false},"excerpt":{"rendered":"<p>Le masque concentr\u00e9 restructurant qui nourrit, r\u00e9pare et renforce les cheveux tr\u00e8s secs et ab\u00eem\u00e9s et leur redonne douceur et souplesse.<\/p>\n<p>\u2022\u00a0Richement dos\u00e9 en huile d\u2019amande douce et en trim\u00e9tylglycine,\u00a0Nod\u00e9\u00a0S\u00a0Masque\u00a0nourrit, gaine et r\u00e9pare la fibre capillaire.<\/p>\n<p>\u2022\u00a0Nod\u00e9\u00a0S\u00a0Masque\u00a0renforce la r\u00e9sistance naturelle des cheveux et les aide ainsi \u00e0 lutter contre les facteurs dess\u00e9chants (stress, pollution, brushing, couleurs\u2026).<\/p>\n<p>\u2022\u00a0Enrichi en agents d\u00e9m\u00ealants et adoucissants,\u00a0Nod\u00e9\u00a0S\u00a0Masque\u00a0facilite le coiffage sans alourdir les cheveux et \u00e9limine l\u2019\u00e9lectricit\u00e9 statique. Les cheveux retrouvent force, douceur, souplesse et brillance jusqu\u2019\u00e0 la pointe.<\/p>\n<p>\u2022\u00a0Nod\u00e9\u00a0S\u00a0Masque\u00a0garantit une excellente tol\u00e9rance.<\/p>","protected":false},"featured_media":22962,"template":"","meta":{"arc_restricted_post":false},"product_cat":[330,48],"product_tag":[],"_links":{"self":[{"href":"https:\/\/www.sopha-sahara.com\/en\/wp-json\/wp\/v2\/product\/22849"}],"collection":[{"href":"https:\/\/www.sopha-sahara.com\/en\/wp-json\/wp\/v2\/product"}],"about":[{"href":"https:\/\/www.sopha-sahara.com\/en\/wp-json\/wp\/v2\/types\/product"}],"wp:featuredmedia":[{"embeddable":true,"href":"https:\/\/www.sopha-sahara.com\/en\/wp-json\/wp\/v2\/media\/22962"}],"wp:attachment":[{"href":"https:\/\/www.sopha-sahara.com\/en\/wp-json\/wp\/v2\/media?parent=22849"}],"wp:term":[{"taxonomy":"product_cat","embeddable":true,"href":"https:\/\/www.sopha-sahara.com\/en\/wp-json\/wp\/v2\/product_cat?post=22849"},{"taxonomy":"product_tag","embeddable":true,"href":"https:\/\/www.sopha-sahara.com\/en\/wp-json\/wp\/v2\/product_tag?post=22849"}],"curies":[{"name":"wp","href":"https:\/\/api.w.org\/{rel}","templated":true}]}}