{"id":22848,"date":"2020-12-14T15:40:40","date_gmt":"2020-12-14T14:40:40","guid":{"rendered":"https:\/\/www.interbusinesschamber.com\/produit\/bioderma-node-s-shampoing-creme-200ml-restructurant\/"},"modified":"2020-12-31T10:41:37","modified_gmt":"2020-12-31T09:41:37","slug":"bioderma-node-s-shampoing-creme-200ml-restructurant","status":"publish","type":"product","link":"https:\/\/www.sopha-sahara.com\/en\/product\/bioderma-node-s-shampoing-creme-200ml-restructurant\/","title":{"rendered":"BIODERMA NODE S SHAMPOING-CREME 200ML RESTRUCTURANT"},"content":{"rendered":"<p><strong>Conseils d'utilisation<\/strong><\/p>\n<p>\u2022\u00a0Faites mousser\u00a0Nod\u00e9\u00a0S Shampooing-cr\u00e8me\u00a0en massant d\u00e9licatement le cuir chevelu.<\/p>\n<p>\u2022\u00a0Rincez abondamment\u00a0Nod\u00e9\u00a0S Shampooing-cr\u00e8me\u00a0et renouveler l\u2019op\u00e9ration si n\u00e9cessaire.<\/p>\n<p>\u2022\u00a0Pour un r\u00e9sultat optimal, utiliser ensuite\u00a0Nod\u00e9\u00a0S Masque concentr\u00e9 restructurant.<\/p>","protected":false},"excerpt":{"rendered":"<p>Le shampooing-cr\u00e8me restructurant qui nourrit, r\u00e9pare et renforce les cheveux tr\u00e8s secs et ab\u00eem\u00e9s et leur redonne douceur et souplesse.<\/p>\n<p>\u2022\u00a0Richement dos\u00e9 en huile d\u2019amande douce et en trim\u00e9tylglycine,\u00a0Nod\u00e9\u00a0S Shampooing-cr\u00e8me\u00a0nourrit, gaine et r\u00e9pare la fibre capillaire de la racine \u00e0 la pointe.<\/p>\n<p>\u2022\u00a0Nod\u00e9\u00a0S Shampooing-cr\u00e8me\u00a0renforce la r\u00e9sistance naturelle des cheveux et les aide ainsi \u00e0 lutter contre les facteurs dess\u00e9chants (stress, pollution, brushing, couleurs\u2026).<\/p>\n<p>\u2022\u00a0Nod\u00e9\u00a0S Shampooing-cr\u00e8me\u00a0nettoie en douceur les cheveux secs, ab\u00eem\u00e9s, cassants et respecte l\u2019\u00e9quilibre capillaire.<\/p>\n<p>\u2022\u00a0Formul\u00e9 avec des agents nettoyants antistatiques,\u00a0Nod\u00e9\u00a0S Shampooing-cr\u00e8me\u00a0apporte force, douceur, souplesse et brillance aux cheveux.<\/p>\n<p>\u2022\u00a0Nod\u00e9\u00a0S Shampooing-cr\u00e8me\u00a0garantit une excellente tol\u00e9rance.<\/p>","protected":false},"featured_media":22963,"template":"","meta":{"arc_restricted_post":false},"product_cat":[330,48],"product_tag":[],"_links":{"self":[{"href":"https:\/\/www.sopha-sahara.com\/en\/wp-json\/wp\/v2\/product\/22848"}],"collection":[{"href":"https:\/\/www.sopha-sahara.com\/en\/wp-json\/wp\/v2\/product"}],"about":[{"href":"https:\/\/www.sopha-sahara.com\/en\/wp-json\/wp\/v2\/types\/product"}],"wp:featuredmedia":[{"embeddable":true,"href":"https:\/\/www.sopha-sahara.com\/en\/wp-json\/wp\/v2\/media\/22963"}],"wp:attachment":[{"href":"https:\/\/www.sopha-sahara.com\/en\/wp-json\/wp\/v2\/media?parent=22848"}],"wp:term":[{"taxonomy":"product_cat","embeddable":true,"href":"https:\/\/www.sopha-sahara.com\/en\/wp-json\/wp\/v2\/product_cat?post=22848"},{"taxonomy":"product_tag","embeddable":true,"href":"https:\/\/www.sopha-sahara.com\/en\/wp-json\/wp\/v2\/product_tag?post=22848"}],"curies":[{"name":"wp","href":"https:\/\/api.w.org\/{rel}","templated":true}]}}