{"id":22847,"date":"2020-12-14T15:40:40","date_gmt":"2020-12-14T14:40:40","guid":{"rendered":"https:\/\/www.interbusinesschamber.com\/produit\/bioderma-atoderm-creme-de-douche-ultra-nourrissant-1-l\/"},"modified":"2020-12-29T15:08:03","modified_gmt":"2020-12-29T14:08:03","slug":"bioderma-atoderm-creme-de-douche-ultra-nourrissant-1-l","status":"publish","type":"product","link":"https:\/\/www.sopha-sahara.com\/en\/product\/bioderma-atoderm-creme-de-douche-ultra-nourrissant-1-l\/","title":{"rendered":"BIODERMA ATODERM CR\u00c8ME DE DOUCHE ULTRA-NOURRISSANT &#8211; 1 L"},"content":{"rendered":"<h4 class=\"title-type-01\">CONSEILS\u00a0D'UTILISATION<\/h4>\n<div class=\"content\">\n<p>1 \u00e0 2 fois par jour - 7 jours\/7<\/p>\n<ul class=\"list-type-03\">\n<li>Appliquez\u00a0<strong>Atoderm<\/strong>\u00a0Cr\u00e8me de douche\u00a0sur votre peau apr\u00e8s l\u2019avoir pr\u00e9alablement mouill\u00e9e.<\/li>\n<li>Faites mousser, puis rincez abondamment.<\/li>\n<li>S\u00e9chez d\u00e9licatement votre peau.<\/li>\n<li>Appliquez ensuite un soin de la gamme Atoderm.<\/li>\n<li>Appliquez sur une peau saine.<\/li>\n<\/ul>\n<p>Dans le cas de s\u00e8cheresse cutan\u00e9es persistantes, consulter un professionnel de sant\u00e9.<\/p>\n<\/div>","protected":false},"excerpt":{"rendered":"<p class=\"sub-title\">L&rsquo;hygi\u00e8ne quotidienne nutri-protectrice qui pr\u00e9vient du dess\u00e8chement cutan\u00e9<\/p>\n<div class=\"block-type-61\">\n<ul class=\"list-type-03\">\n<li>Nettoie en douceur<\/li>\n<li>Hydrate la peau d\u00e8s l&rsquo;hygi\u00e8ne gr\u00e2ce \u00e0 une texture cr\u00e8me<\/li>\n<li>Apaise et prot\u00e8ge<\/li>\n<li>Laisse la peau douce apr\u00e8s la douche<\/li>\n<li>Sa texture onctueuse et son parfum d\u00e9licat apportent une agr\u00e9able sensation de bien-\u00eatre<\/li>\n<li>Excellente tol\u00e9rance cutan\u00e9e et oculaire<\/li>\n<li>Ne pique pas les yeux<\/li>\n<\/ul>\n<\/div>","protected":false},"featured_media":22929,"template":"","meta":{"arc_restricted_post":false},"product_cat":[330,48],"product_tag":[],"_links":{"self":[{"href":"https:\/\/www.sopha-sahara.com\/en\/wp-json\/wp\/v2\/product\/22847"}],"collection":[{"href":"https:\/\/www.sopha-sahara.com\/en\/wp-json\/wp\/v2\/product"}],"about":[{"href":"https:\/\/www.sopha-sahara.com\/en\/wp-json\/wp\/v2\/types\/product"}],"wp:featuredmedia":[{"embeddable":true,"href":"https:\/\/www.sopha-sahara.com\/en\/wp-json\/wp\/v2\/media\/22929"}],"wp:attachment":[{"href":"https:\/\/www.sopha-sahara.com\/en\/wp-json\/wp\/v2\/media?parent=22847"}],"wp:term":[{"taxonomy":"product_cat","embeddable":true,"href":"https:\/\/www.sopha-sahara.com\/en\/wp-json\/wp\/v2\/product_cat?post=22847"},{"taxonomy":"product_tag","embeddable":true,"href":"https:\/\/www.sopha-sahara.com\/en\/wp-json\/wp\/v2\/product_tag?post=22847"}],"curies":[{"name":"wp","href":"https:\/\/api.w.org\/{rel}","templated":true}]}}