{"id":22846,"date":"2020-12-14T15:40:40","date_gmt":"2020-12-14T14:40:40","guid":{"rendered":"https:\/\/www.interbusinesschamber.com\/produit\/bioderma-atoderm-creme-de-douche-500ml\/"},"modified":"2020-12-29T15:06:45","modified_gmt":"2020-12-29T14:06:45","slug":"bioderma-atoderm-creme-de-douche-500ml","status":"publish","type":"product","link":"https:\/\/www.sopha-sahara.com\/en\/product\/bioderma-atoderm-creme-de-douche-500ml\/","title":{"rendered":"BIODERMA ATODERM CREME DE DOUCHE 500ML"},"content":{"rendered":"<ul class=\"list-type-03\">\n<li class=\"lastItem\">\n<div class=\"content\">\n<p>1 \u00e0 2 fois par jour \u2013 7 jours\/7<\/p>\n<\/div>\n<\/li>\n<li>Appliquez Atoderm Cr\u00e8me de douche sur votre peau apr\u00e8s l\u2019avoir pr\u00e9alablement mouill\u00e9e. Faites mousser, puis rincez abondamment.<\/li>\n<li>S\u00e9chez d\u00e9licatement votre peau.<\/li>\n<li>Appliquez\u00a0ensuite un \u00e9mollient Atoderm adpat\u00e9.<\/li>\n<\/ul>","protected":false},"excerpt":{"rendered":"<ul class=\"list-type-03\">\n<li class=\"firstItem\">Nettoie en douceur<\/li>\n<li>Hydrate la peau d\u00e8s l\u2019hygi\u00e8ne gr\u00e2ce \u00e0 une texture cr\u00e8me<\/li>\n<li>Apaise et prot\u00e8ge<\/li>\n<li>Laisse la peau douce apr\u00e8s la douche<\/li>\n<li>Sa texture onctueuse et son parfum d\u00e9licat apportent une agr\u00e9able sensation de bien-\u00eatre<\/li>\n<li>Excellente tol\u00e9rance cutan\u00e9e et oculaire<\/li>\n<li>Ne pique pas les yeux.\u00a0\u00a0\u00a0\u00a0<\/li>\n<li class=\"lastItem\">Les actifs surgraissants d\u2019Atoderm Cr\u00e8me de douche, en parfaite affinit\u00e9 avec la peau, l\u2019aident \u00e0 reconstruire biologiquement son\u00a0<span id=\"glossaryID1\" class=\"glossaryTerm\">film hydrolipidique<\/span>. Ses actifs purifiants limitent la prolif\u00e9ration des micro-organismes, agents aggravants la s\u00e9cheresse cutan\u00e9e.<\/li>\n<\/ul>","protected":false},"featured_media":22928,"template":"","meta":{"arc_restricted_post":false},"product_cat":[330,48],"product_tag":[],"_links":{"self":[{"href":"https:\/\/www.sopha-sahara.com\/en\/wp-json\/wp\/v2\/product\/22846"}],"collection":[{"href":"https:\/\/www.sopha-sahara.com\/en\/wp-json\/wp\/v2\/product"}],"about":[{"href":"https:\/\/www.sopha-sahara.com\/en\/wp-json\/wp\/v2\/types\/product"}],"wp:featuredmedia":[{"embeddable":true,"href":"https:\/\/www.sopha-sahara.com\/en\/wp-json\/wp\/v2\/media\/22928"}],"wp:attachment":[{"href":"https:\/\/www.sopha-sahara.com\/en\/wp-json\/wp\/v2\/media?parent=22846"}],"wp:term":[{"taxonomy":"product_cat","embeddable":true,"href":"https:\/\/www.sopha-sahara.com\/en\/wp-json\/wp\/v2\/product_cat?post=22846"},{"taxonomy":"product_tag","embeddable":true,"href":"https:\/\/www.sopha-sahara.com\/en\/wp-json\/wp\/v2\/product_tag?post=22846"}],"curies":[{"name":"wp","href":"https:\/\/api.w.org\/{rel}","templated":true}]}}