{"id":22845,"date":"2020-12-14T15:40:40","date_gmt":"2020-12-14T14:40:40","guid":{"rendered":"https:\/\/www.interbusinesschamber.com\/produit\/bioderma-hydrabio-gel-creme-soin-hydratant-texture-legere-40-ml\/"},"modified":"2020-12-29T15:37:35","modified_gmt":"2020-12-29T14:37:35","slug":"bioderma-hydrabio-gel-creme-soin-hydratant-texture-legere-40-ml","status":"publish","type":"product","link":"https:\/\/www.sopha-sahara.com\/en\/product\/bioderma-hydrabio-gel-creme-soin-hydratant-texture-legere-40-ml\/","title":{"rendered":"BIODERMA HYDRABIO GEL-CR\u00c8ME SOIN HYDRATANT TEXTURE L\u00c9G\u00c8RE 40 ML"},"content":{"rendered":"<p><strong>CONSEILS D'UTILISATION :<\/strong><\/p>\n<div>\n<ul>\n<li>Appliquer sur le visage et le cou le matin et \/ ou soir apr\u00e8s le nettoyage avec Hydrabio H2O ou Hydrabio Lait (lait d\u00e9maquillant) et tonifiant avec Hydrabio Tonique (lotion tonifiante).<\/li>\n<\/ul>\n<\/div>","protected":false},"excerpt":{"rendered":"<p>G\u00e9n\u00e8re hydratation<br \/>Le complexe biologique brevet\u00e9 Aquagenium\u00ae g\u00e9n\u00e8re une\u00a0hydratation intense, imm\u00e9diatement et durablement:<\/p>\n<ul>\n<li>La vitamine PP renforce la r\u00e9sistance de la peau et l&rsquo;imperm\u00e9abilit\u00e9\u00a0\u00a0<\/li>\n<li>Apple a l&rsquo;extrait de p\u00e9pins stimule l&rsquo;activit\u00e9 des aquaporines, qui sont les canaux naturels permettant l&rsquo;\u00e9coulement de l&rsquo;eau dans la peau.<\/li>\n<\/ul>\n<p>Merci \u00e0 une \u00e9mulsion inspir\u00e9e de la structure de l&rsquo;\u00e9piderme, les ingr\u00e9dients actifs du brevet Aquag\u00e9nium\u00ae p\u00e9n\u00e8trent profond\u00e9ment et d&rsquo;une mani\u00e8re plus cibl\u00e9e.\u00a0La peau retrouve ainsi ses capacit\u00e9s d&rsquo;hydratation naturelle, pour un \u00e9clat intense.Durablement.<\/p>\n<p>Adoucit la texture de la peau<br \/>en \u00e9liminant les\u00a0cellules mortes, et r\u00e9duire progressivement la\u00a0couche corn\u00e9e, couche sup\u00e9rieure de la peau, l&rsquo;\u00a0acide salicylique \u00e9galise et lisse la surface de la peau, qui gagne durablement l&rsquo;\u00a0\u00e9clat.<\/p>\n<p>Emp\u00eache de vieillissement cutan\u00e9 pr\u00e9matur\u00e9<br \/>La vitamine E aide \u00e0 prot\u00e9ger la peau contre le\u00a0stress oxydatif et de\u00a0lutter contre le\u00a0vieillissement cutan\u00e9 pr\u00e9matur\u00e9.<\/p>","protected":false},"featured_media":22949,"template":"","meta":{"arc_restricted_post":false},"product_cat":[330,48],"product_tag":[],"_links":{"self":[{"href":"https:\/\/www.sopha-sahara.com\/en\/wp-json\/wp\/v2\/product\/22845"}],"collection":[{"href":"https:\/\/www.sopha-sahara.com\/en\/wp-json\/wp\/v2\/product"}],"about":[{"href":"https:\/\/www.sopha-sahara.com\/en\/wp-json\/wp\/v2\/types\/product"}],"wp:featuredmedia":[{"embeddable":true,"href":"https:\/\/www.sopha-sahara.com\/en\/wp-json\/wp\/v2\/media\/22949"}],"wp:attachment":[{"href":"https:\/\/www.sopha-sahara.com\/en\/wp-json\/wp\/v2\/media?parent=22845"}],"wp:term":[{"taxonomy":"product_cat","embeddable":true,"href":"https:\/\/www.sopha-sahara.com\/en\/wp-json\/wp\/v2\/product_cat?post=22845"},{"taxonomy":"product_tag","embeddable":true,"href":"https:\/\/www.sopha-sahara.com\/en\/wp-json\/wp\/v2\/product_tag?post=22845"}],"curies":[{"name":"wp","href":"https:\/\/api.w.org\/{rel}","templated":true}]}}