{"id":22844,"date":"2020-12-14T15:40:40","date_gmt":"2020-12-14T14:40:40","guid":{"rendered":"https:\/\/www.interbusinesschamber.com\/produit\/bioderma-sensibio-tolerance-plus-40-ml\/"},"modified":"2020-12-29T16:49:57","modified_gmt":"2020-12-29T15:49:57","slug":"bioderma-sensibio-tolerance-plus-40-ml","status":"publish","type":"product","link":"https:\/\/www.sopha-sahara.com\/en\/product\/bioderma-sensibio-tolerance-plus-40-ml\/","title":{"rendered":"BIODERMA SENSIBIO TOLERANCE PLUS 40 ML"},"content":{"rendered":"","protected":false},"excerpt":{"rendered":"<p>Sensibio Tolerance+ est un soin dermatologique qui augmente durablement le seuil de tol\u00e9rance de la peau tout en respectant sa biologie naturelle.<\/p>\n<p>Au c\u0153ur de ce soin, le complexe biologique exclusif Neurocontrol\u00ae, form\u00e9 d\u2019un t\u00e9trapeptide et d\u2019une association d\u2019actifs apaisants*, att\u00e9nue l\u2019hyperexcitabilit\u00e9 des fibres nerveuses cutan\u00e9es et r\u00e9gule les m\u00e9canismes biologiques \u00e0 l\u2019origine de l\u2019apparition de l\u2019intol\u00e9rance.<\/p>\n<p>Enrichi en Sodium PCA, Sensibio Tolerance+ fortifie la fonction barri\u00e8re cutan\u00e9e et apporte une hydratation optimale.<\/p>\n<p>Sensibio Tolerance+ minimise les risques d&rsquo;intol\u00e9rance gr\u00e2ce \u00e0 des ingr\u00e9dients strictement n\u00e9cessaires et s\u00e9lectionn\u00e9s pour leur innocuit\u00e9.<\/p>","protected":false},"featured_media":23008,"template":"","meta":{"arc_restricted_post":false},"product_cat":[330,48],"product_tag":[],"_links":{"self":[{"href":"https:\/\/www.sopha-sahara.com\/en\/wp-json\/wp\/v2\/product\/22844"}],"collection":[{"href":"https:\/\/www.sopha-sahara.com\/en\/wp-json\/wp\/v2\/product"}],"about":[{"href":"https:\/\/www.sopha-sahara.com\/en\/wp-json\/wp\/v2\/types\/product"}],"wp:featuredmedia":[{"embeddable":true,"href":"https:\/\/www.sopha-sahara.com\/en\/wp-json\/wp\/v2\/media\/23008"}],"wp:attachment":[{"href":"https:\/\/www.sopha-sahara.com\/en\/wp-json\/wp\/v2\/media?parent=22844"}],"wp:term":[{"taxonomy":"product_cat","embeddable":true,"href":"https:\/\/www.sopha-sahara.com\/en\/wp-json\/wp\/v2\/product_cat?post=22844"},{"taxonomy":"product_tag","embeddable":true,"href":"https:\/\/www.sopha-sahara.com\/en\/wp-json\/wp\/v2\/product_tag?post=22844"}],"curies":[{"name":"wp","href":"https:\/\/api.w.org\/{rel}","templated":true}]}}