{"id":22843,"date":"2020-12-14T15:40:40","date_gmt":"2020-12-14T14:40:40","guid":{"rendered":"https:\/\/www.interbusinesschamber.com\/produit\/bioderma-atoderm-preventive-200ml\/"},"modified":"2020-12-29T15:23:05","modified_gmt":"2020-12-29T14:23:05","slug":"bioderma-atoderm-preventive-200ml","status":"publish","type":"product","link":"https:\/\/www.sopha-sahara.com\/en\/product\/bioderma-atoderm-preventive-200ml\/","title":{"rendered":"BIODERMA ATODERM PREVENTIVE 200ML"},"content":{"rendered":"<div class=\"conseils\">\n<h4 class=\"title-block\">Conseils d'utilisation<\/h4>\n<p>1 \u00e0 2 fois \/ jour - 7 jours \/ 7<\/p>\n<ul class=\"list-type-03\">\n<li>Appliquez Atoderm Preventive sur le visage et\/ou le corps pr\u00e9alablement nettoy\u00e9(s) avec un soin d'hygi\u00e8ne Atoderm ou ABCDerm.<\/li>\n<\/ul>\n<\/div>\n<div class=\"composition\">\n<h4 class=\"title-block\">Composition<\/h4>\n<p>AQUA\/WATER\/EAU, GLYCERIN, MINERAL OIL (PARAFFINUM LIQUIDUM), HELIANTHUS ANNUUS (SUNFLOWER) SEED OIL, BEHENYL ALCOHOL, CANOLA OIL, SUCROSE STEARATE, TOCOPHEROL, MANNITOL, XYLITOL, RHAMNOSE, PENTYLENE GLYCOL, HYDROXYETHYL ACRYLATE\/ SODIUM ACRYLOYLDIMETHYL TAURATE COPOLYMER, ACRYLATES\/C10-30 ALKYL ACRYLATE CROSSPOLYMER, 1,2-HEXANEDIOL, CAPRYLYL GLYCOL, SODIUM LAUROYL LACTYLATE, CERAMIDE NP, ETHYLHEXYLGLYCERIN, CERAMIDE AP, PHYTOSPHINGOSINE, CHOLESTEROL, CARBOMER, CERAMIDE EOP, XANTHAN GUM, DISODIUM EDTA, SODIUM HYDROXIDE, CITRIC ACID, FRAGRANCE (PARFUM). [BI 661]<\/p>\n<\/div>\n","protected":false},"excerpt":{"rendered":"<p>Atoderm Pr\u00e9ventive est la 1\u00e8re cr\u00e8me nourrissante dermo-consolidante qui freine l\u2019aggravation des s\u00e9cheresses cutan\u00e9es d\u00e8s la naissance*.<br \/>Son complexe exclusif Lipigenium\u00ae est compos\u00e9 d\u2019acides gras essentiels restructurants (om\u00e9gas 3 et 6) et de biolipides (c\u00e9ramides) naturellement pr\u00e9sents dans la peau, mais d\u00e9ficients chez ces nourrissons \u00e0 peau s\u00e8che.<br \/>Les biolipides mimant l\u2019organisation des lipides cutan\u00e9s, s\u2019ins\u00e8rent parfaitement dans la peau, recr\u00e9ant un film protecteur naturel d\u00e8s l\u2019application. Ils stimulent biologiquement la synth\u00e8se des lipides et prot\u00e9ines (filaggrine) constitutifs du ciment intercorn\u00e9ocytaire pour recr\u00e9er imm\u00e9diatement et durablement une barri\u00e8re cutan\u00e9e saine.<br \/>Son brevet Skin Barrier Therapy permet de limiter d\u2019une part l\u2019adh\u00e9sion et la prolif\u00e9ration du Staphylocoque dor\u00e9, d\u2019autre part la p\u00e9n\u00e9tration d\u2019allerg\u00e8nes, deux facteurs d\u2019aggravation de la s\u00e9cheresse.<\/p>\n<p>* Convient d\u00e8s la naissance, hors nourrissons pr\u00e9matur\u00e9s.<\/p>","protected":false},"featured_media":22940,"template":"","meta":{"arc_restricted_post":false},"product_cat":[330,48],"product_tag":[],"_links":{"self":[{"href":"https:\/\/www.sopha-sahara.com\/en\/wp-json\/wp\/v2\/product\/22843"}],"collection":[{"href":"https:\/\/www.sopha-sahara.com\/en\/wp-json\/wp\/v2\/product"}],"about":[{"href":"https:\/\/www.sopha-sahara.com\/en\/wp-json\/wp\/v2\/types\/product"}],"wp:featuredmedia":[{"embeddable":true,"href":"https:\/\/www.sopha-sahara.com\/en\/wp-json\/wp\/v2\/media\/22940"}],"wp:attachment":[{"href":"https:\/\/www.sopha-sahara.com\/en\/wp-json\/wp\/v2\/media?parent=22843"}],"wp:term":[{"taxonomy":"product_cat","embeddable":true,"href":"https:\/\/www.sopha-sahara.com\/en\/wp-json\/wp\/v2\/product_cat?post=22843"},{"taxonomy":"product_tag","embeddable":true,"href":"https:\/\/www.sopha-sahara.com\/en\/wp-json\/wp\/v2\/product_tag?post=22843"}],"curies":[{"name":"wp","href":"https:\/\/api.w.org\/{rel}","templated":true}]}}