{"id":22842,"date":"2020-12-14T15:40:40","date_gmt":"2020-12-14T14:40:40","guid":{"rendered":"https:\/\/www.interbusinesschamber.com\/produit\/bioderma-sebium-akn-soin-correcteur-30ml-recree-la-nettete-naturelle-de-la-peau\/"},"modified":"2020-12-29T16:30:56","modified_gmt":"2020-12-29T15:30:56","slug":"bioderma-sebium-akn-soin-correcteur-30ml-recree-la-nettete-naturelle-de-la-peau","status":"publish","type":"product","link":"https:\/\/www.sopha-sahara.com\/en\/product\/bioderma-sebium-akn-soin-correcteur-30ml-recree-la-nettete-naturelle-de-la-peau\/","title":{"rendered":"BIODERMA SEBIUM AKN SOIN CORRECTEUR 30ML RECR\u00c9E LA NETTET\u00c9 NATURELLE DE LA PEAU"},"content":{"rendered":"<h4>Le soin correcteur\u00a0purifiant\u00a0et\u00a0lissant des peaux grasses \u00e0 imperfections.<\/h4>\n<p>\u2022\u00a0S\u00e9bium\u00a0AKN\u00a0d\u00e9sincruste les pores et lisse le grain de la peau.<\/p>\n<p>\u2022\u00a0Gr\u00e2ce \u00e0 son complexe exclusif brevet\u00e9\u00a0Fluidactiv\u00ae*,\u00a0S\u00e9bium\u00a0AKN\u00a0maintient la qualit\u00e9 du s\u00e9bum en \u00e9vitant son alt\u00e9ration et son \u00e9paississement. Ainsi l'apparition et le d\u00e9veloppement des imperfections sont efficacement limit\u00e9s.<\/p>\n<p>\u2022\u00a0Soin complet,\u00a0S\u00e9bium\u00a0AKN\u00a0intervient \u00e9galement sur toutes les composantes responsables de l\u2019apparition des imperfections cutan\u00e9es. De puissants actifs k\u00e9ratolytiques d\u00e9sincrustent les pores. Le gluconate de zinc, s\u00e9bo-r\u00e9gulateur et purifiant, freine la surproduction de s\u00e9bum et la prolif\u00e9ration des micro-organismes responsables des imperfections. Les actifs apaisants calment les rougeurs.<\/p>\n<p>\u2022\u00a0La formule de\u00a0S\u00e9bium\u00a0AKN\u00a0respecte les peaux sensibilis\u00e9es tout en garantissant une efficacit\u00e9 optimale. La peau est nette, purifi\u00e9e et retrouve son \u00e9quilibre naturel.<\/p>\n<p>\u2022\u00a0Riche en actifs hydratants,\u00a0S\u00e9bium\u00a0AKN\u00a0garantit un grand confort d\u2019utilisation.<\/p>\n<p>\u2022\u00a0Non com\u00e9dog\u00e8ne, sa texture l\u00e9g\u00e8re et non grasse particuli\u00e8rement bien adapt\u00e9e aux peaux mixtes \u00e0 grasses p\u00e9n\u00e8tre facilement.<\/p>\n<p>\u2022\u00a0La tol\u00e9rance de\u00a0S\u00e9bium\u00a0AKN\u00a0est excellente.<\/p>\n<p>&nbsp;<\/p>\n<p><strong>Conseils d'utilisation<\/strong><\/p>\n<p>\u2022\u00a0Appliquez\u00a0S\u00e9bium\u00a0AKN\u00a01 \u00e0 2 fois par jour sur votre peau paraitement nettoy\u00e9e (id\u00e9alement avec\u00a0S\u00e9bium\u00a0Gel moussant\u00a0ou\u00a0S\u00e9bium\u00a0H2O).<\/p>\n<p>\u2022\u00a0S\u00e9bium\u00a0AKN\u00a0 est id\u00e9al en base de maquillage.<\/p>\n<p>\u2022\u00a0Evitez le contact avec les yeux.<\/p>","protected":false},"excerpt":{"rendered":"<p>Le soin correcteur\u00a0purifiant\u00a0et\u00a0lissant des peaux grasses \u00e0 imperfections. \u2022\u00a0S\u00e9bium\u00a0AKN\u00a0d\u00e9sincruste les pores et lisse le grain de la peau. \u2022\u00a0Gr\u00e2ce \u00e0 son complexe exclusif brevet\u00e9\u00a0Fluidactiv\u00ae*,\u00a0S\u00e9bium\u00a0AKN\u00a0maintient la qualit\u00e9 du s\u00e9bum en \u00e9vitant son alt\u00e9ration et son \u00e9paississement. Ainsi l&rsquo;apparition et le d\u00e9veloppement&#8230;<\/p>","protected":false},"featured_media":22985,"template":"","meta":{"arc_restricted_post":false},"product_cat":[330,48],"product_tag":[],"_links":{"self":[{"href":"https:\/\/www.sopha-sahara.com\/en\/wp-json\/wp\/v2\/product\/22842"}],"collection":[{"href":"https:\/\/www.sopha-sahara.com\/en\/wp-json\/wp\/v2\/product"}],"about":[{"href":"https:\/\/www.sopha-sahara.com\/en\/wp-json\/wp\/v2\/types\/product"}],"wp:featuredmedia":[{"embeddable":true,"href":"https:\/\/www.sopha-sahara.com\/en\/wp-json\/wp\/v2\/media\/22985"}],"wp:attachment":[{"href":"https:\/\/www.sopha-sahara.com\/en\/wp-json\/wp\/v2\/media?parent=22842"}],"wp:term":[{"taxonomy":"product_cat","embeddable":true,"href":"https:\/\/www.sopha-sahara.com\/en\/wp-json\/wp\/v2\/product_cat?post=22842"},{"taxonomy":"product_tag","embeddable":true,"href":"https:\/\/www.sopha-sahara.com\/en\/wp-json\/wp\/v2\/product_tag?post=22842"}],"curies":[{"name":"wp","href":"https:\/\/api.w.org\/{rel}","templated":true}]}}