{"id":22841,"date":"2020-12-14T15:40:40","date_gmt":"2020-12-14T14:40:40","guid":{"rendered":"https:\/\/www.interbusinesschamber.com\/produit\/bioderma-abcderm-shamp-200-ml\/"},"modified":"2020-12-29T14:44:48","modified_gmt":"2020-12-29T13:44:48","slug":"bioderma-abcderm-shamp-200-ml","status":"publish","type":"product","link":"https:\/\/www.sopha-sahara.com\/en\/product\/bioderma-abcderm-shamp-200-ml\/","title":{"rendered":"BIODERMA ABCDERM SHAMP 200 ML"},"content":{"rendered":"<div class=\"conseils\">\n<h4 class=\"title-block\">Conseils d'utilisation<\/h4>\n<div>- Appliquer ABCDerm Shampooing sur cheveux mouill\u00e9s. Faire mousser puis rincer abondamment.\u00a0<\/div>\n<div>- Peigner et proc\u00e9der au coiffage.<\/div>\n<div>- Pour d\u00e9m\u00ealer les petits n\u0153uds, appliquer ensuite ABCDerm Spray d\u00e9m\u00ealant sans rin\u00e7age.<\/div>\n<div>\u00a0<\/div>\n<div>Pour des raisons d\u2019hygi\u00e8ne, nous vous recommandons de bien fermer le produit apr\u00e8s utilisation.<\/div>\n<\/div>\n<div class=\"composition\">\n<h4 class=\"title-block\">Composition<\/h4>\n<div>AQUA\/WATER\/EAU, CAPRYLYL\/CAPRYL GLUCOSIDE, PEG-15 COCOPOLYAMINE, CAPRYLOYL GLYCINE, PENTYLENE GLYCOL, XANTHAN GUM, LACTIC ACID, SODIUM PCA, QUATERNIUM-80, PROPYLENE GLYCOL, SODIUM CITRATE, VP\/DIMETHYLAMINOETHYLMETHACRYLATE COPOLYMER, SODIUM HYDROXIDE, FRAGRANCE (PARFUM).<\/div>\n<\/div>","protected":false},"excerpt":{"rendered":"<div>Sp\u00e9cifiquement formul\u00e9 selon l\u2019engagement de s\u00e9curit\u00e9 dermatologique ABCDerm, ABCDerm Shampooing nettoie en douceur les cheveux et le cuir chevelu d\u00e9licat des enfants.\u00a0<\/div>\n<div>\u00a0<\/div>\n<div>Sa base lavante contient des tensio-actifs doux, qui respectent l\u2019\u00e9quilibre capillaire des plus petits et assurent une tr\u00e8s bonne tol\u00e9rance cutan\u00e9e et oculaire.<\/div>\n<div>\u00a0<\/div>\n<div>Les cheveux sont soyeux, faciles \u00e0 coiffer.<\/div>\n<div>\u00a0<\/div>\n<div>Ne pique pas les yeux.<\/div>","protected":false},"featured_media":22925,"template":"","meta":{"arc_restricted_post":false},"product_cat":[330,48],"product_tag":[],"_links":{"self":[{"href":"https:\/\/www.sopha-sahara.com\/en\/wp-json\/wp\/v2\/product\/22841"}],"collection":[{"href":"https:\/\/www.sopha-sahara.com\/en\/wp-json\/wp\/v2\/product"}],"about":[{"href":"https:\/\/www.sopha-sahara.com\/en\/wp-json\/wp\/v2\/types\/product"}],"wp:featuredmedia":[{"embeddable":true,"href":"https:\/\/www.sopha-sahara.com\/en\/wp-json\/wp\/v2\/media\/22925"}],"wp:attachment":[{"href":"https:\/\/www.sopha-sahara.com\/en\/wp-json\/wp\/v2\/media?parent=22841"}],"wp:term":[{"taxonomy":"product_cat","embeddable":true,"href":"https:\/\/www.sopha-sahara.com\/en\/wp-json\/wp\/v2\/product_cat?post=22841"},{"taxonomy":"product_tag","embeddable":true,"href":"https:\/\/www.sopha-sahara.com\/en\/wp-json\/wp\/v2\/product_tag?post=22841"}],"curies":[{"name":"wp","href":"https:\/\/api.w.org\/{rel}","templated":true}]}}