{"id":22840,"date":"2020-12-14T15:40:39","date_gmt":"2020-12-14T14:40:39","guid":{"rendered":"https:\/\/www.interbusinesschamber.com\/produit\/bioderma-abcderm-maman-creme-fermete-200-ml\/"},"modified":"2020-12-29T14:43:09","modified_gmt":"2020-12-29T13:43:09","slug":"bioderma-abcderm-maman-creme-fermete-200-ml","status":"publish","type":"product","link":"https:\/\/www.sopha-sahara.com\/en\/product\/bioderma-abcderm-maman-creme-fermete-200-ml\/","title":{"rendered":"BIODERMA ABCDERM MAMAN CREME FERMETE 200 ML"},"content":{"rendered":"<h4>Formule\u00a0(informations)\u00a0:<\/h4>\n<p>Water (aqua),\u00a0glycerin, ethylhexyl stearate,\u00a0isohexadecane,\u00a0dimethicone, corn starch modified,\u00a0sucrose\u00a0stearate, sodium polyacrylate, methylsilanol mannuronate, pyrus malus (apple) fruit extract, mannitol, xylitol, rhamnose, fructooligosaccharides, laminaria ochroleuca extract, ursolic acid,\u00a0butylene glycol,\u00a0cyclopentasiloxane, trideceth-6, peg\/ ppg-18\/18\u00a0dimethicone, caprylic\/capric triglyceride,\u00a0disodium edta,\u00a0phenoxyethanol,\u00a0chlorphenesin, fragrance (parfum).<\/p>\n<h4><span class=\"H4_titrecourant\">Conseils d'utilisation :<\/span><\/h4>\n<p>Appliquez ABCDerm Maman Fermet\u00e9 1 \u00e0 2 fois par jour en mouvements circulaires sur les zones concern\u00e9es (ventre, hanches, cuisses\u2026) pendant 1 mois minimum.<br \/>Veillez \u00e0 ne pas appliquer ABCDerm Maman Fermet\u00e9 sur les cicatrices r\u00e9centes de c\u00e9sarienne.<br \/>En cas d'allaitement, \u00e9vitez d'appliquer ABCDerm Maman Fermet\u00e9 sur les mamelons.<\/p>","protected":false},"excerpt":{"rendered":"<p>Seul soin raffermissant post-accouchement \u00e0 actions conjugu\u00e9es, ABCDerm Maman Fermet\u00e9 restaure la tonicit\u00e9 naturelle de l&rsquo;\u00e9piderme en relan\u00e7ant la synth\u00e8se des fibres de collag\u00e8ne et d&rsquo;\u00e9lastine, aide \u00e0 remodeler la silhouette et nourrit la peau.<br \/>ABCDerm Maman Fermet\u00e9 procure ainsi un effet tenseur visible. La peau est plus ferme et plus tonique*.<\/p>\n<p>ABCDerm Maman Fermet\u00e9 respecte la sensibilit\u00e9 accrue de la peau, encore soumise aux bouleversements hormonaux.<\/p>\n<p>Sa formule au complexe naturel brevet\u00e9 D.A.F.** augmente le seuil de tol\u00e9rance des peaux les plus sensibles.<\/p>\n<p>Sa texture fra\u00eeche (non collante) et son parfum d\u00e9licat procurent une sensation de bien-\u00eatre et de vitalit\u00e9 d\u00e8s l&rsquo;application.<\/p>","protected":false},"featured_media":22923,"template":"","meta":{"arc_restricted_post":false},"product_cat":[330,48],"product_tag":[],"_links":{"self":[{"href":"https:\/\/www.sopha-sahara.com\/en\/wp-json\/wp\/v2\/product\/22840"}],"collection":[{"href":"https:\/\/www.sopha-sahara.com\/en\/wp-json\/wp\/v2\/product"}],"about":[{"href":"https:\/\/www.sopha-sahara.com\/en\/wp-json\/wp\/v2\/types\/product"}],"wp:featuredmedia":[{"embeddable":true,"href":"https:\/\/www.sopha-sahara.com\/en\/wp-json\/wp\/v2\/media\/22923"}],"wp:attachment":[{"href":"https:\/\/www.sopha-sahara.com\/en\/wp-json\/wp\/v2\/media?parent=22840"}],"wp:term":[{"taxonomy":"product_cat","embeddable":true,"href":"https:\/\/www.sopha-sahara.com\/en\/wp-json\/wp\/v2\/product_cat?post=22840"},{"taxonomy":"product_tag","embeddable":true,"href":"https:\/\/www.sopha-sahara.com\/en\/wp-json\/wp\/v2\/product_tag?post=22840"}],"curies":[{"name":"wp","href":"https:\/\/api.w.org\/{rel}","templated":true}]}}