{"id":22839,"date":"2020-12-14T15:40:39","date_gmt":"2020-12-14T14:40:39","guid":{"rendered":"https:\/\/www.interbusinesschamber.com\/produit\/bioderma-abcderm-hydratant-lait-douceur-200ml\/"},"modified":"2020-12-29T14:41:44","modified_gmt":"2020-12-29T13:41:44","slug":"bioderma-abcderm-hydratant-lait-douceur-200ml","status":"publish","type":"product","link":"https:\/\/www.sopha-sahara.com\/en\/product\/bioderma-abcderm-hydratant-lait-douceur-200ml\/","title":{"rendered":"BIODERMA ABCDERM HYDRATANT LAIT DOUCEUR 200ML"},"content":{"rendered":"<h4 class=\"dtab-title\">Composition<\/h4>\n<div class=\"std\">\n<p>Formule INCI:<br \/>WATER (AQUA), GLYCERIN, CYCLOMETHICONE, MINERAL OIL (PARAFFINUM LIQUIDUM), SORBITAN STEARATE, CETEARYL ALCOHOL, POLYSORBATE 60, PHENYL TRIMETHICONE, CETYL ALCOHOL, XYLITOL, RHAMNOSE, FRUCTOOLIGOSACCHARIDES, LAMINARIA OCHROLEUCA EXTRACT, LACTIC ACID, TOCOPHERYL ACETATE, SODIUM CETEARYL SULFATE, SODIUM LAURYL SULFATE, CAPRYLIC\/CAPRIC TRIGLYCERIDE, METHYLPARABEN, PROPYLPARABEN, BUTYLPARABEN, ETHYLPARABEN, FRAGRANCE (PARFUM).<br \/>\u00a0<\/p>\n<\/div>\n<hr class=\"separation\" \/>\n<h4 class=\"dtab-title\">Conseils d'utilisation<\/h4>\n<div class=\"std\">\n<p>Appliquer ABCDerm Hydratant lait douceur 1 \u00e0 2 fois par jour sur une peau pr\u00e9alablement nettoy\u00e9e avec un produit d'hygi\u00e8ne de la gamme ABCDerm et soigneusement s\u00e9ch\u00e9e. Masser d\u00e9licatement.<br \/>Convient d\u00e8s la naissance, hors nourrissons pr\u00e9matur\u00e9s. Formul\u00e9 selon l'engagement de s\u00e9curit\u00e9 dermatologique ABCDerm. Hypoallerg\u00e9nique. Bonne tol\u00e9rance cutan\u00e9e.\u00a0<br \/>Convient d\u00e8s la naissance, hors nourrissons pr\u00e9matur\u00e9s. Pour des raisons d'hygi\u00e8ne, nous vous recommandons de bien refermer le produit apr\u00e8s utilisation.\u00a0<\/p>\n<\/div>","protected":false},"excerpt":{"rendered":"<p>Visage et corps.<br \/>ABCDerm Hydratant lait douceur, respecte la sensibilit\u00e9 cutan\u00e9e des plus jeunes.<br \/>Sa texture fra\u00eeche, onctueuse et d\u00e9licatement parfum\u00e9e permet une application id\u00e9ale pour partager un moment de plaisir avec votre enfant.\u00a0<br \/>ABCderm hydrate, prot\u00e8ge et adoucie la peau d\u00e9licate des b\u00e9b\u00e9s et des enfants.<br \/>La peau est plus douce et souple pour davantage de confort et de bien-\u00ebtre.<\/p>","protected":false},"featured_media":22921,"template":"","meta":{"arc_restricted_post":false},"product_cat":[330,48],"product_tag":[],"_links":{"self":[{"href":"https:\/\/www.sopha-sahara.com\/en\/wp-json\/wp\/v2\/product\/22839"}],"collection":[{"href":"https:\/\/www.sopha-sahara.com\/en\/wp-json\/wp\/v2\/product"}],"about":[{"href":"https:\/\/www.sopha-sahara.com\/en\/wp-json\/wp\/v2\/types\/product"}],"wp:featuredmedia":[{"embeddable":true,"href":"https:\/\/www.sopha-sahara.com\/en\/wp-json\/wp\/v2\/media\/22921"}],"wp:attachment":[{"href":"https:\/\/www.sopha-sahara.com\/en\/wp-json\/wp\/v2\/media?parent=22839"}],"wp:term":[{"taxonomy":"product_cat","embeddable":true,"href":"https:\/\/www.sopha-sahara.com\/en\/wp-json\/wp\/v2\/product_cat?post=22839"},{"taxonomy":"product_tag","embeddable":true,"href":"https:\/\/www.sopha-sahara.com\/en\/wp-json\/wp\/v2\/product_tag?post=22839"}],"curies":[{"name":"wp","href":"https:\/\/api.w.org\/{rel}","templated":true}]}}