{"id":22838,"date":"2020-12-14T15:40:39","date_gmt":"2020-12-14T14:40:39","guid":{"rendered":"https:\/\/www.interbusinesschamber.com\/produit\/bioderma-abcderm-huile-douceur-200ml\/"},"modified":"2020-12-29T14:39:57","modified_gmt":"2020-12-29T13:39:57","slug":"bioderma-abcderm-huile-douceur-200ml","status":"publish","type":"product","link":"https:\/\/www.sopha-sahara.com\/en\/product\/bioderma-abcderm-huile-douceur-200ml\/","title":{"rendered":"BIODERMA ABCDERM HUILE DOUCEUR 200ML"},"content":{"rendered":"<h4>Conseils d'utilisation<\/h4>\n<p>Apr\u00e8s le bain, chauffer l'huile dans le creux des mains et appliquer sur la peau par l\u00e9gers massages. S'utilise \u00e9galement en versant directement dans l'eau du bain, pour corriger les effest d\u00e9ssechants de l'eau calcaire (1 \u00e0 2 doses suffisent).<\/p>","protected":false},"excerpt":{"rendered":"<p>ABCDerm Huile Douceur est une huile relaxante sp\u00e9cifiquement formul\u00e9e pour nourrir la peau du b\u00e9b\u00e9 et de l&rsquo;enfant, l&rsquo;apaiser et l&rsquo;envelopper de douceur. Gr\u00e2ce aux huiles v\u00e9g\u00e9tales riches en acides gras essentiels, la peau est souple, hydrat\u00e9e, et la barri\u00e8re \u00e9pidermique renforc\u00e9e.<\/p>\n<p>Ne tache pas. Ne laisse pas de film gras. Excellente tol\u00e9rance cutan\u00e9e. Eviter le contact avec les yeux. Convient d\u00e8s la naissance, hors nourrissons pr\u00e9matur\u00e9s. Test\u00e9 sous contr\u00f4le dermatologique et ophtalmologique.<\/p>","protected":false},"featured_media":22920,"template":"","meta":{"arc_restricted_post":false},"product_cat":[330,48],"product_tag":[],"_links":{"self":[{"href":"https:\/\/www.sopha-sahara.com\/en\/wp-json\/wp\/v2\/product\/22838"}],"collection":[{"href":"https:\/\/www.sopha-sahara.com\/en\/wp-json\/wp\/v2\/product"}],"about":[{"href":"https:\/\/www.sopha-sahara.com\/en\/wp-json\/wp\/v2\/types\/product"}],"wp:featuredmedia":[{"embeddable":true,"href":"https:\/\/www.sopha-sahara.com\/en\/wp-json\/wp\/v2\/media\/22920"}],"wp:attachment":[{"href":"https:\/\/www.sopha-sahara.com\/en\/wp-json\/wp\/v2\/media?parent=22838"}],"wp:term":[{"taxonomy":"product_cat","embeddable":true,"href":"https:\/\/www.sopha-sahara.com\/en\/wp-json\/wp\/v2\/product_cat?post=22838"},{"taxonomy":"product_tag","embeddable":true,"href":"https:\/\/www.sopha-sahara.com\/en\/wp-json\/wp\/v2\/product_tag?post=22838"}],"curies":[{"name":"wp","href":"https:\/\/api.w.org\/{rel}","templated":true}]}}