{"id":22837,"date":"2020-12-14T15:40:37","date_gmt":"2020-12-14T14:40:37","guid":{"rendered":"https:\/\/www.interbusinesschamber.com\/produit\/bioderma-abcderm-cold-cream-visage-40-ml\/"},"modified":"2020-12-29T14:32:09","modified_gmt":"2020-12-29T13:32:09","slug":"bioderma-abcderm-cold-cream-visage-40-ml","status":"publish","type":"product","link":"https:\/\/www.sopha-sahara.com\/en\/product\/bioderma-abcderm-cold-cream-visage-40-ml\/","title":{"rendered":"BIODERMA ABCDERM COLD CREAM VISAGE 40 ML"},"content":{"rendered":"<div><strong>CONSEILS D'UTILISATION :<\/strong><\/div>\n<div>\u00a0<\/div>\n<div>Appliquer 1 \u00e0 2 fois par jour sur une peau soigneusement s\u00e9ch\u00e9e, pr\u00e9alablement nettoy\u00e9e avec un produit d'hygi\u00e8ne de la gamme ABCDerm.<\/div>","protected":false},"excerpt":{"rendered":"<div>Sp\u00e9cifiquement formul\u00e9 selon l&rsquo;engagement de s\u00e9curit\u00e9 dermatologique ABCDerm, ce soin protecteur \u00e0 base d&rsquo;actifs dermatologiques riches en acides gras essentiels contribue \u00e0 r\u00e9tablir la fonction barri\u00e8re \u00e9pidermique alt\u00e9r\u00e9es des peaux s\u00e8ches et aide \u00e0 mieux retenir l&rsquo;eau dans la peau.<br \/>Sa texture riche et onctueuse (\u00e9mulsion eau dans huile) diminue durablement les sensations de dess\u00e8chement, d&rsquo;inconfort et de tiraillement. Convient d\u00e8s la naissance hors pr\u00e9matur\u00e9s<\/div>\n<div>\u00a0<\/div>","protected":false},"featured_media":22914,"template":"","meta":{"arc_restricted_post":false},"product_cat":[330,48],"product_tag":[],"_links":{"self":[{"href":"https:\/\/www.sopha-sahara.com\/en\/wp-json\/wp\/v2\/product\/22837"}],"collection":[{"href":"https:\/\/www.sopha-sahara.com\/en\/wp-json\/wp\/v2\/product"}],"about":[{"href":"https:\/\/www.sopha-sahara.com\/en\/wp-json\/wp\/v2\/types\/product"}],"wp:featuredmedia":[{"embeddable":true,"href":"https:\/\/www.sopha-sahara.com\/en\/wp-json\/wp\/v2\/media\/22914"}],"wp:attachment":[{"href":"https:\/\/www.sopha-sahara.com\/en\/wp-json\/wp\/v2\/media?parent=22837"}],"wp:term":[{"taxonomy":"product_cat","embeddable":true,"href":"https:\/\/www.sopha-sahara.com\/en\/wp-json\/wp\/v2\/product_cat?post=22837"},{"taxonomy":"product_tag","embeddable":true,"href":"https:\/\/www.sopha-sahara.com\/en\/wp-json\/wp\/v2\/product_tag?post=22837"}],"curies":[{"name":"wp","href":"https:\/\/api.w.org\/{rel}","templated":true}]}}