{"id":22836,"date":"2020-12-14T15:40:36","date_gmt":"2020-12-14T14:40:36","guid":{"rendered":"https:\/\/www.interbusinesschamber.com\/produit\/bioderma-abcderm-cold-cream-1l\/"},"modified":"2020-12-29T14:30:33","modified_gmt":"2020-12-29T13:30:33","slug":"bioderma-abcderm-cold-cream-1l","status":"publish","type":"product","link":"https:\/\/www.sopha-sahara.com\/en\/product\/bioderma-abcderm-cold-cream-1l\/","title":{"rendered":"BIODERMA ABCDERM COLD CREAM 1L"},"content":{"rendered":"<div><strong>CONSEILS D'UTILISATION :<\/strong><\/div>\n<div>\u00a0<\/div>\n<div>Faire mousser sur le visage et le corps mouill\u00e9s.<\/div>\n<div>Rincer abondamment puis s\u00e9cher d\u00e9licatement.<\/div>\n<div>Appliquer ensuite un soin ABCDerm Cold-Cream.<\/div>\n<div>Convient d\u00e8s la naissance, hors nourrissons pr\u00e9matur\u00e9s.<\/div>\n<div>Pour des raisons d'hygi\u00e8ne, nous vous recommandons de bien refermer le produit apr\u00e8s utilisation.<\/div>","protected":false},"excerpt":{"rendered":"<p>ABCDerm, Cr\u00e8me lavante nourrissante est une hygi\u00e8ne protectrice sp\u00e9cifiquement formul\u00e9e selon l&rsquo;engagement de s\u00e9curit\u00e9 dermatologique ABCDerm pour les peaux normales \u00e0 s\u00e8ches, fragilis\u00e9es par des agressions ext\u00e9rieures.<\/p>\n<p>Sa base lavante douce sans savon contient des actifs dermatologiques surgraissant, riches en acides gras essentiels, permettant de nettoyer la peau en douceur.<\/p>\n<p>Excellente tol\u00e9rance cutan\u00e9e et oculaire.<\/p>\n<div id=\"product_tabs_description_tabbed_contents\">\n<div>\n<p>Ne pique pas les yeux.<\/p>\n<\/div>\n<\/div>","protected":false},"featured_media":22912,"template":"","meta":{"arc_restricted_post":false},"product_cat":[330,48],"product_tag":[],"_links":{"self":[{"href":"https:\/\/www.sopha-sahara.com\/en\/wp-json\/wp\/v2\/product\/22836"}],"collection":[{"href":"https:\/\/www.sopha-sahara.com\/en\/wp-json\/wp\/v2\/product"}],"about":[{"href":"https:\/\/www.sopha-sahara.com\/en\/wp-json\/wp\/v2\/types\/product"}],"wp:featuredmedia":[{"embeddable":true,"href":"https:\/\/www.sopha-sahara.com\/en\/wp-json\/wp\/v2\/media\/22912"}],"wp:attachment":[{"href":"https:\/\/www.sopha-sahara.com\/en\/wp-json\/wp\/v2\/media?parent=22836"}],"wp:term":[{"taxonomy":"product_cat","embeddable":true,"href":"https:\/\/www.sopha-sahara.com\/en\/wp-json\/wp\/v2\/product_cat?post=22836"},{"taxonomy":"product_tag","embeddable":true,"href":"https:\/\/www.sopha-sahara.com\/en\/wp-json\/wp\/v2\/product_tag?post=22836"}],"curies":[{"name":"wp","href":"https:\/\/api.w.org\/{rel}","templated":true}]}}