{"id":22835,"date":"2020-12-14T15:40:36","date_gmt":"2020-12-14T14:40:36","guid":{"rendered":"https:\/\/www.interbusinesschamber.com\/produit\/bioderma-abcderm-gel-nettoyant-moussant-doux-200-ml\/"},"modified":"2020-12-29T14:34:39","modified_gmt":"2020-12-29T13:34:39","slug":"bioderma-abcderm-gel-nettoyant-moussant-doux-200-ml","status":"publish","type":"product","link":"https:\/\/www.sopha-sahara.com\/en\/product\/bioderma-abcderm-gel-nettoyant-moussant-doux-200-ml\/","title":{"rendered":"BIODERMA ABCDERM GEL NETTOYANT MOUSSANT DOUX 200 ML"},"content":{"rendered":"<p><strong>CONSEILS D'UTILISATION :\u00a0<\/strong><\/p>\n<p>Appliquer sur la peau et\/ou les cheveux pr\u00e9alablement mouill\u00e9s. Faire mousser. Rincer abondamment \u00e0 l'eau claire. S\u00e9cher d\u00e9licatement. Convient d\u00e8s la naissance, hors nourrissons pr\u00e9matur\u00e9s (aucun test effectu\u00e9, m\u00eame si en pratique, sur une peau seine, ce gel moussant convient parfaitement)<\/p>","protected":false},"excerpt":{"rendered":"<p>Nettoyant ultra-doux moussant sans savon pour la peau d\u00e9licate des b\u00e9b\u00e9s et des enfants :\u00a0visage, corps et cheveux. Respecte l\u2019\u00e9quilibre physiologique cutan\u00e9 et capillaire de toutes les peaux m\u00eame les plus fragiles. Sans savon et\u00a0sans paraben\u00a0pour une meilleure tol\u00e9rance et s\u00e9curit\u00e9.<br \/>ABCDerm Moussant est sp\u00e9cifiquement formul\u00e9 selon l\u2019engagement de S\u00e9curit\u00e9 Dermatologique ABCDerm : haute s\u00e9curit\u00e9 et haute tol\u00e9rance pour b\u00e9b\u00e9, sans savon et sans paraben pour une meilleure tol\u00e9rance et s\u00e9curit\u00e9.Ce gel nettoie en douceur la peau et le cuir chevelu d\u00e9licat des b\u00e9b\u00e9s et des enfants. Sa base lavante douce non d\u00e9lipidante garantit une parfaite tol\u00e9rance cutan\u00e9e et oculaire.<\/p>","protected":false},"featured_media":22916,"template":"","meta":{"arc_restricted_post":false},"product_cat":[330,48],"product_tag":[],"_links":{"self":[{"href":"https:\/\/www.sopha-sahara.com\/en\/wp-json\/wp\/v2\/product\/22835"}],"collection":[{"href":"https:\/\/www.sopha-sahara.com\/en\/wp-json\/wp\/v2\/product"}],"about":[{"href":"https:\/\/www.sopha-sahara.com\/en\/wp-json\/wp\/v2\/types\/product"}],"wp:featuredmedia":[{"embeddable":true,"href":"https:\/\/www.sopha-sahara.com\/en\/wp-json\/wp\/v2\/media\/22916"}],"wp:attachment":[{"href":"https:\/\/www.sopha-sahara.com\/en\/wp-json\/wp\/v2\/media?parent=22835"}],"wp:term":[{"taxonomy":"product_cat","embeddable":true,"href":"https:\/\/www.sopha-sahara.com\/en\/wp-json\/wp\/v2\/product_cat?post=22835"},{"taxonomy":"product_tag","embeddable":true,"href":"https:\/\/www.sopha-sahara.com\/en\/wp-json\/wp\/v2\/product_tag?post=22835"}],"curies":[{"name":"wp","href":"https:\/\/api.w.org\/{rel}","templated":true}]}}