{"id":22834,"date":"2020-12-14T15:40:36","date_gmt":"2020-12-14T14:40:36","guid":{"rendered":"https:\/\/www.interbusinesschamber.com\/produit\/bioderma-crealine-tolerance\/"},"modified":"2020-12-29T15:32:29","modified_gmt":"2020-12-29T14:32:29","slug":"bioderma-crealine-tolerance","status":"publish","type":"product","link":"https:\/\/www.sopha-sahara.com\/en\/product\/bioderma-crealine-tolerance\/","title":{"rendered":"BIODERMA CR\u00c9ALINE TOL\u00c9RANCE+"},"content":{"rendered":"<h4 class=\"title-type-01\">CONSEILS D'UTILISATION<\/h4>\n<p class=\"title-type-01\">Matin et\/ou soir \u2013 7 jours \/ 7<\/p>\n<div class=\"content\">\n<ul class=\"list-type-03\">\n<li>Appliquez Cr\u00e9aline Tol\u00e9rance+ sur votre visage et votre cou<\/li>\n<\/ul>\n<\/div>","protected":false},"excerpt":{"rendered":"<ul class=\"list-type-03\">\n<li>Cr\u00e9aline Tol\u00e9rance+ est un soin dermatologique qui augmente durablement le seuil de tol\u00e9rance de la peau tout en respectant sa biologie naturelle.<\/li>\n<li>Au c\u0153ur de ce soin, le complexe biologique exclusif Neurocontrol<sup>\u00ae<\/sup>, form\u00e9 d\u2019un t\u00e9trapeptide et d\u2019une association d\u2019actifs apaisants<sup>*<\/sup>, att\u00e9nue l\u2019hyperexcitabilit\u00e9 des fibres nerveuses cutan\u00e9es et r\u00e9gule les m\u00e9canismes biologiques \u00e0 l\u2019origine de l\u2019apparition de l\u2019intol\u00e9rance.<\/li>\n<li>Enrichi en Sodium PCA, Cr\u00e9aline Tol\u00e9rance+ fortifie la\u00a0fonction barri\u00e8re cutan\u00e9e et apporte une hydratation\u00a0optimale.<\/li>\n<li>Cr\u00e9aline Tol\u00e9rance+ minimise les risques d&rsquo;intol\u00e9rance\u00a0 gr\u00e2ce \u00e0 des ingr\u00e9dients strictement n\u00e9cessaires et s\u00e9lectionn\u00e9s pour leur innocuit\u00e9.<\/li>\n<\/ul>","protected":false},"featured_media":22946,"template":"","meta":{"arc_restricted_post":false},"product_cat":[330,48],"product_tag":[],"_links":{"self":[{"href":"https:\/\/www.sopha-sahara.com\/en\/wp-json\/wp\/v2\/product\/22834"}],"collection":[{"href":"https:\/\/www.sopha-sahara.com\/en\/wp-json\/wp\/v2\/product"}],"about":[{"href":"https:\/\/www.sopha-sahara.com\/en\/wp-json\/wp\/v2\/types\/product"}],"wp:featuredmedia":[{"embeddable":true,"href":"https:\/\/www.sopha-sahara.com\/en\/wp-json\/wp\/v2\/media\/22946"}],"wp:attachment":[{"href":"https:\/\/www.sopha-sahara.com\/en\/wp-json\/wp\/v2\/media?parent=22834"}],"wp:term":[{"taxonomy":"product_cat","embeddable":true,"href":"https:\/\/www.sopha-sahara.com\/en\/wp-json\/wp\/v2\/product_cat?post=22834"},{"taxonomy":"product_tag","embeddable":true,"href":"https:\/\/www.sopha-sahara.com\/en\/wp-json\/wp\/v2\/product_tag?post=22834"}],"curies":[{"name":"wp","href":"https:\/\/api.w.org\/{rel}","templated":true}]}}