{"id":22832,"date":"2020-12-14T15:40:36","date_gmt":"2020-12-14T14:40:36","guid":{"rendered":"https:\/\/www.interbusinesschamber.com\/produit\/bioderma-sensibio-forte-creme-40ml\/"},"modified":"2020-12-29T16:47:33","modified_gmt":"2020-12-29T15:47:33","slug":"bioderma-sensibio-forte-creme-40ml","status":"publish","type":"product","link":"https:\/\/www.sopha-sahara.com\/en\/product\/bioderma-sensibio-forte-creme-40ml\/","title":{"rendered":"BIODERMA SENSIBIO FORTE CR\u00c8ME 40ML"},"content":{"rendered":"<p><strong>Conseils d'utilisation:\u00a0<\/strong><\/p>\n<p>En cas de rougeurs intense et\/ou de surchauffe, appliquer Sensibio forte 2 ou 3 fois un jour apr\u00e8s le nettoyage, id\u00e9alement avec Sensibio H2O .\u00a0<br \/>Utiliser Sensibio forte fr\u00e9quemment am\u00e9liore la condition de la peau.<\/p>","protected":false},"excerpt":{"rendered":"<p>Soin apaisant rapide pour les peaux intol\u00e9rantes qui souffre de rougeurs et de surchauffe : rougeurs (frottement apr\u00e8s une irritation, feu de rasoir, \u00e9pilation, peelings&#8230;), surchauffe apr\u00e8s une op\u00e9ration dermatologique (Post-laser), coups de soleil\u00a0<\/p>","protected":false},"featured_media":23001,"template":"","meta":{"arc_restricted_post":false},"product_cat":[330,48],"product_tag":[],"_links":{"self":[{"href":"https:\/\/www.sopha-sahara.com\/en\/wp-json\/wp\/v2\/product\/22832"}],"collection":[{"href":"https:\/\/www.sopha-sahara.com\/en\/wp-json\/wp\/v2\/product"}],"about":[{"href":"https:\/\/www.sopha-sahara.com\/en\/wp-json\/wp\/v2\/types\/product"}],"wp:featuredmedia":[{"embeddable":true,"href":"https:\/\/www.sopha-sahara.com\/en\/wp-json\/wp\/v2\/media\/23001"}],"wp:attachment":[{"href":"https:\/\/www.sopha-sahara.com\/en\/wp-json\/wp\/v2\/media?parent=22832"}],"wp:term":[{"taxonomy":"product_cat","embeddable":true,"href":"https:\/\/www.sopha-sahara.com\/en\/wp-json\/wp\/v2\/product_cat?post=22832"},{"taxonomy":"product_tag","embeddable":true,"href":"https:\/\/www.sopha-sahara.com\/en\/wp-json\/wp\/v2\/product_tag?post=22832"}],"curies":[{"name":"wp","href":"https:\/\/api.w.org\/{rel}","templated":true}]}}