{"id":22831,"date":"2020-12-14T15:40:36","date_gmt":"2020-12-14T14:40:36","guid":{"rendered":"https:\/\/www.interbusinesschamber.com\/produit\/bioderma-sebium-gel-moussant-200-ml\/"},"modified":"2020-12-29T16:32:16","modified_gmt":"2020-12-29T15:32:16","slug":"bioderma-sebium-gel-moussant-200-ml","status":"publish","type":"product","link":"https:\/\/www.sopha-sahara.com\/en\/product\/bioderma-sebium-gel-moussant-200-ml\/","title":{"rendered":"BIODERMA S\u00c9BIUM GEL MOUSSANT (200 ML)"},"content":{"rendered":"<p><strong>Conseils d'utilisation:\u00a0<\/strong><br \/>Matin et\/ou soir \u2013 7 jours\/7\u00a0<br \/>Appliquez S\u00e9bium Gel moussant sur peau mouill\u00e9e.\u00a0<br \/>Faites mousser puis rincez abondamment.\u00a0<br \/>S\u00e9chez d\u00e9licatement.<\/p>","protected":false},"excerpt":{"rendered":"<p>Peaux mixtes ou grasses\u00a0<br \/>CORPS &#8211; VISAGE &#8211; ADULTE &#8211; ADO\u00a0<br \/>Nettoyant quotidien purifiant. Assainit l&rsquo;\u00e9piderme et normalise l&rsquo;exc\u00e8s de s\u00e9bum.\u00a0<br \/>Le gel purifiant qui nettoie en douceur et pr\u00e9vient l&rsquo;apparition des imperfections d\u00e8s l&rsquo;hygi\u00e8ne\u00a0<br \/>&#8211; Nettoie et purifie en douceur\u00a0<br \/>&#8211; Limite la s\u00e9cr\u00e9tion du s\u00e9bum\u00a0<br \/>&#8211; Evite l&rsquo;obstruction des pores\u00a0<br \/>&#8211; Garantit une bonne tol\u00e9rance cutan\u00e9e et oculaire\u00a0<br \/>&#8211; Base lavante sans savon\u00a0<\/p>\n<p>Le + produit :\u00a0<br \/>S\u00e9bium Gel moussant peut servir de mousse \u00e0 raser.\u00a0<\/p>","protected":false},"featured_media":22987,"template":"","meta":{"arc_restricted_post":false},"product_cat":[330,48],"product_tag":[],"_links":{"self":[{"href":"https:\/\/www.sopha-sahara.com\/en\/wp-json\/wp\/v2\/product\/22831"}],"collection":[{"href":"https:\/\/www.sopha-sahara.com\/en\/wp-json\/wp\/v2\/product"}],"about":[{"href":"https:\/\/www.sopha-sahara.com\/en\/wp-json\/wp\/v2\/types\/product"}],"wp:featuredmedia":[{"embeddable":true,"href":"https:\/\/www.sopha-sahara.com\/en\/wp-json\/wp\/v2\/media\/22987"}],"wp:attachment":[{"href":"https:\/\/www.sopha-sahara.com\/en\/wp-json\/wp\/v2\/media?parent=22831"}],"wp:term":[{"taxonomy":"product_cat","embeddable":true,"href":"https:\/\/www.sopha-sahara.com\/en\/wp-json\/wp\/v2\/product_cat?post=22831"},{"taxonomy":"product_tag","embeddable":true,"href":"https:\/\/www.sopha-sahara.com\/en\/wp-json\/wp\/v2\/product_tag?post=22831"}],"curies":[{"name":"wp","href":"https:\/\/api.w.org\/{rel}","templated":true}]}}