{"id":22830,"date":"2020-12-14T15:40:36","date_gmt":"2020-12-14T14:40:36","guid":{"rendered":"https:\/\/www.interbusinesschamber.com\/produit\/bioderma-atoderm-huile-de-douche-ultra-nourrissant-200ml\/"},"modified":"2020-12-29T15:13:39","modified_gmt":"2020-12-29T14:13:39","slug":"bioderma-atoderm-huile-de-douche-ultra-nourrissant-200ml","status":"publish","type":"product","link":"https:\/\/www.sopha-sahara.com\/en\/product\/bioderma-atoderm-huile-de-douche-ultra-nourrissant-200ml\/","title":{"rendered":"BIODERMA ATODERM HUILE DE DOUCHE ULTRA-NOURRISSANT 200ML"},"content":{"rendered":"<div class=\"title-border\">\n<h4 class=\"h2\">Conseils d'utilisation<\/h4>\n<\/div>\n<div class=\"std\">\n<p>Con\u00e7u pour la douche ou le bain.<br \/>Appliquez sur une peau mouill\u00e9e, puis rincez abondamment.<br \/>Hygi\u00e8ne quotidienne des peaux sensibles tr\u00e8s s\u00e8ches, irrit\u00e9es \u00e0 atopiques.<\/p>\n<\/div>","protected":false},"excerpt":{"rendered":"<p>BIODERMA<br \/>Atoderm<br \/>Huile de douche<br \/>Ultra nourrissante<br \/>Anti-irritations<br \/>Nettoie, relipide et apaise<br \/>Peaux sensibles \u00e0 s\u00e8ches<br \/>Tr\u00e8s s\u00e8ches \u00e0 irrit\u00e9es<br \/>200 ml\u00a0<\/p>\n<p>Cette huile est onctueuse et soyeuse, d\u00e9licatement parfum\u00e9e et non grasse.\u00a0<br \/>Sa mousse ultra l\u00e9g\u00e8re a \u00e9t\u00e9 sp\u00e9cialement concue pour respecter les peaux les plus sensibles.\u00a0<br \/>La peau est satin\u00e9e et ultra confortable.<\/p>\n<ul>\n<li>24h d&rsquo;hydratation (des couches sup\u00e9rieures de l&rsquo;\u00e9piderm)<\/li>\n<li>ultra-nourrisant<\/li>\n<li>anti-irritations<\/li>\n<li>nettoie, relipide et apaise.\u00a0<\/li>\n<\/ul>","protected":false},"featured_media":22934,"template":"","meta":{"arc_restricted_post":false},"product_cat":[330,48],"product_tag":[],"_links":{"self":[{"href":"https:\/\/www.sopha-sahara.com\/en\/wp-json\/wp\/v2\/product\/22830"}],"collection":[{"href":"https:\/\/www.sopha-sahara.com\/en\/wp-json\/wp\/v2\/product"}],"about":[{"href":"https:\/\/www.sopha-sahara.com\/en\/wp-json\/wp\/v2\/types\/product"}],"wp:featuredmedia":[{"embeddable":true,"href":"https:\/\/www.sopha-sahara.com\/en\/wp-json\/wp\/v2\/media\/22934"}],"wp:attachment":[{"href":"https:\/\/www.sopha-sahara.com\/en\/wp-json\/wp\/v2\/media?parent=22830"}],"wp:term":[{"taxonomy":"product_cat","embeddable":true,"href":"https:\/\/www.sopha-sahara.com\/en\/wp-json\/wp\/v2\/product_cat?post=22830"},{"taxonomy":"product_tag","embeddable":true,"href":"https:\/\/www.sopha-sahara.com\/en\/wp-json\/wp\/v2\/product_tag?post=22830"}],"curies":[{"name":"wp","href":"https:\/\/api.w.org\/{rel}","templated":true}]}}