{"id":22829,"date":"2020-12-14T15:40:35","date_gmt":"2020-12-14T14:40:35","guid":{"rendered":"https:\/\/www.interbusinesschamber.com\/produit\/bioderma-abcderm-gel-moussant-1l\/"},"modified":"2020-12-29T14:32:27","modified_gmt":"2020-12-29T13:32:27","slug":"bioderma-abcderm-gel-moussant-1l","status":"publish","type":"product","link":"https:\/\/www.sopha-sahara.com\/en\/product\/bioderma-abcderm-gel-moussant-1l\/","title":{"rendered":"BIODERMA ABCDERM GEL MOUSSANT 1L"},"content":{"rendered":"","protected":false},"excerpt":{"rendered":"<p>Bioderma ABCDerm Moussant Gel Nettoyant, Doux, haute tol\u00e9rance des peaux sensibles et fragiles des b\u00e9b\u00e9s et des enfants.\u00a0<\/p>\n<p>Sp\u00e9cifiquement formul\u00e9 selon l\u2019engagement de s\u00e9curit\u00e9 dermatologique ABCDerm, ABCDerm Moussant nettoie en douceur la peau et le cuir chevelu d\u00e9licat des b\u00e9b\u00e9s et des enfants.\u00a0<\/p>\n<p>Sa base lavante douce non d\u00e9lipidante respecte l\u2019\u00e9quilibre cutan\u00e9 et capillaire de toutes les peaux m\u00eame les plus fragiles.\u00a0<br \/>La peau et les cheveux sont doux.\u00a0<br \/>ABCDerm Moussant garantit une parfaite tol\u00e9rance cutan\u00e9e et oculaire ; il ne pique pas les yeux.\u00a0<\/p>\n<p>ABCDerm est la premi\u00e8re gamme Haute s\u00e9curit\u00e9 et Haute tol\u00e9rance qui respecte la sensibilit\u00e9 et la fragilit\u00e9 de la peau des b\u00e9b\u00e9s et des enfants gr\u00e2ce \u00e0 une charte de formulation dermatologique rigoureuse aux engagements forts : S\u00e9curit\u00e9, Efficacit\u00e9, Tol\u00e9rance, Tra\u00e7abilit\u00e9.\u00a0<\/p>\n<p>Sans paraben,\u00a0<br \/>Sans savon.\u00a0<br \/>Convient d\u00e8s la naissance, hors nourrissons pr\u00e9matur\u00e9s.<\/p>","protected":false},"featured_media":22915,"template":"","meta":{"arc_restricted_post":false},"product_cat":[330,48],"product_tag":[],"_links":{"self":[{"href":"https:\/\/www.sopha-sahara.com\/en\/wp-json\/wp\/v2\/product\/22829"}],"collection":[{"href":"https:\/\/www.sopha-sahara.com\/en\/wp-json\/wp\/v2\/product"}],"about":[{"href":"https:\/\/www.sopha-sahara.com\/en\/wp-json\/wp\/v2\/types\/product"}],"wp:featuredmedia":[{"embeddable":true,"href":"https:\/\/www.sopha-sahara.com\/en\/wp-json\/wp\/v2\/media\/22915"}],"wp:attachment":[{"href":"https:\/\/www.sopha-sahara.com\/en\/wp-json\/wp\/v2\/media?parent=22829"}],"wp:term":[{"taxonomy":"product_cat","embeddable":true,"href":"https:\/\/www.sopha-sahara.com\/en\/wp-json\/wp\/v2\/product_cat?post=22829"},{"taxonomy":"product_tag","embeddable":true,"href":"https:\/\/www.sopha-sahara.com\/en\/wp-json\/wp\/v2\/product_tag?post=22829"}],"curies":[{"name":"wp","href":"https:\/\/api.w.org\/{rel}","templated":true}]}}