{"id":22828,"date":"2020-12-14T15:40:35","date_gmt":"2020-12-14T14:40:35","guid":{"rendered":"https:\/\/www.interbusinesschamber.com\/produit\/bioderma-node-ds-shampooing-antipelliculaire-intense-125-ml\/"},"modified":"2020-12-29T15:48:00","modified_gmt":"2020-12-29T14:48:00","slug":"bioderma-node-ds-shampooing-antipelliculaire-intense-125-ml","status":"publish","type":"product","link":"https:\/\/www.sopha-sahara.com\/en\/product\/bioderma-node-ds-shampooing-antipelliculaire-intense-125-ml\/","title":{"rendered":"BIODERMA NOD\u00c9 DS+ SHAMPOOING ANTIPELLICULAIRE INTENSE (125 ML)"},"content":{"rendered":"<p><strong>UTILISATION<\/strong>\u00a0<br \/>P\u00e9riode d\u2019attaque (3 semaines) : 3 shampooings\/semaine\u00a0<br \/>Entretien : 1 \u00e0 2 shampooings\/semaine\u00a0<br \/>Faites mousser Nod\u00e9 DS+ en massant d\u00e9licatement le cuir chevelu.\u00a0<br \/>Rincez et renouvelez l\u2019op\u00e9ration.\u00a0<br \/>Laissez agir 5 minutes, puis rincez abondamment.\u00a0<br \/>Evitez le contact avec les yeux.\u00a0<br \/>Ne pas utiliser chez l\u2019enfant en-dessous de 3 ans et chez la femme enceinte ou allaitante. En relais et\/ou en alternance, utilisez Nod\u00e9 Shampooing fluide non-d\u00e9tergent.\u00a0<\/p>\n<p><strong>COMPOSANTS<\/strong><br \/>Aqua, Sodium Laureth Sulfate, Sodium Cocoamphoacetate, Disodium Lauryl Sulfosuccinate, Sodium Cocoyl Isethionate, PEG-60 Almond Glycerides, Cetearyl Alcohol, Zea Mays Starch, PEG-200 Hydrogenated Glyceryl Palmate, Sodium Shale Oil Sulfonate, Climbazole, Salicylic Acid, Piroctone Olamine, Juniperus Oxycedrus, Zinc Pyrithione, Lactic Acid, PEG-12 Dimethicone, PEG-7 Glyceryl Cocoate, Hydrogenated Castor Oil, Glycerin, Disodium EDTA, Polyquaternium-10, Acrylates\/Steareth-20 Methacrylate Copolymer, Sodium Chloride, Fructo-Oligosaccharides, Mannitol, Xylitol, Rhamnose, Titanium Dioxide, Sodium Hydroxide.\u00a0<\/p>","protected":false},"excerpt":{"rendered":"<p>Pellicules persistantes\u00a0<br \/>D\u00e9mangeaisons\u00a0<br \/>CHEVEUX ET CUIR CHEVELUADULTEADOENFANT\u00a0<\/p>\n<p>Nod\u00e9 DS+ Shampooing Cr\u00e8me de Bioderma assainit le cuir chevelu tout en r\u00e9duisant les d\u00e9mangeaisons et les irritations.\u00a0<br \/>Base lavante douce, respecte l&rsquo;int\u00e9grit\u00e9 du cuir chevelu et du cheveux.\u00a0<\/p>\n<p>Ne pas utiliser chez l&rsquo;enfant (pr\u00e9sence d&rsquo; acide salcyque).\u00a0<\/p>","protected":false},"featured_media":22957,"template":"","meta":{"arc_restricted_post":false},"product_cat":[330,48],"product_tag":[],"_links":{"self":[{"href":"https:\/\/www.sopha-sahara.com\/en\/wp-json\/wp\/v2\/product\/22828"}],"collection":[{"href":"https:\/\/www.sopha-sahara.com\/en\/wp-json\/wp\/v2\/product"}],"about":[{"href":"https:\/\/www.sopha-sahara.com\/en\/wp-json\/wp\/v2\/types\/product"}],"wp:featuredmedia":[{"embeddable":true,"href":"https:\/\/www.sopha-sahara.com\/en\/wp-json\/wp\/v2\/media\/22957"}],"wp:attachment":[{"href":"https:\/\/www.sopha-sahara.com\/en\/wp-json\/wp\/v2\/media?parent=22828"}],"wp:term":[{"taxonomy":"product_cat","embeddable":true,"href":"https:\/\/www.sopha-sahara.com\/en\/wp-json\/wp\/v2\/product_cat?post=22828"},{"taxonomy":"product_tag","embeddable":true,"href":"https:\/\/www.sopha-sahara.com\/en\/wp-json\/wp\/v2\/product_tag?post=22828"}],"curies":[{"name":"wp","href":"https:\/\/api.w.org\/{rel}","templated":true}]}}