{"id":22827,"date":"2020-12-14T15:40:35","date_gmt":"2020-12-14T14:40:35","guid":{"rendered":"https:\/\/www.interbusinesschamber.com\/produit\/bioderma-photoderm-sensitive-50\/"},"modified":"2020-12-29T16:21:49","modified_gmt":"2020-12-29T15:21:49","slug":"bioderma-photoderm-sensitive-50","status":"publish","type":"product","link":"https:\/\/www.sopha-sahara.com\/en\/product\/bioderma-photoderm-sensitive-50\/","title":{"rendered":"BIODERMA PHOTODERM SENSITIVE 50+"},"content":{"rendered":"","protected":false},"excerpt":{"rendered":"<p>Photoderm SENSITIVE offre une protection anti-UVA et anti-UVB extr\u00eame : SPF 50+\/UVA 50.<\/p>\n<p>Innovation BIODERMA, le brevet exclusif D\u00e9fense Active contenu dans Photoderm SENSITIVE augmente le seuil de tol\u00e9rance cutan\u00e9e face au soleil par une double action biologique :<\/p>\n<p>1. La protection des cellules cutan\u00e9es, en limitant l\u2019apparition des \u00ab sunburn cells \u00bb et en pr\u00e9servant les propri\u00e9t\u00e9s anti-inflammatoires endog\u00e8nes de la peau. Ce qui diminue l\u2019amplification du processus inflammatoire induits par UVA-UVB.<\/p>\n<p>2. La pr\u00e9servation de l\u2019int\u00e9grit\u00e9 de l\u2019ADN des cellules de la peau lors d\u2019une irradiation solaire. Comment ? En activant les d\u00e9fenses naturelles de la peau et en limitant la production par les UVA de radicaux libres, ce qui est particuli\u00e8rement recherch\u00e9 chez les personnes pr\u00e9sentant une d\u00e9ficience des moyens de r\u00e9paration de l\u2019ADN.<\/p>","protected":false},"featured_media":22976,"template":"","meta":{"arc_restricted_post":false},"product_cat":[330,48],"product_tag":[],"_links":{"self":[{"href":"https:\/\/www.sopha-sahara.com\/en\/wp-json\/wp\/v2\/product\/22827"}],"collection":[{"href":"https:\/\/www.sopha-sahara.com\/en\/wp-json\/wp\/v2\/product"}],"about":[{"href":"https:\/\/www.sopha-sahara.com\/en\/wp-json\/wp\/v2\/types\/product"}],"wp:featuredmedia":[{"embeddable":true,"href":"https:\/\/www.sopha-sahara.com\/en\/wp-json\/wp\/v2\/media\/22976"}],"wp:attachment":[{"href":"https:\/\/www.sopha-sahara.com\/en\/wp-json\/wp\/v2\/media?parent=22827"}],"wp:term":[{"taxonomy":"product_cat","embeddable":true,"href":"https:\/\/www.sopha-sahara.com\/en\/wp-json\/wp\/v2\/product_cat?post=22827"},{"taxonomy":"product_tag","embeddable":true,"href":"https:\/\/www.sopha-sahara.com\/en\/wp-json\/wp\/v2\/product_tag?post=22827"}],"curies":[{"name":"wp","href":"https:\/\/api.w.org\/{rel}","templated":true}]}}