{"id":22826,"date":"2020-12-14T15:40:35","date_gmt":"2020-12-14T14:40:35","guid":{"rendered":"https:\/\/www.interbusinesschamber.com\/produit\/bioderma-sebium-global-soin-intense-purifiant-30ml\/"},"modified":"2020-12-29T16:32:42","modified_gmt":"2020-12-29T15:32:42","slug":"bioderma-sebium-global-soin-intense-purifiant-30ml","status":"publish","type":"product","link":"https:\/\/www.sopha-sahara.com\/en\/product\/bioderma-sebium-global-soin-intense-purifiant-30ml\/","title":{"rendered":"BIODERMA S\u00c9BIUM GLOBAL &#8211; SOIN INTENSE PURIFIANT 30ML"},"content":{"rendered":"<p><strong>UTILISATION<\/strong>\u00a0<br \/>Matin et\/ou soir \u2013 7 jours\/7\u00a0<br \/>Appliquez S\u00e9bium Global sur votre peau nettoy\u00e9e avec S\u00e9bium Gel moussant ou S\u00e9bium H2O.\u00a0<br \/>Evitez le contact avec les yeux.\u00a0<br \/>En cas de persistance des sympt\u00f4mes, consultez votre pharmacien ou votre m\u00e9decin.<\/p>","protected":false},"excerpt":{"rendered":"<p>Bioderma S\u00e9bium Global 30 ml\u00a0<br \/>Le 1er soin qui \u00e9limine boutons et points noirs en agissant biologiquement sur les causes et cons\u00e9quences de ces imperfections\u00a0<\/p>\n<p>Elimine biologiquement boutons et points noirs\u00a0<br \/>Limite les marques cicatricielles\u00a0<br \/>Am\u00e9liore la nettet\u00e9 de la peau\u00a0<br \/>Apaise imm\u00e9diatement\u00a0<br \/>Permet le maquillage\u00a0<\/p>","protected":false},"featured_media":22988,"template":"","meta":{"arc_restricted_post":false},"product_cat":[330,48],"product_tag":[],"_links":{"self":[{"href":"https:\/\/www.sopha-sahara.com\/en\/wp-json\/wp\/v2\/product\/22826"}],"collection":[{"href":"https:\/\/www.sopha-sahara.com\/en\/wp-json\/wp\/v2\/product"}],"about":[{"href":"https:\/\/www.sopha-sahara.com\/en\/wp-json\/wp\/v2\/types\/product"}],"wp:featuredmedia":[{"embeddable":true,"href":"https:\/\/www.sopha-sahara.com\/en\/wp-json\/wp\/v2\/media\/22988"}],"wp:attachment":[{"href":"https:\/\/www.sopha-sahara.com\/en\/wp-json\/wp\/v2\/media?parent=22826"}],"wp:term":[{"taxonomy":"product_cat","embeddable":true,"href":"https:\/\/www.sopha-sahara.com\/en\/wp-json\/wp\/v2\/product_cat?post=22826"},{"taxonomy":"product_tag","embeddable":true,"href":"https:\/\/www.sopha-sahara.com\/en\/wp-json\/wp\/v2\/product_tag?post=22826"}],"curies":[{"name":"wp","href":"https:\/\/api.w.org\/{rel}","templated":true}]}}