{"id":22825,"date":"2020-12-14T15:40:35","date_gmt":"2020-12-14T14:40:35","guid":{"rendered":"https:\/\/www.interbusinesschamber.com\/produit\/bioderma-atoderm-creme-lavante-500ml\/"},"modified":"2020-12-29T15:09:00","modified_gmt":"2020-12-29T14:09:00","slug":"bioderma-atoderm-creme-lavante-500ml","status":"publish","type":"product","link":"https:\/\/www.sopha-sahara.com\/en\/product\/bioderma-atoderm-creme-lavante-500ml\/","title":{"rendered":"BIODERMA ATODERM CREME LAVANTE 500ML"},"content":{"rendered":"<p><strong>UTILISATION :\u00a0<\/strong><br \/>Appliquer la cr\u00e8me lavante Atoderm sur la peau mouill\u00e9e, masser d\u00e9licatement pour faire mousser puis rincer soigneusement. Faire suivre par l'application de la cr\u00e8me nourrissante Atoderm.<\/p>","protected":false},"excerpt":{"rendered":"<p>Bioderma atoderm cr\u00e8me lavante indiqu\u00e9e pour l&rsquo;hygi\u00e8ne quotidienne de la peau sensible et s\u00e8che \u00e0 tr\u00e8s s\u00e8ches du visage et du corps. Elle convient pour l&rsquo;hygi\u00e8ne de l&rsquo;adulte, de l&rsquo;enfant et du nourrisson.\u00a0<\/p>","protected":false},"featured_media":22931,"template":"","meta":{"arc_restricted_post":false},"product_cat":[330,48],"product_tag":[],"_links":{"self":[{"href":"https:\/\/www.sopha-sahara.com\/en\/wp-json\/wp\/v2\/product\/22825"}],"collection":[{"href":"https:\/\/www.sopha-sahara.com\/en\/wp-json\/wp\/v2\/product"}],"about":[{"href":"https:\/\/www.sopha-sahara.com\/en\/wp-json\/wp\/v2\/types\/product"}],"wp:featuredmedia":[{"embeddable":true,"href":"https:\/\/www.sopha-sahara.com\/en\/wp-json\/wp\/v2\/media\/22931"}],"wp:attachment":[{"href":"https:\/\/www.sopha-sahara.com\/en\/wp-json\/wp\/v2\/media?parent=22825"}],"wp:term":[{"taxonomy":"product_cat","embeddable":true,"href":"https:\/\/www.sopha-sahara.com\/en\/wp-json\/wp\/v2\/product_cat?post=22825"},{"taxonomy":"product_tag","embeddable":true,"href":"https:\/\/www.sopha-sahara.com\/en\/wp-json\/wp\/v2\/product_tag?post=22825"}],"curies":[{"name":"wp","href":"https:\/\/api.w.org\/{rel}","templated":true}]}}