{"id":22824,"date":"2020-12-14T15:40:35","date_gmt":"2020-12-14T14:40:35","guid":{"rendered":"https:\/\/www.interbusinesschamber.com\/produit\/bioderma-cicabio-lotion-reparatrice-assechante-flacon-40-ml\/"},"modified":"2020-12-29T15:30:53","modified_gmt":"2020-12-29T14:30:53","slug":"bioderma-cicabio-lotion-reparatrice-assechante-flacon-40-ml","status":"publish","type":"product","link":"https:\/\/www.sopha-sahara.com\/en\/product\/bioderma-cicabio-lotion-reparatrice-assechante-flacon-40-ml\/","title":{"rendered":"BIODERMA CICABIO LOTION R\u00c9PARATRICE ASS\u00c9CHANTE FLACON 40 ML"},"content":{"rendered":"<p><strong>Conseil d'utilisation :<\/strong>\u00a0<\/p>\n<p>\u2022 Veillez \u00e0 bien agiter le flacon de Cicabio Lotion avant emploi.\u00a0<br \/>Casser la tige d\u2019inviolabilit\u00e9.\u00a0<br \/>Tourner le bouchon jusqu\u2019au clic pour l\u2019ouvrir et le refermer.\u00a0<br \/>\u2022 Appliquez Cicabio Lotion \u00e0 l\u2019aide d\u2019une gaze st\u00e9rile ou directement avec l\u2019embout, sur la zone l\u00e9s\u00e9e pr\u00e9alablement nettoy\u00e9e.\u00a0<br \/>\u2022 Utilisez Cicabio Lotion 2 fois par jour jusqu\u2019\u00e0 compl\u00e8te r\u00e9paration de la l\u00e9sion.\u00a0<br \/>\u2022 Cicabio Lotion peut s\u2019utiliser sur le visage et le corps.\u00a0<br \/>\u2022 Cicabio Lotion convient aux adultes et aux enfants.\u00a0<br \/>\u2022 Cicabio Lotion ne s\u2019utilise pas sur les muqueuses internes (l\u2019int\u00e9rieur de la bouche, le rectum, le vagin) et sur les l\u00e9sions saignantes.<\/p>","protected":false},"excerpt":{"rendered":"<p>\u2022 Cicabio Lotion ass\u00e8che les suintements et agit sur chaque \u00e9tape de la reconstruction \u00e9pidermique pour favoriser une parfaite r\u00e9paration.\u00a0<br \/>\u2022 L\u2019association de talc et de silice absorbe et neutralise les suintements.\u00a0<br \/>\u2022 Le Complexe Antalgicine\u00ae, innovation BIODERMA, soulage rapidement la sensation d\u2019inconfort et r\u00e9duit l\u2019incitation au grattage.\u00a0<br \/>\u2022 L\u2019association synergique de Resveratrol et de Cuivre favorise une restauration \u00e9pidermique de qualit\u00e9.\u00a0<br \/>\u2022 Le complexe naturel brevet\u00e9 D.A.F. (Dermatological Advanced Formulation) augmente le seuil de tol\u00e9rance de la peau.\u00a0<br \/>\u2022 R\u00e9par\u00e9e, apais\u00e9e, la blessure se fait oublier.\u00a0<\/p>","protected":false},"featured_media":22944,"template":"","meta":{"arc_restricted_post":false},"product_cat":[330,48],"product_tag":[],"_links":{"self":[{"href":"https:\/\/www.sopha-sahara.com\/en\/wp-json\/wp\/v2\/product\/22824"}],"collection":[{"href":"https:\/\/www.sopha-sahara.com\/en\/wp-json\/wp\/v2\/product"}],"about":[{"href":"https:\/\/www.sopha-sahara.com\/en\/wp-json\/wp\/v2\/types\/product"}],"wp:featuredmedia":[{"embeddable":true,"href":"https:\/\/www.sopha-sahara.com\/en\/wp-json\/wp\/v2\/media\/22944"}],"wp:attachment":[{"href":"https:\/\/www.sopha-sahara.com\/en\/wp-json\/wp\/v2\/media?parent=22824"}],"wp:term":[{"taxonomy":"product_cat","embeddable":true,"href":"https:\/\/www.sopha-sahara.com\/en\/wp-json\/wp\/v2\/product_cat?post=22824"},{"taxonomy":"product_tag","embeddable":true,"href":"https:\/\/www.sopha-sahara.com\/en\/wp-json\/wp\/v2\/product_tag?post=22824"}],"curies":[{"name":"wp","href":"https:\/\/api.w.org\/{rel}","templated":true}]}}