{"id":22823,"date":"2020-12-14T15:40:35","date_gmt":"2020-12-14T14:40:35","guid":{"rendered":"https:\/\/www.interbusinesschamber.com\/produit\/bioderma-sensibio-h2o-ar-anti-rougeurs-250-ml\/"},"modified":"2020-12-29T16:49:07","modified_gmt":"2020-12-29T15:49:07","slug":"bioderma-sensibio-h2o-ar-anti-rougeurs-250-ml","status":"publish","type":"product","link":"https:\/\/www.sopha-sahara.com\/en\/product\/bioderma-sensibio-h2o-ar-anti-rougeurs-250-ml\/","title":{"rendered":"BIODERMA SENSIBIO H2O AR ANTI-ROUGEURS 250 ML"},"content":{"rendered":"<p><strong>Conseils d'utilisation:\u00a0<\/strong><\/p>\n<p>\u2022Appliquer \u00e0 l'aide d'un coton pour nettoyez et\/ou d\u00e9maquillez votre visage et vos yeux, ne pas rincer.\u00a0<br \/>\u2022Renouvelez l'application jusqu'\u00e0 ce que le coton soit propre.\u00a0<br \/>\u2022Apr\u00e8s la toilette, utiliser une cr\u00e8me de la gamme Sensibio adapt\u00e9 \u00e0 votre peau pour un r\u00e9sultat optimal.\u00a0<\/p>","protected":false},"excerpt":{"rendered":"<p>Bioderma Sensibio H2O AR favorise la diminution des rougeurs d\u00e8s l&rsquo;hygi\u00e8ne.\u00a0<\/p>\n<p>\u2022Diminue et pr\u00e9vient biologiquement les rougeurs.\u00a0<\/p>\n<p>\u2022Nettoie et d\u00e9maquille parfaitement le visage et les yeux.\u00a0<\/p>\n<p>\u2022Apaise et d\u00e9congestionne.\u00a0<\/p>\n<p>\u2022 Sans rin\u00e7age.\u00a0<br \/>\u2022Sans parfum, sans alcool, sans parab\u00e8ne.\u00a0<br \/>\u2022Hypoallerg\u00e9nique.\u00a0<br \/>La peau est nettoy\u00e9e en douceur.<\/p>","protected":false},"featured_media":23006,"template":"","meta":{"arc_restricted_post":false},"product_cat":[330,48],"product_tag":[],"_links":{"self":[{"href":"https:\/\/www.sopha-sahara.com\/en\/wp-json\/wp\/v2\/product\/22823"}],"collection":[{"href":"https:\/\/www.sopha-sahara.com\/en\/wp-json\/wp\/v2\/product"}],"about":[{"href":"https:\/\/www.sopha-sahara.com\/en\/wp-json\/wp\/v2\/types\/product"}],"wp:featuredmedia":[{"embeddable":true,"href":"https:\/\/www.sopha-sahara.com\/en\/wp-json\/wp\/v2\/media\/23006"}],"wp:attachment":[{"href":"https:\/\/www.sopha-sahara.com\/en\/wp-json\/wp\/v2\/media?parent=22823"}],"wp:term":[{"taxonomy":"product_cat","embeddable":true,"href":"https:\/\/www.sopha-sahara.com\/en\/wp-json\/wp\/v2\/product_cat?post=22823"},{"taxonomy":"product_tag","embeddable":true,"href":"https:\/\/www.sopha-sahara.com\/en\/wp-json\/wp\/v2\/product_tag?post=22823"}],"curies":[{"name":"wp","href":"https:\/\/api.w.org\/{rel}","templated":true}]}}